{"id":63509,"date":"2023-12-15T18:21:58","date_gmt":"2023-12-15T16:21:58","guid":{"rendered":"https:\/\/peach-pump.com\/products\/%d0-2\/"},"modified":"2026-04-04T13:10:39","modified_gmt":"2026-04-04T11:10:39","slug":"cerny-prilehavy-overal","status":"publish","type":"product","link":"https:\/\/peach-pump.com\/cs\/products\/cerny-prilehavy-overal\/","title":{"rendered":"Pro\u0161\u00edvan\u00fd \u010dern\u00fd p\u0159il\u00e9hav\u00fd overal typu Catsuits"},"content":{"rendered":"<p>\u010cern\u00fd p\u0159il\u00e9hav\u00fd overal s m\u011bkkou pro\u0161\u00edvanou pod\u0161\u00edvkou, prody\u0161n\u00e1 tkanina, ide\u00e1ln\u00ed na tr\u00e9nink nebo proch\u00e1zky v chladn\u011bj\u0161\u00edm po\u010das\u00ed. Model je vybaven zipem, na vnit\u0159n\u00ed stran\u011b je n\u00e1pis Peach Pump a pogumovan\u00e9 logo broskve na rameni. Overal dokonale p\u0159il\u00e9h\u00e1 a t\u011blo modeluje ve tvaru p\u0159es\u00fdpac\u00edch hodin, zakr\u00fdv\u00e1 nedokonalosti. Model je vp\u0159edu beze\u0161v\u00fd Vhodn\u00fd i pro d\u00e1my vysok\u00e9 postavy.<\/p>\n<p>M\u00f3dn\u00ed kousek, kter\u00fd se stane nov\u00fdm obl\u00edben\u00fdm dopl\u0148kem va\u0161eho \u0161atn\u00edku. Bu\u010fte kr\u00e1sn\u00e1, atraktivn\u00ed a nezapomenuteln\u00e1 v Peach Pump.<\/p>\n<ul>\n<li>Pro\u0161\u00edvan\u00e1 m\u011bkk\u00e1 pod\u0161\u00edvka<\/li>\n<li>Prody\u0161n\u00e1 tkanina<\/li>\n<li>Skryt\u00e1 zna\u010dka Peach Pump<\/li>\n<li>Logo Peach Pump na rameni<\/li>\n<li>Model tvaruj\u00edc\u00ed postavu<\/li>\n<li>Elastick\u00e1 tkanina dokonale p\u0159il\u00e9haj\u00edc\u00ed k t\u011blu<\/li>\n<li>Bez \u0161vu v p\u0159edn\u00ed \u010d\u00e1sti<\/li>\n<li>Vhodn\u00fd i pro d\u00e1my vy\u0161\u0161\u00ed postavy<\/li>\n<\/ul>\n<p>Slo\u017een\u00ed: 80 % polyester, 20 % elastan.<\/p>\n<p>Overal lze pr\u00e1t na 30 stup\u0148\u016f, neb\u011blit a ne\u010distit chemicky.<\/p>\n<p>Prvn\u00ed modelka na fotografi\u00edch m\u011b\u0159\u00ed 167 cm, v\u00e1\u017e\u00ed 50 kg a m\u00e1 na sob\u011b velikost S.<\/p>\n<p>Druh\u00e1 modelka na fotografi\u00edch m\u011b\u0159\u00ed 178 cm, v\u00e1\u017e\u00ed 56 kg a m\u00e1 na sob\u011b velikost M.<\/p>\n","protected":false},"excerpt":{"rendered":"<p>\u010cern\u00fd p\u0159il\u00e9hav\u00fd overal s m\u011bkkou pro\u0161\u00edvanou pod\u0161\u00edvkou, prody\u0161n\u00e1 tkanina, ide\u00e1ln\u00ed na tr\u00e9nink nebo proch\u00e1zky v chladn\u011bj\u0161\u00edm po\u010das\u00ed. Model je vybaven zipem, na vnit\u0159n\u00ed stran\u011b je n\u00e1pis Peach Pump a pogumovan\u00e9 logo broskve na rameni. Overal dokonale p\u0159il\u00e9h\u00e1 a t\u011blo modeluje ve tvaru p\u0159es\u00fdpac\u00edch hodin, zakr\u00fdv\u00e1 nedokonalosti. Model je vp\u0159edu beze\u0161v\u00fd Vhodn\u00fd i pro d\u00e1my vysok\u00e9 [&hellip;]<\/p>\n","protected":false},"featured_media":76617,"comment_status":"open","ping_status":"closed","template":"","meta":[],"product_brand":[],"product_cat":[1125,347,349],"product_tag":[],"class_list":{"0":"post-63509","1":"product","2":"type-product","3":"status-publish","4":"has-post-thumbnail","6":"product_cat-sportovni-damske-overaly","7":"product_cat-damske-sportovni-outfity","8":"product_cat-sportovni-outfity-s-leginami","9":"pa_cviat-cerna","10":"pa_razmer-l-cs","11":"pa_razmer-m-cs","12":"pa_razmer-s-cs-2","13":"inventories-world","14":"inventories-pl","15":"inventories-uk","17":"first","18":"instock","19":"taxable","20":"shipping-taxable","21":"purchasable","22":"product-type-variable"},"_links":{"self":[{"href":"https:\/\/peach-pump.com\/en\/wp-json\/wp\/v2\/product\/63509","targetHints":{"allow":["GET"]}}],"collection":[{"href":"https:\/\/peach-pump.com\/en\/wp-json\/wp\/v2\/product"}],"about":[{"href":"https:\/\/peach-pump.com\/en\/wp-json\/wp\/v2\/types\/product"}],"replies":[{"embeddable":true,"href":"https:\/\/peach-pump.com\/en\/wp-json\/wp\/v2\/comments?post=63509"}],"version-history":[{"count":1,"href":"https:\/\/peach-pump.com\/en\/wp-json\/wp\/v2\/product\/63509\/revisions"}],"predecessor-version":[{"id":105954,"href":"https:\/\/peach-pump.com\/en\/wp-json\/wp\/v2\/product\/63509\/revisions\/105954"}],"wp:featuredmedia":[{"embeddable":true,"href":"https:\/\/peach-pump.com\/en\/wp-json\/wp\/v2\/media\/76617"}],"wp:attachment":[{"href":"https:\/\/peach-pump.com\/en\/wp-json\/wp\/v2\/media?parent=63509"}],"wp:term":[{"taxonomy":"product_brand","embeddable":true,"href":"https:\/\/peach-pump.com\/en\/wp-json\/wp\/v2\/product_brand?post=63509"},{"taxonomy":"product_cat","embeddable":true,"href":"https:\/\/peach-pump.com\/en\/wp-json\/wp\/v2\/product_cat?post=63509"},{"taxonomy":"product_tag","embeddable":true,"href":"https:\/\/peach-pump.com\/en\/wp-json\/wp\/v2\/product_tag?post=63509"}],"curies":[{"name":"wp","href":"https:\/\/api.w.org\/{rel}","templated":true}]}}