{"id":55955,"date":"2023-10-12T14:32:26","date_gmt":"2023-10-12T12:32:26","guid":{"rendered":"https:\/\/peach-pump.com\/products\/damska-sportovni-bunda-na-zip-s-kapsami-v-zelene-barve\/"},"modified":"2025-10-04T15:29:46","modified_gmt":"2025-10-04T13:29:46","slug":"damska-sportovni-bunda-zip-a-kapsy","status":"publish","type":"product","link":"https:\/\/peach-pump.com\/cs\/products\/damska-sportovni-bunda-zip-a-kapsy\/","title":{"rendered":"D\u00e1msk\u00e1 sportovn\u00ed bunda na zip s kapsami v zelen\u00e9 barv\u011b"},"content":{"rendered":"<p>D\u00e1msk\u00e1 sportovn\u00ed bunda se zap\u00edn\u00e1n\u00edm na zip a kapsami v m\u00f3dn\u00ed barv\u011b sez\u00f3ny &#8220;Lime&#8221; , je tak\u00e9 vybavena otvory na palce, tak\u017ee se v\u00e1m ruk\u00e1vy p\u0159i tr\u00e9ninku, b\u011bhu nebo j\u00edzd\u011b na kole nebudou vyhrnovat. St\u0159ih bundy je velmi kr\u00e1sn\u00fd, siluetu modeluje a je p\u0159il\u00e9hav\u00fd. Lze ji kombinovat s r\u016fzn\u00fdmi pastelov\u00fdmi leg\u00ednami nebo podprsenkami z kolekce Peach Pump.<\/p>\n<ul>\n<li>Elastick\u00e1 rychleschnouc\u00ed tkanina<\/li>\n<li>Tepeln\u00fd potisk loga Peach Pump na rameni<\/li>\n<li>Zap\u00edn\u00e1n\u00ed na zip<\/li>\n<li>Kapsy v p\u0159edn\u00ed \u010d\u00e1sti bundy<\/li>\n<li>Otvor na palec<\/li>\n<li>Tvaruj\u00edc\u00ed st\u0159ih<\/li>\n<\/ul>\n<p>Slo\u017een\u00ed: 80 % polyester 20 % elastan.<\/p>\n<p>Leg\u00edny lze pr\u00e1t na 30 stup\u0148\u016f, nepou\u017e\u00edvat b\u011blidla a ne\u010distit chemicky.<\/p>\n<p>Modelka na obr\u00e1zku m\u011b\u0159\u00ed 180 cm, v\u00e1\u017e\u00ed 57 kg a m\u00e1 na sob\u011b velikost S.<\/p>\n<p>Obvod hrudn\u00edku: S: 85-90cm \/ M: 90-95cm \/ L: 95-100cm<\/p>\n","protected":false},"excerpt":{"rendered":"<p>D\u00e1msk\u00e1 sportovn\u00ed bunda se zap\u00edn\u00e1n\u00edm na zip a kapsami v m\u00f3dn\u00ed barv\u011b sez\u00f3ny &#8220;Lime&#8221; , je tak\u00e9 vybavena otvory na palce, tak\u017ee se v\u00e1m ruk\u00e1vy p\u0159i tr\u00e9ninku, b\u011bhu nebo j\u00edzd\u011b na kole nebudou vyhrnovat. St\u0159ih bundy je velmi kr\u00e1sn\u00fd, siluetu modeluje a je p\u0159il\u00e9hav\u00fd. Lze ji kombinovat s r\u016fzn\u00fdmi pastelov\u00fdmi leg\u00ednami nebo podprsenkami z kolekce [&hellip;]<\/p>\n","protected":false},"featured_media":52816,"comment_status":"open","ping_status":"closed","template":"","meta":[],"product_brand":[],"product_cat":[920,345],"product_tag":[],"class_list":{"0":"post-55955","1":"product","2":"type-product","3":"status-publish","4":"has-post-thumbnail","6":"product_cat-damske-bundy","7":"product_cat-damske-sportovni-topy-tilko","8":"pa_razmer-l-cs","9":"pa_razmer-m-cs","10":"pa_razmer-s-cs-2","11":"inventories-world","12":"inventories-uk","14":"first","15":"instock","16":"taxable","17":"shipping-taxable","18":"purchasable","19":"product-type-variable"},"_links":{"self":[{"href":"https:\/\/peach-pump.com\/cs\/wp-json\/wp\/v2\/product\/55955","targetHints":{"allow":["GET"]}}],"collection":[{"href":"https:\/\/peach-pump.com\/cs\/wp-json\/wp\/v2\/product"}],"about":[{"href":"https:\/\/peach-pump.com\/cs\/wp-json\/wp\/v2\/types\/product"}],"replies":[{"embeddable":true,"href":"https:\/\/peach-pump.com\/cs\/wp-json\/wp\/v2\/comments?post=55955"}],"version-history":[{"count":0,"href":"https:\/\/peach-pump.com\/cs\/wp-json\/wp\/v2\/product\/55955\/revisions"}],"wp:featuredmedia":[{"embeddable":true,"href":"https:\/\/peach-pump.com\/cs\/wp-json\/wp\/v2\/media\/52816"}],"wp:attachment":[{"href":"https:\/\/peach-pump.com\/cs\/wp-json\/wp\/v2\/media?parent=55955"}],"wp:term":[{"taxonomy":"product_brand","embeddable":true,"href":"https:\/\/peach-pump.com\/cs\/wp-json\/wp\/v2\/product_brand?post=55955"},{"taxonomy":"product_cat","embeddable":true,"href":"https:\/\/peach-pump.com\/cs\/wp-json\/wp\/v2\/product_cat?post=55955"},{"taxonomy":"product_tag","embeddable":true,"href":"https:\/\/peach-pump.com\/cs\/wp-json\/wp\/v2\/product_tag?post=55955"}],"curies":[{"name":"wp","href":"https:\/\/api.w.org\/{rel}","templated":true}]}}