{"id":51398,"date":"2023-09-03T14:24:41","date_gmt":"2023-09-03T12:24:41","guid":{"rendered":"https:\/\/peach-pump.com\/products\/cerna-bezesva-sportovni-souprava-z-pevne-zebrovane-tkaniny\/"},"modified":"2025-10-04T15:29:07","modified_gmt":"2025-10-04T13:29:07","slug":"cerna-bezesva-souprava-pevne-leginy","status":"publish","type":"product","link":"https:\/\/peach-pump.com\/cs\/products\/cerna-bezesva-souprava-pevne-leginy\/","title":{"rendered":"\u010cern\u00e1 beze\u0161v\u00e1 souprava &#8211; pevn\u00e9 leg\u00edny a top"},"content":{"rendered":"<p>\u010cern\u00e1 beze\u0161v\u00e1 souprava, pevn\u00e9 leg\u00edny a top s dlouh\u00fdm ruk\u00e1vem do posilovny. Tento zaj\u00edmav\u00fd vzor m\u00e1model je vyroben ze \u017eebrovan\u00e9 tkaniny a kr\u00e1sn\u011b k t\u011blu p\u0159il\u00e9h\u00e1. Top m\u00e1 vykrojen\u00fd v\u00fdst\u0159ih a je vhodn\u00fd na chladn\u011bj\u0161\u00ed podzimn\u00ed\/zimn\u00ed po\u010das\u00ed, zal\u00edb\u00ed se V\u00e1m jej\u00ed hebkost a zp\u016fsob, jak\u00fdm pohlad\u00ed va\u0161e t\u011blo. Leg\u00edny jsou vyrobeny z pevn\u011bj\u0161\u00ed, elastick\u00e9 tkaniny, maj\u00ed \u0161irok\u00fd pas a n\u00e1\u0161 obl\u00edben\u00fd zvedaj\u00edc\u00ed a tvaruj\u00edc\u00ed efekt Peach Pump. Budete ohromeni hebkost\u00ed , teplem a zp\u016fsobem, jak\u00fdm tvaruje va\u0161i postavu. R\u016fzn\u00e9 barvy.<\/p>\n<p>Top:<\/p>\n<ul>\n<li>\u017debrovan\u00fd materi\u00e1l<\/li>\n<li>Tepeln\u00fd potisk &#8220;Peach Pump&#8221; na rameni<\/li>\n<li>Velk\u00e1 pru\u017enost<\/li>\n<li> Beze\u0161v\u00fd \u017eebrovan\u00fd materi\u00e1l<\/li>\n<\/ul>\n<p>Leg\u00edny:<\/p>\n<ul>\n<li> Zvedaj\u00ed, vytvaruj\u00ed, zakr\u00fdvaj\u00ed probl\u00e9mov\u00e9 oblasti<\/li>\n<li> Pevn\u011bj\u0161\u00ed<\/li>\n<li> \u017debrovan\u00fd d\u00edl obep\u00ednaj\u00edc\u00ed pas<\/li>\n<li> Broskvov\u00fd efekt<\/li>\n<li> Bez \u0161vu v p\u0159edn\u00ed \u010d\u00e1sti<\/li>\n<li> Tepeln\u00fd potisk loga Peach Pump na zadn\u00ed stran\u011b leg\u00edn<\/li>\n<li> Materi\u00e1l odv\u00e1d\u011bj\u00edc\u00ed vlhkost<\/li>\n<li> Zaj\u00edmav\u00fd design<\/li>\n<li> Vysok\u00fd pas<\/li>\n<\/ul>\n<p>80 % polyester, 20 % spandex Modelka na obr\u00e1zku je vysok\u00e1 178 cm, v\u00e1\u017e\u00ed 54 kg a p\u00f3zuje ve velikosti M pro top a leg\u00edny.<\/p>\n<p>Leg\u00edny a top lze pr\u00e1t na 30 stup\u0148\u016f, nepou\u017e\u00edvat b\u011blidla a ne\u010distit chemicky.<\/p>\n","protected":false},"excerpt":{"rendered":"<p>\u010cern\u00e1 beze\u0161v\u00e1 souprava, pevn\u00e9 leg\u00edny a top s dlouh\u00fdm ruk\u00e1vem do posilovny. Tento zaj\u00edmav\u00fd vzor m\u00e1model je vyroben ze \u017eebrovan\u00e9 tkaniny a kr\u00e1sn\u011b k t\u011blu p\u0159il\u00e9h\u00e1. Top m\u00e1 vykrojen\u00fd v\u00fdst\u0159ih a je vhodn\u00fd na chladn\u011bj\u0161\u00ed podzimn\u00ed\/zimn\u00ed po\u010das\u00ed, zal\u00edb\u00ed se V\u00e1m jej\u00ed hebkost a zp\u016fsob, jak\u00fdm pohlad\u00ed va\u0161e t\u011blo. Leg\u00edny jsou vyrobeny z pevn\u011bj\u0161\u00ed, elastick\u00e9 tkaniny, [&hellip;]<\/p>\n","protected":false},"featured_media":50049,"comment_status":"open","ping_status":"closed","template":"","meta":[],"product_brand":[],"product_cat":[347,349],"product_tag":[],"class_list":{"0":"post-51398","1":"product","2":"type-product","3":"status-publish","4":"has-post-thumbnail","6":"product_cat-damske-sportovni-outfity","7":"product_cat-sportovni-outfity-s-leginami","8":"pa_cviat-cerna","9":"pa_razmer-l-cs","10":"pa_razmer-m-cs","11":"pa_razmer-s-cs-2","12":"inventories-world","13":"inventories-uk","15":"first","16":"instock","17":"virtual","18":"taxable","19":"purchasable","20":"product-type-yith_bundle"},"_links":{"self":[{"href":"https:\/\/peach-pump.com\/en\/wp-json\/wp\/v2\/product\/51398","targetHints":{"allow":["GET"]}}],"collection":[{"href":"https:\/\/peach-pump.com\/en\/wp-json\/wp\/v2\/product"}],"about":[{"href":"https:\/\/peach-pump.com\/en\/wp-json\/wp\/v2\/types\/product"}],"replies":[{"embeddable":true,"href":"https:\/\/peach-pump.com\/en\/wp-json\/wp\/v2\/comments?post=51398"}],"version-history":[{"count":0,"href":"https:\/\/peach-pump.com\/en\/wp-json\/wp\/v2\/product\/51398\/revisions"}],"wp:featuredmedia":[{"embeddable":true,"href":"https:\/\/peach-pump.com\/en\/wp-json\/wp\/v2\/media\/50049"}],"wp:attachment":[{"href":"https:\/\/peach-pump.com\/en\/wp-json\/wp\/v2\/media?parent=51398"}],"wp:term":[{"taxonomy":"product_brand","embeddable":true,"href":"https:\/\/peach-pump.com\/en\/wp-json\/wp\/v2\/product_brand?post=51398"},{"taxonomy":"product_cat","embeddable":true,"href":"https:\/\/peach-pump.com\/en\/wp-json\/wp\/v2\/product_cat?post=51398"},{"taxonomy":"product_tag","embeddable":true,"href":"https:\/\/peach-pump.com\/en\/wp-json\/wp\/v2\/product_tag?post=51398"}],"curies":[{"name":"wp","href":"https:\/\/api.w.org\/{rel}","templated":true}]}}