{"id":46594,"date":"2023-06-12T00:08:10","date_gmt":"2023-06-11T22:08:10","guid":{"rendered":"https:\/\/peach-pump.com\/products\/ruzove-leginy-s-vysokym-pasem-a-efektem-peach-pump\/"},"modified":"2025-06-21T15:10:23","modified_gmt":"2025-06-21T13:10:23","slug":"ruzove-bezesve-leginy-s-vysokym-pasem","status":"publish","type":"product","link":"https:\/\/peach-pump.com\/cs\/products\/ruzove-bezesve-leginy-s-vysokym-pasem\/","title":{"rendered":"R\u016f\u017eov\u00e9 beze\u0161v\u00e9 leg\u00edny s vysok\u00fdm pasem a efektem Peach Pump"},"content":{"rendered":"<p>D\u00e1msk\u00e9 r\u016f\u017eov\u00e9 beze\u0161v\u00e9 leg\u00edny z prody\u0161n\u00e9 tkaniny, \u0161irok\u00fd \u017eebrovan\u00fd vysok\u00fd p\u00e1s, kter\u00fd siluetu jemn\u011b stahuje a modeluje. Tento druh leg\u00edn je beze\u0161v\u00fd a extra pru\u017en\u00fd, je tedy velice pohodln\u00fd na jak\u00e9koli sportovn\u00ed nebo volno\u010dasov\u00e9 aktivity. Velmi dob\u0159e se t\u011blu p\u0159izp\u016fsobuj\u00ed a jejich no\u0161en\u00ed je skute\u010dn\u00fdm pot\u011b\u0161en\u00edm. Barva leg\u00edn je ide\u00e1ln\u00ed na l\u00e9to, dod\u00e1 n\u00e1ladu a barevnost do va\u0161eho sportovn\u00edho \u0161atn\u00edku. M\u016f\u017eete je zkombinovat se sportovn\u00edm topem, bustierem nebo dopl\u0148kem z kolekce Peach Pump, kter\u00fd dokonale dopln\u00ed v\u00e1\u0161 sportovn\u00ed komplet.  <\/p>\n<ul>\n<li>Vysok\u00fd pas<\/li>\n<li>Beze\u0161v\u00e1 tkanina<\/li>\n<li>Zvedaj\u00ed, vytvaruj\u00ed, zakr\u00fdvaj\u00ed probl\u00e9mov\u00e9 oblasti<\/li>\n<li>\u017debrovan\u00fd d\u00edl v pase, kter\u00fd pas obep\u00edn\u00e1<\/li>\n<li>Broskvov\u00fd efekt<\/li>\n<li>Bez \u0161vu vp\u0159edu<\/li>\n<li>Tepeln\u00fd potisk loga Peach Pump na zadn\u00ed stran\u011b leg\u00edn<\/li>\n<li>Materi\u00e1l odv\u00e1d\u011bj\u00edc\u00ed vlhkost od t\u011bla<\/li>\n<\/ul>\n<p> Slo\u017een\u00ed: 80 % polyester 20 % spandex Leg\u00edny lze pr\u00e1t na 30 stup\u0148\u016f, neb\u011blit a ne\u010distit chemicky. Modelka na obr\u00e1zku je vysok\u00e1 178 cm, v\u00e1\u017e\u00ed 54 kg a p\u00f3zuje ve velikosti S. ( Leg\u00edny jsou velmi elastick\u00e9 ) Pro v\u00fdb\u011br p\u0159esn\u00e9 velikosti pou\u017eijte pros\u00edm tabulky.<\/p>\n","protected":false},"excerpt":{"rendered":"<p>D\u00e1msk\u00e9 r\u016f\u017eov\u00e9 beze\u0161v\u00e9 leg\u00edny z prody\u0161n\u00e9 tkaniny, \u0161irok\u00fd \u017eebrovan\u00fd vysok\u00fd p\u00e1s, kter\u00fd siluetu jemn\u011b stahuje a modeluje. Tento druh leg\u00edn je beze\u0161v\u00fd a extra pru\u017en\u00fd, je tedy velice pohodln\u00fd na jak\u00e9koli sportovn\u00ed nebo volno\u010dasov\u00e9 aktivity. Velmi dob\u0159e se t\u011blu p\u0159izp\u016fsobuj\u00ed a jejich no\u0161en\u00ed je skute\u010dn\u00fdm pot\u011b\u0161en\u00edm. Barva leg\u00edn je ide\u00e1ln\u00ed na l\u00e9to, dod\u00e1 n\u00e1ladu a [&hellip;]<\/p>\n","protected":false},"featured_media":42447,"comment_status":"open","ping_status":"closed","template":"","meta":[],"product_brand":[],"product_cat":[137,296],"product_tag":[],"class_list":{"0":"post-46594","1":"product","2":"type-product","3":"status-publish","4":"has-post-thumbnail","6":"product_cat-damske-sportovni-leginy","7":"product_cat-damske-leginy-dlouhe","8":"pa_cviat-ruzovy","9":"pa_razmer-l-cs","10":"pa_razmer-m-cs","11":"pa_razmer-s-cs-2","12":"inventories-world","13":"inventories-uk","15":"first","16":"instock","17":"taxable","18":"shipping-taxable","19":"purchasable","20":"product-type-variable"},"_links":{"self":[{"href":"https:\/\/peach-pump.com\/en\/wp-json\/wp\/v2\/product\/46594","targetHints":{"allow":["GET"]}}],"collection":[{"href":"https:\/\/peach-pump.com\/en\/wp-json\/wp\/v2\/product"}],"about":[{"href":"https:\/\/peach-pump.com\/en\/wp-json\/wp\/v2\/types\/product"}],"replies":[{"embeddable":true,"href":"https:\/\/peach-pump.com\/en\/wp-json\/wp\/v2\/comments?post=46594"}],"version-history":[{"count":0,"href":"https:\/\/peach-pump.com\/en\/wp-json\/wp\/v2\/product\/46594\/revisions"}],"wp:featuredmedia":[{"embeddable":true,"href":"https:\/\/peach-pump.com\/en\/wp-json\/wp\/v2\/media\/42447"}],"wp:attachment":[{"href":"https:\/\/peach-pump.com\/en\/wp-json\/wp\/v2\/media?parent=46594"}],"wp:term":[{"taxonomy":"product_brand","embeddable":true,"href":"https:\/\/peach-pump.com\/en\/wp-json\/wp\/v2\/product_brand?post=46594"},{"taxonomy":"product_cat","embeddable":true,"href":"https:\/\/peach-pump.com\/en\/wp-json\/wp\/v2\/product_cat?post=46594"},{"taxonomy":"product_tag","embeddable":true,"href":"https:\/\/peach-pump.com\/en\/wp-json\/wp\/v2\/product_tag?post=46594"}],"curies":[{"name":"wp","href":"https:\/\/api.w.org\/{rel}","templated":true}]}}