{"id":35863,"date":"2023-03-01T20:40:52","date_gmt":"2023-03-01T18:40:52","guid":{"rendered":"https:\/\/peach-pump.com\/products\/bezesve-damske-leginy-tmave-ruzove-koralove-barvy\/"},"modified":"2026-04-06T22:17:15","modified_gmt":"2026-04-06T20:17:15","slug":"bezesve-damske-leginy-tmave-ruzove","status":"publish","type":"product","link":"https:\/\/peach-pump.com\/cs\/products\/bezesve-damske-leginy-tmave-ruzove\/","title":{"rendered":"Beze\u0161v\u00e9 d\u00e1msk\u00e9 leg\u00edny tmav\u011b r\u016f\u017eov\u00e9 \/kor\u00e1lov\u00e9\/ barvy"},"content":{"rendered":"<p>Beze\u0161v\u00e9 d\u00e1msk\u00e9 leg\u00edny s vysok\u00fdm pasem tmav\u011b r\u016f\u017eov\u00e9 (kor\u00e1lov\u00e9) barvy. Jsou vyrobeny z pru\u017en\u00e9, prody\u0161n\u00e9 tkaniny, dokonale postavu vytvaruj\u00ed efektem Peach Pump. Jsou vhodn\u00e9 na silov\u00fd i aerobn\u00ed tr\u00e9nink. Leg\u00edny jsou vybaveny \u0161irok\u00fdm p\u00e1skem, kter\u00fd pas jemn\u011b obep\u00edn\u00e1 a modeluje a jsou k dispozici v n\u011bkolika kr\u00e1sn\u00fdch barv\u00e1ch. <\/p>\n<ul>\n<li> Vysok\u00fd pas<\/li>\n<li> Beze\u0161v\u00e1 tkanina<\/li>\n<li> Zvedaj\u00ed, vytvaruj\u00ed, zakr\u00fdvaj\u00ed probl\u00e9mov\u00e9 oblasti<\/li>\n<li> \u017debrovan\u00fd d\u00edl obep\u00ednaj\u00edc\u00ed pas<\/li>\n<li> Broskvov\u00fd efekt<\/li>\n<li> Bez \u0161vu vp\u0159edu<\/li>\n<li> Tepeln\u00fd potisk loga Peach Pump na zadn\u00ed stran\u011b leg\u00edn<\/li>\n<li> Technologie odv\u00e1d\u011bn\u00ed vlhkosti<\/li>\n<\/ul>\n<p>  Slo\u017een\u00ed 80% polyester 20% spandex Leg\u00edny lze pr\u00e1t p\u0159i teplot\u011b do 30 stup\u0148\u016f, neb\u011blit a ne\u010distit chemicky Modelka na obr\u00e1zku je vysok\u00e1 178 cm, v\u00e1\u017e\u00ed 54 kg a p\u00f3zuje ve velikosti M (leg\u00edny jsou z p\u0159il\u00e9hav\u011bj\u0161\u00edho materi\u00e1lu) Pro v\u00fdb\u011br p\u0159esn\u00e9 velikosti pou\u017eijte pros\u00edm tabulky.  \t\t<div id=\"sbi_mod_error\" >\n\t\t\t<span>This error message is only visible to WordPress admins<\/span><br\/>\n\t\t\t<p><strong>Error: No connected account.<\/strong>\n\t\t\t<p>Please go to the Instagram Feed settings page to connect an account.<\/p>\n\t\t<\/div>\n\t\t<\/p>\n","protected":false},"excerpt":{"rendered":"<p>Beze\u0161v\u00e9 d\u00e1msk\u00e9 leg\u00edny s vysok\u00fdm pasem tmav\u011b r\u016f\u017eov\u00e9 (kor\u00e1lov\u00e9) barvy. Jsou vyrobeny z pru\u017en\u00e9, prody\u0161n\u00e9 tkaniny, dokonale postavu vytvaruj\u00ed efektem Peach Pump. Jsou vhodn\u00e9 na silov\u00fd i aerobn\u00ed tr\u00e9nink. Leg\u00edny jsou vybaveny \u0161irok\u00fdm p\u00e1skem, kter\u00fd pas jemn\u011b obep\u00edn\u00e1 a modeluje a jsou k dispozici v n\u011bkolika kr\u00e1sn\u00fdch barv\u00e1ch. Vysok\u00fd pas Beze\u0161v\u00e1 tkanina Zvedaj\u00ed, vytvaruj\u00ed, zakr\u00fdvaj\u00ed [&hellip;]<\/p>\n","protected":false},"featured_media":30494,"comment_status":"open","ping_status":"closed","template":"","meta":[],"product_brand":[],"product_cat":[137,296],"product_tag":[],"class_list":{"0":"post-35863","1":"product","2":"type-product","3":"status-publish","4":"has-post-thumbnail","6":"product_cat-damske-sportovni-leginy","7":"product_cat-damske-leginy-dlouhe","8":"pa_cviat-ruzovy","9":"pa_razmer-l-cs","10":"pa_razmer-m-cs","11":"pa_razmer-s-cs-2","12":"inventories-world","13":"inventories-pl","14":"inventories-uk","16":"first","17":"instock","18":"taxable","19":"shipping-taxable","20":"purchasable","21":"product-type-variable"},"_links":{"self":[{"href":"https:\/\/peach-pump.com\/en\/wp-json\/wp\/v2\/product\/35863","targetHints":{"allow":["GET"]}}],"collection":[{"href":"https:\/\/peach-pump.com\/en\/wp-json\/wp\/v2\/product"}],"about":[{"href":"https:\/\/peach-pump.com\/en\/wp-json\/wp\/v2\/types\/product"}],"replies":[{"embeddable":true,"href":"https:\/\/peach-pump.com\/en\/wp-json\/wp\/v2\/comments?post=35863"}],"version-history":[{"count":0,"href":"https:\/\/peach-pump.com\/en\/wp-json\/wp\/v2\/product\/35863\/revisions"}],"wp:featuredmedia":[{"embeddable":true,"href":"https:\/\/peach-pump.com\/en\/wp-json\/wp\/v2\/media\/30494"}],"wp:attachment":[{"href":"https:\/\/peach-pump.com\/en\/wp-json\/wp\/v2\/media?parent=35863"}],"wp:term":[{"taxonomy":"product_brand","embeddable":true,"href":"https:\/\/peach-pump.com\/en\/wp-json\/wp\/v2\/product_brand?post=35863"},{"taxonomy":"product_cat","embeddable":true,"href":"https:\/\/peach-pump.com\/en\/wp-json\/wp\/v2\/product_cat?post=35863"},{"taxonomy":"product_tag","embeddable":true,"href":"https:\/\/peach-pump.com\/en\/wp-json\/wp\/v2\/product_tag?post=35863"}],"curies":[{"name":"wp","href":"https:\/\/api.w.org\/{rel}","templated":true}]}}