{"id":35570,"date":"2022-07-03T09:38:20","date_gmt":"2022-07-03T07:38:20","guid":{"rendered":"https:\/\/peach-pump.com\/products\/bezesve-modre-leginy-s-vysokym-pasem\/"},"modified":"2025-02-08T16:47:43","modified_gmt":"2025-02-08T14:47:43","slug":"bezesve-modre-leginy-vysoky-pas-fitness","status":"publish","type":"product","link":"https:\/\/peach-pump.com\/cs\/products\/bezesve-modre-leginy-vysoky-pas-fitness\/","title":{"rendered":"Beze\u0161v\u00e9 modr\u00e9 leg\u00edny s vysok\u00fdm pasem"},"content":{"rendered":"<p>Beze\u0161v\u00e9 modr\u00e9 leg\u00edny s mramorov\u00fdm efektem. Leg\u00edny jsou vytvo\u0159eny z extr\u00e9mn\u011b pru\u017en\u00e9 beze\u0161v\u00e9 tkaniny se \u0161irok\u00fdm pasem, kter\u00fd obep\u00edn\u00e1 a stabilizuje pas b\u011bhem cvi\u010den\u00ed. Vhodn\u00e9 do posilovny, na b\u011bh, j\u00f3gu a dal\u0161\u00ed aktivity. Jestli\u017ee hled\u00e1te tvaruj\u00edc\u00ed leg\u00edny, ve kter\u00fdch se budete c\u00edtit pohodln\u011b a komfortn\u011b, je tento model ten prav\u00fd. Vyzna\u010duj\u00ed se na\u0161\u00edm obl\u00edben\u00fdm broskvov\u00fdm efektem, jsou prody\u0161n\u00e9 a dokonale tvaruj\u00ed postavu. Lze je kombinovat s podprsenkou stejn\u00e9 barvy, pod\u00edvejte se na sety na na\u0161ich str\u00e1nk\u00e1ch. <\/p>\n<ul>\n<li>Vysok\u00fd pas<\/li>\n<li>Beze\u0161v\u00e1 tkanina<\/li>\n<li>Zvedaj\u00ed, vytvaruj\u00ed, zakr\u00fdvaj\u00ed probl\u00e9mov\u00e9 oblasti<\/li>\n<li>\u017debrovan\u00fd d\u00edl v pase, kter\u00fd pas obep\u00edn\u00e1<\/li>\n<li>Broskvov\u00fd efekt<\/li>\n<li>Bez \u0161vu vp\u0159edu<\/li>\n<li>Tepeln\u00fd potisk loga Peach Pump na zadn\u00ed stran\u011b leg\u00edn<\/li>\n<li>Materi\u00e1l odv\u00e1d\u011bj\u00edc\u00ed vlhkost<\/li>\n<\/ul>\n<p> Slo\u017een\u00ed 80 % polyester 20 % elastan Leg\u00edny lze pr\u00e1t na 30 stup\u0148\u016f, neb\u011blit a ne\u010distit chemicky. Modelka na obr\u00e1zku je vysok\u00e1 178 cm, v\u00e1\u017e\u00ed 54 kg a p\u00f3zuje ve velikosti M. Pro v\u00fdb\u011br p\u0159esn\u00e9 velikosti se pros\u00edm \u0159i\u010fte tabulkami.<\/p>\n","protected":false},"excerpt":{"rendered":"<p>Beze\u0161v\u00e9 modr\u00e9 leg\u00edny s mramorov\u00fdm efektem. Leg\u00edny jsou vytvo\u0159eny z extr\u00e9mn\u011b pru\u017en\u00e9 beze\u0161v\u00e9 tkaniny se \u0161irok\u00fdm pasem, kter\u00fd obep\u00edn\u00e1 a stabilizuje pas b\u011bhem cvi\u010den\u00ed. Vhodn\u00e9 do posilovny, na b\u011bh, j\u00f3gu a dal\u0161\u00ed aktivity. Jestli\u017ee hled\u00e1te tvaruj\u00edc\u00ed leg\u00edny, ve kter\u00fdch se budete c\u00edtit pohodln\u011b a komfortn\u011b, je tento model ten prav\u00fd. Vyzna\u010duj\u00ed se na\u0161\u00edm obl\u00edben\u00fdm broskvov\u00fdm [&hellip;]<\/p>\n","protected":false},"featured_media":14610,"comment_status":"open","ping_status":"closed","template":"","meta":[],"product_brand":[],"product_cat":[296,137],"product_tag":[],"class_list":{"0":"post-35570","1":"product","2":"type-product","3":"status-publish","4":"has-post-thumbnail","6":"product_cat-damske-leginy-dlouhe","7":"product_cat-damske-sportovni-leginy","8":"pa_cviat-modra","9":"pa_razmer-m-cs","10":"pa_razmer-s-cs-2","11":"inventories-world","13":"first","14":"instock","15":"sale","16":"taxable","17":"shipping-taxable","18":"purchasable","19":"product-type-variable"},"_links":{"self":[{"href":"https:\/\/peach-pump.com\/en\/wp-json\/wp\/v2\/product\/35570","targetHints":{"allow":["GET"]}}],"collection":[{"href":"https:\/\/peach-pump.com\/en\/wp-json\/wp\/v2\/product"}],"about":[{"href":"https:\/\/peach-pump.com\/en\/wp-json\/wp\/v2\/types\/product"}],"replies":[{"embeddable":true,"href":"https:\/\/peach-pump.com\/en\/wp-json\/wp\/v2\/comments?post=35570"}],"version-history":[{"count":0,"href":"https:\/\/peach-pump.com\/en\/wp-json\/wp\/v2\/product\/35570\/revisions"}],"wp:featuredmedia":[{"embeddable":true,"href":"https:\/\/peach-pump.com\/en\/wp-json\/wp\/v2\/media\/14610"}],"wp:attachment":[{"href":"https:\/\/peach-pump.com\/en\/wp-json\/wp\/v2\/media?parent=35570"}],"wp:term":[{"taxonomy":"product_brand","embeddable":true,"href":"https:\/\/peach-pump.com\/en\/wp-json\/wp\/v2\/product_brand?post=35570"},{"taxonomy":"product_cat","embeddable":true,"href":"https:\/\/peach-pump.com\/en\/wp-json\/wp\/v2\/product_cat?post=35570"},{"taxonomy":"product_tag","embeddable":true,"href":"https:\/\/peach-pump.com\/en\/wp-json\/wp\/v2\/product_tag?post=35570"}],"curies":[{"name":"wp","href":"https:\/\/api.w.org\/{rel}","templated":true}]}}