{"id":35480,"date":"2022-07-06T19:42:07","date_gmt":"2022-07-06T19:42:07","guid":{"rendered":"https:\/\/peach-pump.com\/products\/modre-bezesve-leginy-s-tvarujicim-efektem-a-rozparky-po-delce\/"},"modified":"2025-11-09T15:53:29","modified_gmt":"2025-11-09T13:53:29","slug":"leginy-rozparky-tvarujci-efekt-modre","status":"publish","type":"product","link":"https:\/\/peach-pump.com\/cs\/products\/leginy-rozparky-tvarujci-efekt-modre\/","title":{"rendered":"Modr\u00e9 beze\u0161v\u00e9 leg\u00edny s tvaruj\u00edc\u00edm efektem a rozparky po d\u00e9lce"},"content":{"rendered":"<p>Sv\u011btle modr\u00e9 beze\u0161v\u00e9 leg\u00edny, kter\u00e9 dokonale tvaruj\u00ed postavu. Leg\u00edny jsou vyrobeny z prody\u0161n\u00e9 tkaniny, po obou stran\u00e1ch, po d\u00e9lce nohavic jsou vykrojen\u00e9 prvky, maj\u00ed \u0161irok\u00fd \u017eebrovan\u00fd p\u00e1sek a efekt Peach Pump. V t\u011bchto leg\u00edn\u00e1ch se budete c\u00edtit sebev\u011bdom\u011b a sexy. Kl\u00edn je vyroben z pevn\u011bj\u0161\u00ed tkaniny.  <\/p>\n<ul>\n<li>Vysok\u00fd pas<\/li>\n<li>Beze\u0161v\u00e1 tkanina<\/li>\n<li>Zvedaj\u00ed, vytvaruj\u00ed, zakr\u00fdvaj\u00ed probl\u00e9mov\u00e9 oblasti<\/li>\n<li>\u017debrovan\u00fd d\u00edl v pase, kter\u00fd pas obep\u00edn\u00e1<\/li>\n<li>Broskvov\u00fd efekt<\/li>\n<li>Beze \u0161vu vp\u0159edu<\/li>\n<li>Tepeln\u00fd potisk loga Peach Pump na zadn\u00ed stran\u011b leg\u00edn<\/li>\n<li>Materi\u00e1l odv\u00e1d\u011bj\u00edc\u00ed vlhkost<\/li>\n<\/ul>\n<p>  Slo\u017een\u00ed: 80 % polyester 20 % spandex Kl\u00ednek lze pr\u00e1t p\u0159i teplot\u011b do 30 stup\u0148\u016f, neb\u011blit a ne\u010distit chemicky. Modelka na obr\u00e1zku m\u011b\u0159\u00ed 178 cm, v\u00e1\u017e\u00ed 54 kg a m\u00e1 na sob\u011b velikost M , (Leg\u00edny jsou z pevn\u011bj\u0161\u00edho materi\u00e1lu). Pro v\u00fdb\u011br p\u0159esn\u00e9 velikosti pros\u00edm pou\u017eijte tabulek.<\/p>\n","protected":false},"excerpt":{"rendered":"<p>Sv\u011btle modr\u00e9 beze\u0161v\u00e9 leg\u00edny, kter\u00e9 dokonale tvaruj\u00ed postavu. Leg\u00edny jsou vyrobeny z prody\u0161n\u00e9 tkaniny, po obou stran\u00e1ch, po d\u00e9lce nohavic jsou vykrojen\u00e9 prvky, maj\u00ed \u0161irok\u00fd \u017eebrovan\u00fd p\u00e1sek a efekt Peach Pump. V t\u011bchto leg\u00edn\u00e1ch se budete c\u00edtit sebev\u011bdom\u011b a sexy. Kl\u00edn je vyroben z pevn\u011bj\u0161\u00ed tkaniny. Vysok\u00fd pas Beze\u0161v\u00e1 tkanina Zvedaj\u00ed, vytvaruj\u00ed, zakr\u00fdvaj\u00ed probl\u00e9mov\u00e9 oblasti [&hellip;]<\/p>\n","protected":false},"featured_media":38218,"comment_status":"open","ping_status":"closed","template":"","meta":[],"product_brand":[],"product_cat":[137,296],"product_tag":[],"class_list":{"0":"post-35480","1":"product","2":"type-product","3":"status-publish","4":"has-post-thumbnail","6":"product_cat-damske-sportovni-leginy","7":"product_cat-damske-leginy-dlouhe","8":"pa_cviat-modra","9":"pa_razmer-l-cs","10":"pa_razmer-m-cs","11":"pa_razmer-s-cs-2","12":"inventories-world","14":"first","15":"instock","16":"sale","17":"taxable","18":"shipping-taxable","19":"purchasable","20":"product-type-variable"},"_links":{"self":[{"href":"https:\/\/peach-pump.com\/en\/wp-json\/wp\/v2\/product\/35480","targetHints":{"allow":["GET"]}}],"collection":[{"href":"https:\/\/peach-pump.com\/en\/wp-json\/wp\/v2\/product"}],"about":[{"href":"https:\/\/peach-pump.com\/en\/wp-json\/wp\/v2\/types\/product"}],"replies":[{"embeddable":true,"href":"https:\/\/peach-pump.com\/en\/wp-json\/wp\/v2\/comments?post=35480"}],"version-history":[{"count":0,"href":"https:\/\/peach-pump.com\/en\/wp-json\/wp\/v2\/product\/35480\/revisions"}],"wp:featuredmedia":[{"embeddable":true,"href":"https:\/\/peach-pump.com\/en\/wp-json\/wp\/v2\/media\/38218"}],"wp:attachment":[{"href":"https:\/\/peach-pump.com\/en\/wp-json\/wp\/v2\/media?parent=35480"}],"wp:term":[{"taxonomy":"product_brand","embeddable":true,"href":"https:\/\/peach-pump.com\/en\/wp-json\/wp\/v2\/product_brand?post=35480"},{"taxonomy":"product_cat","embeddable":true,"href":"https:\/\/peach-pump.com\/en\/wp-json\/wp\/v2\/product_cat?post=35480"},{"taxonomy":"product_tag","embeddable":true,"href":"https:\/\/peach-pump.com\/en\/wp-json\/wp\/v2\/product_tag?post=35480"}],"curies":[{"name":"wp","href":"https:\/\/api.w.org\/{rel}","templated":true}]}}