{"id":33948,"date":"2022-09-19T16:34:44","date_gmt":"2022-09-19T16:34:44","guid":{"rendered":"https:\/\/peach-pump.com\/products\/bezesva-dvoudilna-sportovni-souprava-v-tmave-modre-barve\/"},"modified":"2026-03-23T16:29:43","modified_gmt":"2026-03-23T14:29:43","slug":"bezesva-sportovni-souprava-tmave-modra","status":"publish","type":"product","link":"https:\/\/peach-pump.com\/cs\/products\/bezesva-sportovni-souprava-tmave-modra\/","title":{"rendered":"Beze\u0161v\u00e1 dvoud\u00edln\u00e1 sportovn\u00ed souprava tmav\u011b modr\u00e9 barvy"},"content":{"rendered":"<p>D\u00e1msk\u00e1 beze\u0161v\u00e1 dvoud\u00edln\u00e1 sportovn\u00ed souprava s tvaruj\u00edc\u00edm a zvedaj\u00edc\u00edm efektem. Leg\u00edny jsou vyrobeny z beze\u0161v\u00e9 l\u00e1tky v tmav\u011b modr\u00e9 barv\u011b, maj\u00ed vysok\u00fd pas a \u0161irok\u00fd \u017eebrovan\u00fd p\u00e1sek, kter\u00fd pas jemn\u011b stahuje a kr\u00e1sn\u011b tvaruje. Podprsenka je vyztu\u017een\u00e1, m\u00e1 hluboce vykrojen\u00e1 z\u00e1da a \u010dty\u0159stup\u0148ov\u00e9 zap\u00edn\u00e1n\u00ed, kter\u00e9 lze nastavit podle obvodu prsou. Tento set perfektn\u011b sed\u00ed na t\u011ble a modeluje postavu, hod\u00ed se pro aktivn\u011b sportuj\u00edc\u00ed d\u00e1my, je vhodn\u00fd i na m\u00e9n\u011b n\u00e1ro\u010dn\u00e9 kardio aktivity a proch\u00e1zky. O podprsence:- <\/p>\n<ul>\n<li>Integrovan\u00e9 vycp\u00e1vky<\/li>\n<li>Push-Up efekt<\/li>\n<li>Hlubok\u00fd \u0159ez zad<\/li>\n<li>Velk\u00e1 pru\u017enost<\/li>\n<li>\u010cty\u0159stup\u0148ov\u00e9 zap\u00edn\u00e1n\u00ed<\/li>\n<li>Tepeln\u00fd potisk loga Peach Pump na boku podprsenky<\/li>\n<li>Technologie odv\u00e1d\u011bn\u00ed vlhkosti<\/li>\n<\/ul>\n<p> O leg\u00edn\u00e1ch: <\/p>\n<ul>\n<li>Vysok\u00fd pas<\/li>\n<li>Beze\u0161v\u00e1 tkanina<\/li>\n<li>Zved\u00e1, vytvaruje, zakr\u00fdv\u00e1 probl\u00e9mov\u00e9 oblasti<\/li>\n<li>\u017debrovan\u00fd d\u00edl v pase, kter\u00fd p\u00e1s obep\u00edn\u00e1<\/li>\n<li>Broskvov\u00fd efekt<\/li>\n<li>Bez \u0161vu v p\u0159edn\u00ed \u010d\u00e1sti<\/li>\n<li>Tepeln\u00fd potisk loga Peach Pump na zadn\u00ed stran\u011b leg\u00edn<\/li>\n<li>Technologie odv\u00e1d\u011bn\u00ed vlhkosti<\/li>\n<\/ul>\n<p> Slo\u017een\u00ed: 80 % polyester, 20 % elastan. Set lze pr\u00e1t na 30 stup\u0148\u016f, nepou\u017e\u00edvat b\u011blidla a ne\u010distit chemicky. Modelka na obr\u00e1zku m\u011b\u0159\u00ed 178 cm, v\u00e1\u017e\u00ed 54 kg a m\u00e1 na sob\u011b podprsenku velikosti S\/M, leg\u00edny velikosti M. Pro v\u00fdb\u011br p\u0159esn\u00e9 velikosti pros\u00edm pou\u017eijte tabulek.<\/p>\n","protected":false},"excerpt":{"rendered":"<p>D\u00e1msk\u00e1 beze\u0161v\u00e1 dvoud\u00edln\u00e1 sportovn\u00ed souprava s tvaruj\u00edc\u00edm a zvedaj\u00edc\u00edm efektem. Leg\u00edny jsou vyrobeny z beze\u0161v\u00e9 l\u00e1tky v tmav\u011b modr\u00e9 barv\u011b, maj\u00ed vysok\u00fd pas a \u0161irok\u00fd \u017eebrovan\u00fd p\u00e1sek, kter\u00fd pas jemn\u011b stahuje a kr\u00e1sn\u011b tvaruje. Podprsenka je vyztu\u017een\u00e1, m\u00e1 hluboce vykrojen\u00e1 z\u00e1da a \u010dty\u0159stup\u0148ov\u00e9 zap\u00edn\u00e1n\u00ed, kter\u00e9 lze nastavit podle obvodu prsou. Tento set perfektn\u011b sed\u00ed na [&hellip;]<\/p>\n","protected":false},"featured_media":20003,"comment_status":"open","ping_status":"closed","template":"","meta":[],"product_brand":[],"product_cat":[347,349],"product_tag":[],"class_list":{"0":"post-33948","1":"product","2":"type-product","3":"status-publish","4":"has-post-thumbnail","6":"product_cat-damske-sportovni-outfity","7":"product_cat-sportovni-outfity-s-leginami","8":"pa_razmer-l-cs","9":"pa_razmer-m-cs","10":"pa_razmer-s-cs-2","11":"inventories-uk","13":"first","14":"outofstock","15":"virtual","16":"taxable","17":"purchasable","18":"product-type-yith_bundle"},"_links":{"self":[{"href":"https:\/\/peach-pump.com\/en\/wp-json\/wp\/v2\/product\/33948","targetHints":{"allow":["GET"]}}],"collection":[{"href":"https:\/\/peach-pump.com\/en\/wp-json\/wp\/v2\/product"}],"about":[{"href":"https:\/\/peach-pump.com\/en\/wp-json\/wp\/v2\/types\/product"}],"replies":[{"embeddable":true,"href":"https:\/\/peach-pump.com\/en\/wp-json\/wp\/v2\/comments?post=33948"}],"version-history":[{"count":0,"href":"https:\/\/peach-pump.com\/en\/wp-json\/wp\/v2\/product\/33948\/revisions"}],"wp:featuredmedia":[{"embeddable":true,"href":"https:\/\/peach-pump.com\/en\/wp-json\/wp\/v2\/media\/20003"}],"wp:attachment":[{"href":"https:\/\/peach-pump.com\/en\/wp-json\/wp\/v2\/media?parent=33948"}],"wp:term":[{"taxonomy":"product_brand","embeddable":true,"href":"https:\/\/peach-pump.com\/en\/wp-json\/wp\/v2\/product_brand?post=33948"},{"taxonomy":"product_cat","embeddable":true,"href":"https:\/\/peach-pump.com\/en\/wp-json\/wp\/v2\/product_cat?post=33948"},{"taxonomy":"product_tag","embeddable":true,"href":"https:\/\/peach-pump.com\/en\/wp-json\/wp\/v2\/product_tag?post=33948"}],"curies":[{"name":"wp","href":"https:\/\/api.w.org\/{rel}","templated":true}]}}