{"id":33881,"date":"2022-09-25T11:03:28","date_gmt":"2022-09-25T11:03:28","guid":{"rendered":"https:\/\/peach-pump.com\/products\/bezesva-sportovni-podprsenka-tmave-modre-barvy-s-integrovanymi-vycpavkami\/"},"modified":"2026-04-04T23:01:39","modified_gmt":"2026-04-04T21:01:39","slug":"bezesva-sportovni-podprsenka-tmave-modra","status":"publish","type":"product","link":"https:\/\/peach-pump.com\/cs\/products\/bezesva-sportovni-podprsenka-tmave-modra\/","title":{"rendered":"Beze\u0161v\u00e1 sportovn\u00ed podprsenka tmav\u011b modr\u00e9 barvy s integrovan\u00fdmi vycp\u00e1vkami"},"content":{"rendered":"<p>Beze\u0161v\u00e1 sportovn\u00ed podprsenka tmav\u011b modr\u00e9 barvy s integrovan\u00fdmi vycp\u00e1vkami, kter\u00e9 nelze vyjmout. Model je vyroben z m\u011bkk\u00e9, velmi pru\u017en\u00e9 a prody\u0161n\u00e9 tkaniny, kter\u00e1 odv\u00e1d\u00ed pot od t\u011bla. Podprsenku je mo\u017eno nosit i pod oble\u010den\u00edm, jej\u00ed design je nen\u00e1padn\u00fd a budete m\u00edt pocit naprost\u00e9ho pohodl\u00ed a volnosti pohybu. Velikost je univerz\u00e1ln\u00ed, m\u00e1 4 stupn\u011b zap\u00edn\u00e1n\u00ed a \u0161irokou gumu. Model je k dispozici v r\u016fzn\u00fdch barv\u00e1ch, lze jej kombinovat s leg\u00ednami stejn\u00e9 nebo jin\u00e9 barvy Pod\u00edvejte se do sekce Sportovn\u00ed sety. <\/p>\n<ul>\n<li> Integrovan\u00e9 vycp\u00e1vky<\/li>\n<li> Push-Up efekt<\/li>\n<li> Hluboce vykrojen\u00e1 z\u00e1da<\/li>\n<li> Velk\u00e1 pru\u017enost<\/li>\n<li> \u010cty\u0159stup\u0148ov\u00e9 zap\u00edn\u00e1n\u00ed<\/li>\n<li> Tepeln\u00fd potisk loga Peach Pump na boku podprsenky<\/li>\n<li> Technologie odv\u00e1d\u011bn\u00ed vlhkosti<\/li>\n<\/ul>\n<p>  Slo\u017een\u00ed: 80 % polyester 20 % elastan Podprsenku lze pr\u00e1t p\u0159i teplot\u011b do 30 stup\u0148\u016f, neb\u011blit a ne\u010distit chemicky.<br \/>\nModelka na obr\u00e1zku m\u011b\u0159\u00ed 178 cm, v\u00e1\u017e\u00ed 54 kg a p\u00f3zuje ve velikosti M. Pro v\u00fdb\u011br p\u0159esn\u00e9 velikosti se pros\u00edm \u0159i\u010fte tabulkami. <\/p>\n","protected":false},"excerpt":{"rendered":"<p>Beze\u0161v\u00e1 sportovn\u00ed podprsenka tmav\u011b modr\u00e9 barvy s integrovan\u00fdmi vycp\u00e1vkami, kter\u00e9 nelze vyjmout. Model je vyroben z m\u011bkk\u00e9, velmi pru\u017en\u00e9 a prody\u0161n\u00e9 tkaniny, kter\u00e1 odv\u00e1d\u00ed pot od t\u011bla. Podprsenku je mo\u017eno nosit i pod oble\u010den\u00edm, jej\u00ed design je nen\u00e1padn\u00fd a budete m\u00edt pocit naprost\u00e9ho pohodl\u00ed a volnosti pohybu. Velikost je univerz\u00e1ln\u00ed, m\u00e1 4 stupn\u011b zap\u00edn\u00e1n\u00ed a [&hellip;]<\/p>\n","protected":false},"featured_media":20655,"comment_status":"open","ping_status":"closed","template":"","meta":[],"product_brand":[],"product_cat":[346],"product_tag":[],"class_list":{"0":"post-33881","1":"product","2":"type-product","3":"status-publish","4":"has-post-thumbnail","6":"product_cat-damske-podprsenky-sportovni-fitness","7":"pa_razmer-l-cs","8":"pa_razmer-m-cs","9":"pa_razmer-s-cs-2","10":"inventories-world","11":"inventories-pl","12":"inventories-uk","14":"first","15":"instock","16":"taxable","17":"shipping-taxable","18":"purchasable","19":"product-type-variable"},"_links":{"self":[{"href":"https:\/\/peach-pump.com\/en\/wp-json\/wp\/v2\/product\/33881","targetHints":{"allow":["GET"]}}],"collection":[{"href":"https:\/\/peach-pump.com\/en\/wp-json\/wp\/v2\/product"}],"about":[{"href":"https:\/\/peach-pump.com\/en\/wp-json\/wp\/v2\/types\/product"}],"replies":[{"embeddable":true,"href":"https:\/\/peach-pump.com\/en\/wp-json\/wp\/v2\/comments?post=33881"}],"version-history":[{"count":0,"href":"https:\/\/peach-pump.com\/en\/wp-json\/wp\/v2\/product\/33881\/revisions"}],"wp:featuredmedia":[{"embeddable":true,"href":"https:\/\/peach-pump.com\/en\/wp-json\/wp\/v2\/media\/20655"}],"wp:attachment":[{"href":"https:\/\/peach-pump.com\/en\/wp-json\/wp\/v2\/media?parent=33881"}],"wp:term":[{"taxonomy":"product_brand","embeddable":true,"href":"https:\/\/peach-pump.com\/en\/wp-json\/wp\/v2\/product_brand?post=33881"},{"taxonomy":"product_cat","embeddable":true,"href":"https:\/\/peach-pump.com\/en\/wp-json\/wp\/v2\/product_cat?post=33881"},{"taxonomy":"product_tag","embeddable":true,"href":"https:\/\/peach-pump.com\/en\/wp-json\/wp\/v2\/product_tag?post=33881"}],"curies":[{"name":"wp","href":"https:\/\/api.w.org\/{rel}","templated":true}]}}