{"id":33620,"date":"2023-01-07T10:14:21","date_gmt":"2023-01-07T08:14:21","guid":{"rendered":"https:\/\/peach-pump.com\/products\/bezesve-sportovni-leginy-grafitove-a-cerne-barvy\/"},"modified":"2025-06-21T14:25:35","modified_gmt":"2025-06-21T12:25:35","slug":"bezesve-damske-leginy-grafitove-cerne","status":"publish","type":"product","link":"https:\/\/peach-pump.com\/cs\/products\/bezesve-damske-leginy-grafitove-cerne\/","title":{"rendered":"Beze\u0161v\u00e9 sportovn\u00ed leg\u00edny grafitov\u00e9 a \u010dern\u00e9 barvy"},"content":{"rendered":"<p>Beze\u0161v\u00e9 d\u00e1msk\u00e9 leg\u00edny grafitov\u00e9 a \u010dern\u00e9 barvy se zaj\u00edmav\u00fdm designem. Leg\u00edny jsou vytvo\u0159eny z velmi pru\u017en\u00e9ho, prody\u0161n\u00e9ho materi\u00e1lu, kter\u00fd odv\u00e1d\u00ed pot od t\u011bla a nezanech\u00e1v\u00e1 skvrny. Model m\u00e1 vysok\u00fd pas, \u0161irok\u00fd p\u00e1sek a n\u00e1\u0161 obl\u00edben\u00fd broskvov\u00fd efekt. Zamilujete se do t\u011bchto leg\u00edn, kr\u00e1sn\u011b sed\u00ed, postavu ze\u0161tihluj\u00ed a vytvaruj\u00ed. Lze je kombinovat s \u010dern\u00fdmi bustery, halenkami nebo saky, pod\u00edvejte se na nab\u00eddky na na\u0161ich webov\u00fdch str\u00e1nk\u00e1ch.  <\/p>\n<ul>\n<li>Vysok\u00fd pas<\/li>\n<li>Beze\u0161v\u00e1 tkanina<\/li>\n<li>Zvedaj\u00ed, vytvaruj\u00ed, zakr\u00fdvaj\u00ed probl\u00e9mov\u00e9 oblasti<\/li>\n<li>Broskvov\u00fd efekt<\/li>\n<li>Bez \u0161vu vp\u0159edu<\/li>\n<li>Tepeln\u00fd potisk loga Peach Pump na zadn\u00ed stran\u011b leg\u00edn<\/li>\n<li>Technologie odv\u00e1d\u011bn\u00ed vlhkosti<\/li>\n<\/ul>\n<p> Slo\u017een\u00ed: 80 % polyester, 20 % elastan. Leg\u00edny lze pr\u00e1t na 30 stup\u0148\u016f, neb\u011blit a ne\u010distit chemicky. Modelka na fotografii m\u011b\u0159\u00ed 178 cm, v\u00e1\u017e\u00ed 54 kg a m\u00e1 na sob\u011b velikost M.<\/p>\n","protected":false},"excerpt":{"rendered":"<p>Beze\u0161v\u00e9 d\u00e1msk\u00e9 leg\u00edny grafitov\u00e9 a \u010dern\u00e9 barvy se zaj\u00edmav\u00fdm designem. Leg\u00edny jsou vytvo\u0159eny z velmi pru\u017en\u00e9ho, prody\u0161n\u00e9ho materi\u00e1lu, kter\u00fd odv\u00e1d\u00ed pot od t\u011bla a nezanech\u00e1v\u00e1 skvrny. Model m\u00e1 vysok\u00fd pas, \u0161irok\u00fd p\u00e1sek a n\u00e1\u0161 obl\u00edben\u00fd broskvov\u00fd efekt. Zamilujete se do t\u011bchto leg\u00edn, kr\u00e1sn\u011b sed\u00ed, postavu ze\u0161tihluj\u00ed a vytvaruj\u00ed. Lze je kombinovat s \u010dern\u00fdmi bustery, halenkami [&hellip;]<\/p>\n","protected":false},"featured_media":28111,"comment_status":"open","ping_status":"closed","template":"","meta":[],"product_brand":[],"product_cat":[296,137],"product_tag":[],"class_list":{"0":"post-33620","1":"product","2":"type-product","3":"status-publish","4":"has-post-thumbnail","6":"product_cat-damske-leginy-dlouhe","7":"product_cat-damske-sportovni-leginy","8":"pa_cviat-grafit-cerna","9":"pa_razmer-l-cs","10":"pa_razmer-m-cs","11":"pa_razmer-s-cs-2","12":"inventories-world","13":"inventories-uk","15":"first","16":"instock","17":"taxable","18":"shipping-taxable","19":"purchasable","20":"product-type-variable"},"_links":{"self":[{"href":"https:\/\/peach-pump.com\/en\/wp-json\/wp\/v2\/product\/33620","targetHints":{"allow":["GET"]}}],"collection":[{"href":"https:\/\/peach-pump.com\/en\/wp-json\/wp\/v2\/product"}],"about":[{"href":"https:\/\/peach-pump.com\/en\/wp-json\/wp\/v2\/types\/product"}],"replies":[{"embeddable":true,"href":"https:\/\/peach-pump.com\/en\/wp-json\/wp\/v2\/comments?post=33620"}],"version-history":[{"count":0,"href":"https:\/\/peach-pump.com\/en\/wp-json\/wp\/v2\/product\/33620\/revisions"}],"wp:featuredmedia":[{"embeddable":true,"href":"https:\/\/peach-pump.com\/en\/wp-json\/wp\/v2\/media\/28111"}],"wp:attachment":[{"href":"https:\/\/peach-pump.com\/en\/wp-json\/wp\/v2\/media?parent=33620"}],"wp:term":[{"taxonomy":"product_brand","embeddable":true,"href":"https:\/\/peach-pump.com\/en\/wp-json\/wp\/v2\/product_brand?post=33620"},{"taxonomy":"product_cat","embeddable":true,"href":"https:\/\/peach-pump.com\/en\/wp-json\/wp\/v2\/product_cat?post=33620"},{"taxonomy":"product_tag","embeddable":true,"href":"https:\/\/peach-pump.com\/en\/wp-json\/wp\/v2\/product_tag?post=33620"}],"curies":[{"name":"wp","href":"https:\/\/api.w.org\/{rel}","templated":true}]}}