{"id":33617,"date":"2023-01-13T13:34:44","date_gmt":"2023-01-13T11:34:44","guid":{"rendered":"https:\/\/peach-pump.com\/products\/ruzovy-sportovni-fitness-top-s-dlouhym-rukavem\/"},"modified":"2025-12-31T14:16:31","modified_gmt":"2025-12-31T12:16:31","slug":"ruzovy-sportovni-top-na-fitness","status":"publish","type":"product","link":"https:\/\/peach-pump.com\/cs\/products\/ruzovy-sportovni-top-na-fitness\/","title":{"rendered":"R\u016f\u017eov\u00fd sportovn\u00ed fitness top s dlouh\u00fdm ruk\u00e1vem"},"content":{"rendered":"<p>R\u016f\u017eov\u00fd sportovn\u00ed fitness top s dlouh\u00fdm ruk\u00e1vem z pevn\u00e9ho beze\u0161v\u00e9ho \u017eebrovan\u00e9ho materi\u00e1lu. Tento atraktivn\u00ed model kr\u00e1sn\u011b k t\u011blu p\u0159il\u00e9h\u00e1 a m\u00e1 hlubok\u00fd v\u00fdst\u0159ih. Lze jej kombinovat s leg\u00ednami stejn\u00e9 barvy nebo s jin\u00fdmi jednobarevn\u00fdmi leg\u00ednami. Halenka je vhodn\u00e1 do chladn\u011bj\u0161\u00edho podzimn\u00edho\/zimn\u00edho po\u010das\u00ed, zamilujete si jej\u00ed jemnost a zp\u016fsob, jak\u00fdm pohlad\u00ed va\u0161e t\u011blo.  <\/p>\n<ul>\n<li>\u017debrovan\u00fd materi\u00e1l<\/li>\n<li>Tepeln\u00fd potisk &#8220;Peach Pump&#8221; na rameni<\/li>\n<li>Velk\u00e1 pru\u017enost<\/li>\n<li>Zaj\u00edmav\u00fd design<\/li>\n<\/ul>\n<p>  Slo\u017een\u00ed: 80 % polyester 20 % spandex Halenku lze pr\u00e1t p\u0159i teplot\u011b do 30 stup\u0148\u016f , pros\u00edm, neb\u011blit a ne\u010distit chemicky. Modelka na obr\u00e1zku je vysok\u00e1 178 cm, v\u00e1\u017e\u00ed 54 kg a m\u00e1 na sob\u011b velikost M. Pro v\u00fdb\u011br p\u0159esn\u00e9 velikosti se pros\u00edm \u0159i\u010fte tabulkami.<\/p>\n","protected":false},"excerpt":{"rendered":"<p>R\u016f\u017eov\u00fd sportovn\u00ed fitness top s dlouh\u00fdm ruk\u00e1vem z pevn\u00e9ho beze\u0161v\u00e9ho \u017eebrovan\u00e9ho materi\u00e1lu. Tento atraktivn\u00ed model kr\u00e1sn\u011b k t\u011blu p\u0159il\u00e9h\u00e1 a m\u00e1 hlubok\u00fd v\u00fdst\u0159ih. Lze jej kombinovat s leg\u00ednami stejn\u00e9 barvy nebo s jin\u00fdmi jednobarevn\u00fdmi leg\u00ednami. Halenka je vhodn\u00e1 do chladn\u011bj\u0161\u00edho podzimn\u00edho\/zimn\u00edho po\u010das\u00ed, zamilujete si jej\u00ed jemnost a zp\u016fsob, jak\u00fdm pohlad\u00ed va\u0161e t\u011blo. \u017debrovan\u00fd materi\u00e1l Tepeln\u00fd [&hellip;]<\/p>\n","protected":false},"featured_media":26397,"comment_status":"open","ping_status":"closed","template":"","meta":[],"product_brand":[],"product_cat":[345],"product_tag":[],"class_list":{"0":"post-33617","1":"product","2":"type-product","3":"status-publish","4":"has-post-thumbnail","6":"product_cat-damske-sportovni-topy-tilko","7":"pa_razmer-l-cs","8":"pa_razmer-m-cs","9":"pa_razmer-s-cs-2","10":"inventories-world","11":"inventories-uk","13":"first","14":"instock","15":"sale","16":"taxable","17":"shipping-taxable","18":"purchasable","19":"product-type-variable"},"_links":{"self":[{"href":"https:\/\/peach-pump.com\/en\/wp-json\/wp\/v2\/product\/33617","targetHints":{"allow":["GET"]}}],"collection":[{"href":"https:\/\/peach-pump.com\/en\/wp-json\/wp\/v2\/product"}],"about":[{"href":"https:\/\/peach-pump.com\/en\/wp-json\/wp\/v2\/types\/product"}],"replies":[{"embeddable":true,"href":"https:\/\/peach-pump.com\/en\/wp-json\/wp\/v2\/comments?post=33617"}],"version-history":[{"count":0,"href":"https:\/\/peach-pump.com\/en\/wp-json\/wp\/v2\/product\/33617\/revisions"}],"wp:featuredmedia":[{"embeddable":true,"href":"https:\/\/peach-pump.com\/en\/wp-json\/wp\/v2\/media\/26397"}],"wp:attachment":[{"href":"https:\/\/peach-pump.com\/en\/wp-json\/wp\/v2\/media?parent=33617"}],"wp:term":[{"taxonomy":"product_brand","embeddable":true,"href":"https:\/\/peach-pump.com\/en\/wp-json\/wp\/v2\/product_brand?post=33617"},{"taxonomy":"product_cat","embeddable":true,"href":"https:\/\/peach-pump.com\/en\/wp-json\/wp\/v2\/product_cat?post=33617"},{"taxonomy":"product_tag","embeddable":true,"href":"https:\/\/peach-pump.com\/en\/wp-json\/wp\/v2\/product_tag?post=33617"}],"curies":[{"name":"wp","href":"https:\/\/api.w.org\/{rel}","templated":true}]}}