{"id":27352,"date":"2022-06-15T14:42:46","date_gmt":"2022-06-15T12:42:46","guid":{"rendered":"https:\/\/peach-pump.com\/products\/elektricky-ruzove-bezesve-leginy-s-tvarovacim-efektem-a-bilymi-pruhy\/"},"modified":"2025-07-26T22:39:00","modified_gmt":"2025-07-26T20:39:00","slug":"ruzove-bezesve-leginy-tvarujici-2","status":"publish","type":"product","link":"https:\/\/peach-pump.com\/cs\/products\/ruzove-bezesve-leginy-tvarujici-2\/","title":{"rendered":"Neonov\u011b r\u016f\u017eov\u00e9 beze\u0161v\u00e9 leg\u00edny s tvaruj\u00edc\u00edm efektem a b\u00edl\u00fdmi prou\u017eky"},"content":{"rendered":"<p>R\u016f\u017eov\u00e9 beze\u0161v\u00e9 leg\u00edny s efektn\u00edmi b\u00edl\u00fdmi prou\u017eky p\u0159ipom\u00ednaj\u00edc\u00edmi blesky. Leg\u00edny maj\u00ed tvaruj\u00edc\u00ed efekt Peach, laserem zten\u010den\u00e9 prvky a \u017eebrovan\u00fd p\u00e1sek, kter\u00fd pas b\u011bhem cvi\u010den\u00ed jemn\u011b zpev\u0148uje. Tyto leg\u00edny jsou vyrobeny z pevn\u011bj\u0161\u00edho materi\u00e1lu a jsou vhodn\u00fd pro d\u00e1my, kter\u00e9 maj\u00ed r\u00e1dy leg\u00edny dob\u0159e stahuj\u00edc\u00ed t\u011blo. (Na\u0161e modelka m\u00e1 na sob\u011b velikost M, ale ve skute\u010dnosti jsou tyto leg\u00edny vhodn\u00e9 pro d\u00e1my s velikost\u00ed S nebo XS). <\/p>\n<ul>\n<li>Vysok\u00fd pas<\/li>\n<li>Beze\u0161v\u00e1 tkanina<\/li>\n<li>Zvedaj\u00ed, vytvaruj\u00ed, zakr\u00fdvaj\u00ed probl\u00e9mov\u00e9 oblasti<\/li>\n<li>\u017debrovan\u00fd d\u00edl v pase, kter\u00fd p\u00e1s obep\u00edn\u00e1<\/li>\n<li>Broskvov\u00fd efekt<\/li>\n<li>Bez \u0161vu vp\u0159edu<\/li>\n<li>Tepeln\u00fd potisk loga Peach Pump na zadn\u00ed stran\u011b leg\u00edn<\/li>\n<li>Technologie odv\u00e1d\u011bn\u00ed vlhkosti<\/li>\n<\/ul>\n<p> Slo\u017een\u00ed: 80 % polyester 20 % spandex Leg\u00edny lze pr\u00e1t na 30 stup\u0148\u016f, neb\u011blit a ne\u010distit chemicky. Modelka na obr\u00e1zku m\u011b\u0159\u00ed 178 cm, v\u00e1\u017e\u00ed 54 kg a m\u00e1 na sob\u011b velikost M , (model Smart vhodn\u00fd pro d\u00e1my velikosti S nebo XS). Pro v\u00fdb\u011br p\u0159esn\u00e9 velikosti pros\u00edm pou\u017eijte tabulek.<\/p>\n","protected":false},"excerpt":{"rendered":"<p>R\u016f\u017eov\u00e9 beze\u0161v\u00e9 leg\u00edny s efektn\u00edmi b\u00edl\u00fdmi prou\u017eky p\u0159ipom\u00ednaj\u00edc\u00edmi blesky. Leg\u00edny maj\u00ed tvaruj\u00edc\u00ed efekt Peach, laserem zten\u010den\u00e9 prvky a \u017eebrovan\u00fd p\u00e1sek, kter\u00fd pas b\u011bhem cvi\u010den\u00ed jemn\u011b zpev\u0148uje. Tyto leg\u00edny jsou vyrobeny z pevn\u011bj\u0161\u00edho materi\u00e1lu a jsou vhodn\u00fd pro d\u00e1my, kter\u00e9 maj\u00ed r\u00e1dy leg\u00edny dob\u0159e stahuj\u00edc\u00ed t\u011blo. (Na\u0161e modelka m\u00e1 na sob\u011b velikost M, ale ve skute\u010dnosti [&hellip;]<\/p>\n","protected":false},"featured_media":17545,"comment_status":"open","ping_status":"closed","template":"","meta":[],"product_brand":[],"product_cat":[137,296],"product_tag":[],"class_list":{"0":"post-27352","1":"product","2":"type-product","3":"status-publish","4":"has-post-thumbnail","6":"product_cat-damske-sportovni-leginy","7":"product_cat-damske-leginy-dlouhe","8":"pa_cviat-ruzovy","9":"pa_razmer-l-cs","10":"pa_razmer-m-cs","11":"pa_razmer-s-cs-2","12":"inventories-world","14":"first","15":"outofstock","16":"sale","17":"taxable","18":"shipping-taxable","19":"purchasable","20":"product-type-variable"},"_links":{"self":[{"href":"https:\/\/peach-pump.com\/cs\/wp-json\/wp\/v2\/product\/27352","targetHints":{"allow":["GET"]}}],"collection":[{"href":"https:\/\/peach-pump.com\/cs\/wp-json\/wp\/v2\/product"}],"about":[{"href":"https:\/\/peach-pump.com\/cs\/wp-json\/wp\/v2\/types\/product"}],"replies":[{"embeddable":true,"href":"https:\/\/peach-pump.com\/cs\/wp-json\/wp\/v2\/comments?post=27352"}],"version-history":[{"count":0,"href":"https:\/\/peach-pump.com\/cs\/wp-json\/wp\/v2\/product\/27352\/revisions"}],"wp:featuredmedia":[{"embeddable":true,"href":"https:\/\/peach-pump.com\/cs\/wp-json\/wp\/v2\/media\/17545"}],"wp:attachment":[{"href":"https:\/\/peach-pump.com\/cs\/wp-json\/wp\/v2\/media?parent=27352"}],"wp:term":[{"taxonomy":"product_brand","embeddable":true,"href":"https:\/\/peach-pump.com\/cs\/wp-json\/wp\/v2\/product_brand?post=27352"},{"taxonomy":"product_cat","embeddable":true,"href":"https:\/\/peach-pump.com\/cs\/wp-json\/wp\/v2\/product_cat?post=27352"},{"taxonomy":"product_tag","embeddable":true,"href":"https:\/\/peach-pump.com\/cs\/wp-json\/wp\/v2\/product_tag?post=27352"}],"curies":[{"name":"wp","href":"https:\/\/api.w.org\/{rel}","templated":true}]}}