{"id":148790,"date":"2026-04-25T08:38:19","date_gmt":"2026-04-25T06:38:19","guid":{"rendered":"https:\/\/peach-pump.com\/products\/ruzove-damske-leginy-efektni-bile-prosivani\/"},"modified":"2026-05-06T19:07:11","modified_gmt":"2026-05-06T17:07:11","slug":"ruzove-damske-leginy-efektni-bile-prosivani","status":"publish","type":"product","link":"https:\/\/peach-pump.com\/cs\/products\/ruzove-damske-leginy-efektni-bile-prosivani\/","title":{"rendered":"R\u016f\u017eov\u00e9 d\u00e1msk\u00e9 leg\u00edny s efektn\u00edm b\u00edl\u00fdm pro\u0161\u00edv\u00e1n\u00edm"},"content":{"rendered":"<p class=\"p1\"><span class=\"s2\">R\u016f\u017eov\u00e9 d\u00e1msk\u00e9 leg\u00edny s efektn\u00edm b\u00edl\u00fdm pro\u0161\u00edv\u00e1n\u00edm, kter\u00e9 kop\u00edruje svaly t\u011bla , model, v n\u011bm\u017e nem\u016f\u017eete z\u016fstat bez pov\u0161imnut\u00ed. Leg\u00edny jsou navr\u017eeny tak, aby zv\u00fdraznily postavu, vytvarovaly siluetu a poskytly maxim\u00e1ln\u00ed pohodl\u00ed p\u0159i tr\u00e9ninku i v ka\u017edodenn\u00edm \u017eivot\u011b.  <\/span><span class=\"s2\">Efektivn\u00ed \u0161vy kop\u00edruj\u00ed p\u0159irozen\u00e9 linie a svaly t\u011bla, opticky postavu prodlu\u017euj\u00ed a zd\u016fraz\u0148uj\u00ed k\u0159ivky. <\/span><\/p>\n<p class=\"p1\"><span class=\"s2\">Model m\u00e1 efekt tvarov\u00e1n\u00ed zadku s <\/span><span class=\"s1\">invisible scrunch, <\/span><span class=\"s2\">kter\u00fd p\u0159irozen\u011b pozved\u00e1 a tvaruje siluetu bez viditeln\u00e9ho nab\u00edr\u00e1n\u00ed vn\u011bj\u0161\u00edch \u0161v\u016f. <\/span> <span class=\"s2\">Jsou vyrobeny z pevn\u00e9 a p\u0159il\u00e9hav\u00e9 tkaniny, kter\u00e1 nezadr\u017euje vlhkost v t\u011ble , poskytuje pocit stability a volnosti pohybu. V pase je pohodln\u00e1 skryt\u00e1 kapsa, do n\u00ed\u017e se p\u0159i b\u011bhu vejde telefon, karta do posilovny nebo kl\u00ed\u010de. <\/span><\/p>\n<p class=\"p1\"><span class=\"s2\">Leg\u00edny jsou na p\u0159edn\u00ed i zadn\u00ed stran\u011b zakon\u010deny vy\u0161it\u00fdm logem Peach Pump. Stoj\u00ed velmi efektn\u011b a hod\u00ed se jak na sport, tak na modern\u00ed voln\u00fd \u010das. <\/span><\/p>\n<ul class=\"ul1\">\n<li class=\"li1\"><span class=\"s2\">Tkanina, kter\u00e1 nezadr\u017euje vlhkost v t\u011ble<\/span><\/li>\n<li class=\"li1\"><span class=\"s2\">Skryt\u00e1 kapsa u pasu na telefon, kartu nebo kl\u00ed\u010de<\/span><\/li>\n<li class=\"li1\"><span class=\"s2\">\u0160vy, kter\u00e9 kop\u00edruj\u00ed svaly a linie t\u011bla.<\/span><\/li>\n<li class=\"li1\"><span class=\"s2\">Efekt tvarov\u00e1n\u00ed zade\u010dku s invisible scrunch<\/span><\/li>\n<li class=\"li1\"><span class=\"s2\">Vy\u0161\u00edvan\u00e9 logo Peach Pump na p\u0159edn\u00ed a zadn\u00ed stran\u011b<\/span><\/li>\n<li class=\"li1\"><span class=\"s2\">Opticky prodlu\u017euje postavu<\/span><\/li>\n<li class=\"li1\"><span class=\"s2\">Vhodn\u00e9 i pro vy\u0161\u0161\u00ed postavu<\/span><\/li>\n<\/ul>\n<p>Leg\u00edny lze pr\u00e1t na 30 stup\u0148\u016f, neb\u011blit a ne\u010distit chemicky.<\/p>\n<p>Model na obr\u00e1zku m\u011b\u0159\u00ed 170 cm a v\u00e1\u017e\u00ed 53 kg. a m\u00e1 na sob\u011b velikost S. <\/p>\n<p>Pro v\u00fdb\u011br p\u0159esn\u00e9 velikosti pros\u00edm pou\u017eijte tabulek.<\/p>\n<p>73 % polyester 27 % elastan<\/p>\n","protected":false},"excerpt":{"rendered":"<p>R\u016f\u017eov\u00e9 d\u00e1msk\u00e9 leg\u00edny s efektn\u00edm b\u00edl\u00fdm pro\u0161\u00edv\u00e1n\u00edm, kter\u00e9 kop\u00edruje svaly t\u011bla , model, v n\u011bm\u017e nem\u016f\u017eete z\u016fstat bez pov\u0161imnut\u00ed. Leg\u00edny jsou navr\u017eeny tak, aby zv\u00fdraznily postavu, vytvarovaly siluetu a poskytly maxim\u00e1ln\u00ed pohodl\u00ed p\u0159i tr\u00e9ninku i v ka\u017edodenn\u00edm \u017eivot\u011b. Efektivn\u00ed \u0161vy kop\u00edruj\u00ed p\u0159irozen\u00e9 linie a svaly t\u011bla, opticky postavu prodlu\u017euj\u00ed a zd\u016fraz\u0148uj\u00ed k\u0159ivky. Model m\u00e1 efekt [&hellip;]<\/p>\n","protected":false},"featured_media":147933,"comment_status":"open","ping_status":"closed","template":"","meta":[],"product_brand":[],"product_cat":[137,296,194],"product_tag":[],"class_list":{"0":"post-148790","1":"product","2":"type-product","3":"status-publish","4":"has-post-thumbnail","6":"product_cat-damske-sportovni-leginy","7":"product_cat-damske-leginy-dlouhe","8":"product_cat-leginy-s-kapsami","9":"pa_cviat-ruzovy","10":"pa_razmer-m-cs","11":"pa_razmer-s-cs-2","12":"inventories-world","13":"inventories-pl","15":"first","16":"instock","17":"taxable","18":"shipping-taxable","19":"purchasable","20":"product-type-variable"},"_links":{"self":[{"href":"https:\/\/peach-pump.com\/en\/wp-json\/wp\/v2\/product\/148790","targetHints":{"allow":["GET"]}}],"collection":[{"href":"https:\/\/peach-pump.com\/en\/wp-json\/wp\/v2\/product"}],"about":[{"href":"https:\/\/peach-pump.com\/en\/wp-json\/wp\/v2\/types\/product"}],"replies":[{"embeddable":true,"href":"https:\/\/peach-pump.com\/en\/wp-json\/wp\/v2\/comments?post=148790"}],"version-history":[{"count":0,"href":"https:\/\/peach-pump.com\/en\/wp-json\/wp\/v2\/product\/148790\/revisions"}],"wp:featuredmedia":[{"embeddable":true,"href":"https:\/\/peach-pump.com\/en\/wp-json\/wp\/v2\/media\/147933"}],"wp:attachment":[{"href":"https:\/\/peach-pump.com\/en\/wp-json\/wp\/v2\/media?parent=148790"}],"wp:term":[{"taxonomy":"product_brand","embeddable":true,"href":"https:\/\/peach-pump.com\/en\/wp-json\/wp\/v2\/product_brand?post=148790"},{"taxonomy":"product_cat","embeddable":true,"href":"https:\/\/peach-pump.com\/en\/wp-json\/wp\/v2\/product_cat?post=148790"},{"taxonomy":"product_tag","embeddable":true,"href":"https:\/\/peach-pump.com\/en\/wp-json\/wp\/v2\/product_tag?post=148790"}],"curies":[{"name":"wp","href":"https:\/\/api.w.org\/{rel}","templated":true}]}}