{"id":138872,"date":"2025-12-07T20:25:43","date_gmt":"2025-12-07T18:25:43","guid":{"rendered":"https:\/\/peach-pump.com\/products\/kratka-bila-bunda-vysivka-na-zadech\/"},"modified":"2026-03-27T16:05:41","modified_gmt":"2026-03-27T14:05:41","slug":"kratka-bila-bunda-vysivka-na-zadech","status":"publish","type":"product","link":"https:\/\/peach-pump.com\/cs\/products\/kratka-bila-bunda-vysivka-na-zadech\/","title":{"rendered":"Kr\u00e1tk\u00e1 b\u00edl\u00e1 bunda s v\u00fd\u0161ivkou na z\u00e1dech"},"content":{"rendered":"<p class=\"p1\"><span class=\"s1\">Kr\u00e1tk\u00e1 b\u00edl\u00e1 bunda s v\u00fd\u0161ivkou na z\u00e1dech vyroben\u00e1 z <\/span><span class=\"s2\">m\u011bkk\u00e9 a hladk\u00e9 tkaniny<\/span><span class=\"s1\">poskytuj\u00edc\u00ed pohodl\u00ed p\u0159i sportu i ka\u017edodenn\u00edm no\u0161en\u00ed. Model m\u00e1  <\/span><span class=\"s2\">dvoucestn\u00fd zip s vyryt\u00fdm logem Peach Pump vp\u0159edu<\/span><span class=\"s1\">co\u017e umo\u017e\u0148uje r\u016fzn\u00e9 zp\u016fsoby no\u0161en\u00ed &#8211; zcela zapnut\u00e9, polootev\u0159en\u00e9 nebo jako stylov\u00fd akcent. Bunda se vyzna\u010duje  <\/span><span class=\"s2\">dv\u011bma bo\u010dn\u00edmi kapsami uzav\u00edrateln\u00fdmi na zip s vyryt\u00fdmi logem zna\u010dku na zipu<\/span><span class=\"s1\">. Ruk\u00e1vy, l\u00edmec a spodn\u00ed lem jsou  <\/span><span class=\"s2\">elastick\u00e9 \u017eebrovan\u00e9 man\u017eety<\/span><span class=\"s1\">kter\u00e9 zaji\u0161\u0165uj\u00ed pohodln\u00e9 no\u0161en\u00ed a zv\u00fdraz\u0148uj\u00ed sportovn\u00ed siluetu. Zvl\u00e1\u0161tn\u00edm d\u016frazem jsou  <\/span><span class=\"s2\">detailn\u00ed 2D a 3D v\u00fd\u0161ivky na zadn\u00ed stran\u011b<\/span><span class=\"s1\">. Na p\u0159edn\u00ed stran\u011b je nav\u00edc mal\u00e9 kovov\u00e9 logo Peach Pump.  <\/span><\/p>\n<p class=\"p1\"><span class=\"s1\">Tkanina je mimo\u0159\u00e1dn\u011b m\u011bkk\u00e1, jemn\u00e1 k poko\u017ece a \u010dasem odoln\u00e1 &#8211; snadno se nema\u010dk\u00e1 a udr\u017euje si tvar i p\u0159i \u010dast\u00e9m no\u0161en\u00ed. D\u00edky modern\u00edmu kr\u00e1tk\u00e9mu st\u0159ihu bunda kr\u00e1sn\u011b p\u0159il\u00e9h\u00e1 k t\u011blu, zv\u00fdraz\u0148uje siluetu, ani\u017e by omezovala v pohybu.   <\/span>B\u00edl\u00e1 bunda p\u016fsob\u00ed m\u00f3dn\u011b a snadno se kombinuje s jak\u00fdmkoli stylem a barvou. <span class=\"s1\">Jedn\u00e1 se o model, kter\u00fd kombinuje styl, pohodl\u00ed a vysokou kvalitu &#8211; ide\u00e1ln\u00ed volba pro \u017eeny, kter\u00e9 hledaj\u00ed n\u011bco jin\u00e9ho, m\u00f3dn\u00edho a p\u016fsobiv\u00e9ho do sv\u00e9ho sportovn\u00edho \u0161atn\u00edku. <\/span><\/p>\n<p class=\"p1\"><span class=\"s1\"> &#8211; M\u011bkk\u00e1 a na dotek p\u0159\u00edjemn\u00e1 tkanina<\/span><\/p>\n<p class=\"p3\"><span class=\"s1\"> &#8211; Dvoucestn\u00fd p\u0159edn\u00ed zip s vyryt\u00fdm logem Peach Pump.<\/span><\/p>\n<p class=\"p3\"><span class=\"s1\">  &#8211; Bo\u010dn\u00ed kapsy se zap\u00edn\u00e1n\u00edm na zip, op\u011bt s vyryt\u00fdm logem Peach Pump  <\/span><\/p>\n<p class=\"p3\"><span class=\"s1\">  &#8211; \u017debrovan\u00e9 man\u017eety na ruk\u00e1vech, l\u00edmci a spodn\u00edm lemu.<\/span><\/p>\n<p class=\"p3\"><span class=\"s1\">  &#8211; Kvalitn\u00ed 2D a 3D v\u00fd\u0161ivka na zadn\u00ed stran\u011b<\/span><\/p>\n<p class=\"p3\"><span class=\"s1\">  &#8211; Kr\u00e1tk\u00e1 modern\u00ed silueta<\/span><\/p>\n<p class=\"p3\"><span class=\"s1\">  &#8211; Vhodn\u00e9 pro sportovn\u00ed i le\u017e\u00e9rn\u00ed vzhled<\/span><\/p>\n<p>Slo\u017een\u00ed: 52 % modal \/ 43 % polyester \/ 5 % spandex.<\/p>\n<p>Bundu lze pr\u00e1t na 30 stup\u0148\u016f, neb\u011blit a ne\u010distit chemicky<\/p>\n<p>Modelka na obr\u00e1zku m\u011b\u0159\u00ed 170 cm, v\u00e1\u017e\u00ed 52 kg a m\u00e1 na sob\u011b velikost S.<\/p>\n","protected":false},"excerpt":{"rendered":"<p>Kr\u00e1tk\u00e1 b\u00edl\u00e1 bunda s v\u00fd\u0161ivkou na z\u00e1dech vyroben\u00e1 z m\u011bkk\u00e9 a hladk\u00e9 tkaninyposkytuj\u00edc\u00ed pohodl\u00ed p\u0159i sportu i ka\u017edodenn\u00edm no\u0161en\u00ed. Model m\u00e1 dvoucestn\u00fd zip s vyryt\u00fdm logem Peach Pump vp\u0159educo\u017e umo\u017e\u0148uje r\u016fzn\u00e9 zp\u016fsoby no\u0161en\u00ed &#8211; zcela zapnut\u00e9, polootev\u0159en\u00e9 nebo jako stylov\u00fd akcent. Bunda se vyzna\u010duje dv\u011bma bo\u010dn\u00edmi kapsami uzav\u00edrateln\u00fdmi na zip s vyryt\u00fdmi logem zna\u010dku na [&hellip;]<\/p>\n","protected":false},"featured_media":138432,"comment_status":"open","ping_status":"closed","template":"","meta":[],"product_brand":[],"product_cat":[920,1118],"product_tag":[],"class_list":{"0":"post-138872","1":"product","2":"type-product","3":"status-publish","4":"has-post-thumbnail","6":"product_cat-damske-bundy","7":"product_cat-damske-mikiny-s-kapuci","8":"pa_cviat-bily-cs","9":"pa_razmer-l-cs","10":"pa_razmer-m-cs","11":"pa_razmer-s-cs-2","12":"inventories-world","13":"inventories-pl","15":"first","16":"instock","17":"taxable","18":"shipping-taxable","19":"purchasable","20":"product-type-variable"},"_links":{"self":[{"href":"https:\/\/peach-pump.com\/en\/wp-json\/wp\/v2\/product\/138872","targetHints":{"allow":["GET"]}}],"collection":[{"href":"https:\/\/peach-pump.com\/en\/wp-json\/wp\/v2\/product"}],"about":[{"href":"https:\/\/peach-pump.com\/en\/wp-json\/wp\/v2\/types\/product"}],"replies":[{"embeddable":true,"href":"https:\/\/peach-pump.com\/en\/wp-json\/wp\/v2\/comments?post=138872"}],"version-history":[{"count":0,"href":"https:\/\/peach-pump.com\/en\/wp-json\/wp\/v2\/product\/138872\/revisions"}],"wp:featuredmedia":[{"embeddable":true,"href":"https:\/\/peach-pump.com\/en\/wp-json\/wp\/v2\/media\/138432"}],"wp:attachment":[{"href":"https:\/\/peach-pump.com\/en\/wp-json\/wp\/v2\/media?parent=138872"}],"wp:term":[{"taxonomy":"product_brand","embeddable":true,"href":"https:\/\/peach-pump.com\/en\/wp-json\/wp\/v2\/product_brand?post=138872"},{"taxonomy":"product_cat","embeddable":true,"href":"https:\/\/peach-pump.com\/en\/wp-json\/wp\/v2\/product_cat?post=138872"},{"taxonomy":"product_tag","embeddable":true,"href":"https:\/\/peach-pump.com\/en\/wp-json\/wp\/v2\/product_tag?post=138872"}],"curies":[{"name":"wp","href":"https:\/\/api.w.org\/{rel}","templated":true}]}}