{"id":136048,"date":"2025-11-05T14:02:38","date_gmt":"2025-11-05T12:02:38","guid":{"rendered":"https:\/\/peach-pump.com\/products\/kotnikove-pasky\/"},"modified":"2026-04-26T16:35:47","modified_gmt":"2026-04-26T14:35:47","slug":"kotnikove-pasky","status":"publish","type":"product","link":"https:\/\/peach-pump.com\/cs\/products\/kotnikove-pasky\/","title":{"rendered":"Kotn\u00edkov\u00e9 p\u00e1sky pro tr\u00e9nink zade\u010dku a nohou &#8211; Galaxy"},"content":{"rendered":"<p>Posu\u0148te sv\u016fj fitness tr\u00e9nink na vy\u0161\u0161\u00ed \u00farove\u0148 na\u0161imi kotn\u00edkov\u00fdmi p\u00e1skami s potiskem Galaxy pro kotn\u00edky na lanov\u00fd posilovac\u00ed stroj. Jsou navr\u017eeny tak, aby poskytovaly maxim\u00e1ln\u00ed pohodl\u00ed, stabilitu a v\u00fdkon p\u0159i cvi\u010den\u00ed zadku, bok\u016f a nohou. <\/p>\n<ul>\n<li>M\u011bkk\u00e1 pod\u0161\u00edvka chr\u00e1n\u00ed kotn\u00edk p\u0159ed t\u0159en\u00edm a tlakem p\u0159i intenzivn\u011bj\u0161\u00edm tr\u00e9ninku.<\/li>\n<\/ul>\n<ul>\n<li>Bezpe\u010dn\u00e9 zap\u00edn\u00e1n\u00ed pomoc\u00ed siln\u00e9ho such\u00e9ho zipu a kovov\u00e9ho D-krou\u017eku<\/li>\n<\/ul>\n<ul>\n<li>Ide\u00e1ln\u00ed pro cviky, jako jsou kickbacky na lan\u011b, h\u00fd\u017e\u010fov\u00e9 kopy, pokr\u010den\u00ed nohou a abdukce &#8211; pro pevn\u00e9 a tvarovan\u00e9 h\u00fd\u017e\u010fov\u00e9 svaly.<\/li>\n<\/ul>\n<ul>\n<li>Pou\u017e\u00edv\u00e1 se v posilovn\u011b nebo p\u0159i dom\u00e1c\u00edm cvi\u010den\u00ed s p\u00e1sy.<\/li>\n<\/ul>\n<p>Slo\u017een\u00ed: k\u016f\u017ee, such\u00fd zip, kovov\u00fd D-krou\u017eek<\/p>\n<p>Univerz\u00e1ln\u00ed velikost<\/p>\n","protected":false},"excerpt":{"rendered":"<p>Posu\u0148te sv\u016fj fitness tr\u00e9nink na vy\u0161\u0161\u00ed \u00farove\u0148 na\u0161imi kotn\u00edkov\u00fdmi p\u00e1skami s potiskem Galaxy pro kotn\u00edky na lanov\u00fd posilovac\u00ed stroj. Jsou navr\u017eeny tak, aby poskytovaly maxim\u00e1ln\u00ed pohodl\u00ed, stabilitu a v\u00fdkon p\u0159i cvi\u010den\u00ed zadku, bok\u016f a nohou. M\u011bkk\u00e1 pod\u0161\u00edvka chr\u00e1n\u00ed kotn\u00edk p\u0159ed t\u0159en\u00edm a tlakem p\u0159i intenzivn\u011bj\u0161\u00edm tr\u00e9ninku. Bezpe\u010dn\u00e9 zap\u00edn\u00e1n\u00ed pomoc\u00ed siln\u00e9ho such\u00e9ho zipu a kovov\u00e9ho D-krou\u017eku [&hellip;]<\/p>\n","protected":false},"featured_media":134171,"comment_status":"open","ping_status":"closed","template":"","meta":[],"product_brand":[],"product_cat":[791],"product_tag":[],"class_list":{"0":"post-136048","1":"product","2":"type-product","3":"status-publish","4":"has-post-thumbnail","6":"product_cat-doplnky","7":"pa_cviat-modra","8":"pa_razmer-jedna-velikost","9":"inventories-world","11":"first","12":"instock","13":"taxable","14":"shipping-taxable","15":"purchasable","16":"product-type-variable"},"_links":{"self":[{"href":"https:\/\/peach-pump.com\/en\/wp-json\/wp\/v2\/product\/136048","targetHints":{"allow":["GET"]}}],"collection":[{"href":"https:\/\/peach-pump.com\/en\/wp-json\/wp\/v2\/product"}],"about":[{"href":"https:\/\/peach-pump.com\/en\/wp-json\/wp\/v2\/types\/product"}],"replies":[{"embeddable":true,"href":"https:\/\/peach-pump.com\/en\/wp-json\/wp\/v2\/comments?post=136048"}],"version-history":[{"count":0,"href":"https:\/\/peach-pump.com\/en\/wp-json\/wp\/v2\/product\/136048\/revisions"}],"wp:featuredmedia":[{"embeddable":true,"href":"https:\/\/peach-pump.com\/en\/wp-json\/wp\/v2\/media\/134171"}],"wp:attachment":[{"href":"https:\/\/peach-pump.com\/en\/wp-json\/wp\/v2\/media?parent=136048"}],"wp:term":[{"taxonomy":"product_brand","embeddable":true,"href":"https:\/\/peach-pump.com\/en\/wp-json\/wp\/v2\/product_brand?post=136048"},{"taxonomy":"product_cat","embeddable":true,"href":"https:\/\/peach-pump.com\/en\/wp-json\/wp\/v2\/product_cat?post=136048"},{"taxonomy":"product_tag","embeddable":true,"href":"https:\/\/peach-pump.com\/en\/wp-json\/wp\/v2\/product_tag?post=136048"}],"curies":[{"name":"wp","href":"https:\/\/api.w.org\/{rel}","templated":true}]}}