{"id":136046,"date":"2025-11-05T14:09:01","date_gmt":"2025-11-05T12:09:01","guid":{"rendered":"https:\/\/peach-pump.com\/products\/%d1%84%d0%b8%d1%82%d0%bd%d0%b5%d1%81-%d0%ba%d0%b0%d0%b8%d1%88%d0%ba%d0%b8-%d0%b7%d0%b0-%d0%b3%d0%bb%d0%b5%d0%b7%d0%b5%d0%bd\/"},"modified":"2026-03-12T11:49:44","modified_gmt":"2026-03-12T09:49:44","slug":"%d1%84%d0%b8%d1%82%d0%bd%d0%b5%d1%81-%d0%ba%d0%b0%d0%b8%d1%88%d0%ba%d0%b8-%d0%b7%d0%b0-%d0%b3%d0%bb%d0%b5%d0%b7%d0%b5%d0%bd","status":"publish","type":"product","link":"https:\/\/peach-pump.com\/cs\/products\/%d1%84%d0%b8%d1%82%d0%bd%d0%b5%d1%81-%d0%ba%d0%b0%d0%b8%d1%88%d0%ba%d0%b8-%d0%b7%d0%b0-%d0%b3%d0%bb%d0%b5%d0%b7%d0%b5%d0%bd\/","title":{"rendered":"Fitness p\u00e1sky na kotn\u00edky pro cvi\u010den\u00ed zadku a nohou &#8211; Earth"},"content":{"rendered":"<p>Posu\u0148te sv\u00e9 tr\u00e9ninky na vy\u0161\u0161\u00ed \u00farove\u0148 fitness p\u00e1skami na kotn\u00edky s potiskem Earth pro vlek. Jsou navr\u017eeny tak, aby poskytovaly maxim\u00e1ln\u00ed pohodl\u00ed, stabilitu a v\u00fdkon p\u0159i cvi\u010den\u00ed zadku, stehen a nohou. <\/p>\n<ul>\n<li>M\u011bkk\u00e1 pod\u0161\u00edvka chr\u00e1n\u00ed kotn\u00edk p\u0159ed t\u0159en\u00edm a tlakem i p\u0159i intenzivn\u011bj\u0161\u00edm tr\u00e9ninku.<\/li>\n<\/ul>\n<ul>\n<li>Bezpe\u010dn\u00e9 zap\u00edn\u00e1n\u00ed pomoc\u00ed siln\u00e9ho such\u00e9ho zipu a kovov\u00e9ho D-krou\u017eku<\/li>\n<\/ul>\n<ul>\n<li>Ide\u00e1ln\u00ed pro cviky, jako jsou kickbacky na lan\u011b, h\u00fd\u017e\u010fov\u00e9 kopy, pokr\u010den\u00ed nohou a abdukce &#8211; pro pevn\u00e9 a tvarovan\u00e9 h\u00fd\u017e\u010fov\u00e9 svaly.<\/li>\n<\/ul>\n<ul>\n<li>Pou\u017e\u00edv\u00e1 se v posilovn\u011b nebo p\u0159i dom\u00e1c\u00edm tr\u00e9ninku.<\/li>\n<\/ul>\n<p>Slo\u017een\u00ed: k\u016f\u017ee, such\u00fd zip, kovov\u00fd D-krou\u017eek<\/p>\n<p>Univerz\u00e1ln\u00ed velikost<\/p>\n<p>&nbsp;<\/p>\n","protected":false},"excerpt":{"rendered":"<p>Posu\u0148te sv\u00e9 tr\u00e9ninky na vy\u0161\u0161\u00ed \u00farove\u0148 fitness p\u00e1skami na kotn\u00edky s potiskem Earth pro vlek. Jsou navr\u017eeny tak, aby poskytovaly maxim\u00e1ln\u00ed pohodl\u00ed, stabilitu a v\u00fdkon p\u0159i cvi\u010den\u00ed zadku, stehen a nohou. M\u011bkk\u00e1 pod\u0161\u00edvka chr\u00e1n\u00ed kotn\u00edk p\u0159ed t\u0159en\u00edm a tlakem i p\u0159i intenzivn\u011bj\u0161\u00edm tr\u00e9ninku. Bezpe\u010dn\u00e9 zap\u00edn\u00e1n\u00ed pomoc\u00ed siln\u00e9ho such\u00e9ho zipu a kovov\u00e9ho D-krou\u017eku Ide\u00e1ln\u00ed pro cviky, [&hellip;]<\/p>\n","protected":false},"featured_media":134248,"comment_status":"open","ping_status":"closed","template":"","meta":[],"product_brand":[],"product_cat":[791],"product_tag":[],"class_list":{"0":"post-136046","1":"product","2":"type-product","3":"status-publish","4":"has-post-thumbnail","6":"product_cat-doplnky","7":"pa_cviat-hneda","8":"pa_razmer-jedna-velikost","9":"inventories-world","11":"first","12":"instock","13":"taxable","14":"shipping-taxable","15":"purchasable","16":"product-type-variable"},"_links":{"self":[{"href":"https:\/\/peach-pump.com\/cs\/wp-json\/wp\/v2\/product\/136046","targetHints":{"allow":["GET"]}}],"collection":[{"href":"https:\/\/peach-pump.com\/cs\/wp-json\/wp\/v2\/product"}],"about":[{"href":"https:\/\/peach-pump.com\/cs\/wp-json\/wp\/v2\/types\/product"}],"replies":[{"embeddable":true,"href":"https:\/\/peach-pump.com\/cs\/wp-json\/wp\/v2\/comments?post=136046"}],"version-history":[{"count":0,"href":"https:\/\/peach-pump.com\/cs\/wp-json\/wp\/v2\/product\/136046\/revisions"}],"wp:featuredmedia":[{"embeddable":true,"href":"https:\/\/peach-pump.com\/cs\/wp-json\/wp\/v2\/media\/134248"}],"wp:attachment":[{"href":"https:\/\/peach-pump.com\/cs\/wp-json\/wp\/v2\/media?parent=136046"}],"wp:term":[{"taxonomy":"product_brand","embeddable":true,"href":"https:\/\/peach-pump.com\/cs\/wp-json\/wp\/v2\/product_brand?post=136046"},{"taxonomy":"product_cat","embeddable":true,"href":"https:\/\/peach-pump.com\/cs\/wp-json\/wp\/v2\/product_cat?post=136046"},{"taxonomy":"product_tag","embeddable":true,"href":"https:\/\/peach-pump.com\/cs\/wp-json\/wp\/v2\/product_tag?post=136046"}],"curies":[{"name":"wp","href":"https:\/\/api.w.org\/{rel}","templated":true}]}}