{"id":136040,"date":"2025-11-22T22:25:55","date_gmt":"2025-11-22T20:25:55","guid":{"rendered":"https:\/\/peach-pump.com\/products\/bezove-bezesve-leginy-stredne-vysoky-pas\/"},"modified":"2026-04-05T23:59:24","modified_gmt":"2026-04-05T21:59:24","slug":"bezove-bezesve-leginy-stredne-vysoky-pas","status":"publish","type":"product","link":"https:\/\/peach-pump.com\/cs\/products\/bezove-bezesve-leginy-stredne-vysoky-pas\/","title":{"rendered":"B\u00e9\u017eov\u00e9 beze\u0161v\u00e9 leg\u00edny se st\u0159edn\u011b vysok\u00fdm pasem"},"content":{"rendered":"<p>B\u00e9\u017eov\u00e9 beze\u0161v\u00e9 leg\u00edny vytvo\u0159en\u00e9 z pevn\u00e9 , pru\u017en\u00e9 a na dotek m\u011bkk\u00e9 tkaniny. Tento model dokonale postavu tvaruje, m\u00e1 st\u0159edn\u011b vysok\u00fd pas, zakr\u00fdv\u00e1 problematick\u00e9 partie, odv\u00e1d\u00ed vlhkost od t\u011bla a tvaruje broskvov\u00fd zade\u010dek pro kr\u00e1snou a p\u016fvabnou siluetu.  V tomto modelu se budete c\u00edtit pohodln\u011b a sebejist\u011b. Leg\u00edny jsou navr\u017eeny tak, aby zd\u016fraz\u0148ovaly p\u0159irozen\u00e9 k\u0159ivky a poskytovaly maxim\u00e1ln\u00ed pohodl\u00ed po cel\u00fd den. Padnou jako druh\u00e1 k\u016f\u017ee a siluetu tvaruj\u00ed, ani\u017e by stahovaly nebo dr\u00e1\u017edily poko\u017eku. Jsou k dispozici v n\u011bkolika trendov\u00fdch barv\u00e1ch pro tuto sez\u00f3nu.  <\/p>\n<ul>\n<li>Pr\u016fm\u011brn\u00e1 velikost pasu<\/li>\n<li>Beze\u0161v\u00e1 tkanina<\/li>\n<li>Zvedaj\u00ed, vytvaruj\u00ed, zakr\u00fdvaj\u00ed probl\u00e9mov\u00e9 oblasti<\/li>\n<li>\u017debrovan\u00fd d\u00edl v pase, kter\u00fd pas obep\u00edn\u00e1<\/li>\n<li>Broskvov\u00fd efekt<\/li>\n<li>Beze \u0161vu vp\u0159edu<\/li>\n<li>Tepeln\u00fd potisk loga Peach Pump na zadn\u00ed stran\u011b leg\u00edn<\/li>\n<li>Logo Peach Pump na stehn\u011b<\/li>\n<li>Materi\u00e1l odv\u00e1d\u011bj\u00edc\u00ed vlhkost od t\u011bla<\/li>\n<\/ul>\n<p>Slo\u017een\u00ed: 80 % polyester, 20 % elastan<\/p>\n<p>Leg\u00edny lze pr\u00e1t na 30 stup\u0148\u016f, neb\u011blit a ne\u010distit chemicky.<\/p>\n<p>Modelka na obr\u00e1zku je vysok\u00e1 178 cm, v\u00e1\u017e\u00ed 56 kg a m\u00e1 na sob\u011b velikost S.<\/p>\n<p>Pro v\u00fdb\u011br p\u0159esn\u00e9 velikosti pros\u00edm pou\u017eijte tabulek.<\/p>\n","protected":false},"excerpt":{"rendered":"<p>B\u00e9\u017eov\u00e9 beze\u0161v\u00e9 leg\u00edny vytvo\u0159en\u00e9 z pevn\u00e9 , pru\u017en\u00e9 a na dotek m\u011bkk\u00e9 tkaniny. Tento model dokonale postavu tvaruje, m\u00e1 st\u0159edn\u011b vysok\u00fd pas, zakr\u00fdv\u00e1 problematick\u00e9 partie, odv\u00e1d\u00ed vlhkost od t\u011bla a tvaruje broskvov\u00fd zade\u010dek pro kr\u00e1snou a p\u016fvabnou siluetu. V tomto modelu se budete c\u00edtit pohodln\u011b a sebejist\u011b. Leg\u00edny jsou navr\u017eeny tak, aby zd\u016fraz\u0148ovaly p\u0159irozen\u00e9 k\u0159ivky [&hellip;]<\/p>\n","protected":false},"featured_media":135505,"comment_status":"open","ping_status":"closed","template":"","meta":[],"product_brand":[],"product_cat":[137,296],"product_tag":[],"class_list":{"0":"post-136040","1":"product","2":"type-product","3":"status-publish","4":"has-post-thumbnail","6":"product_cat-damske-sportovni-leginy","7":"product_cat-damske-leginy-dlouhe","8":"pa_cviat-bezove","9":"pa_razmer-l-cs","10":"pa_razmer-m-cs","11":"pa_razmer-s-cs-2","12":"inventories-world","13":"inventories-pl","15":"first","16":"instock","17":"taxable","18":"shipping-taxable","19":"purchasable","20":"product-type-variable"},"_links":{"self":[{"href":"https:\/\/peach-pump.com\/en\/wp-json\/wp\/v2\/product\/136040","targetHints":{"allow":["GET"]}}],"collection":[{"href":"https:\/\/peach-pump.com\/en\/wp-json\/wp\/v2\/product"}],"about":[{"href":"https:\/\/peach-pump.com\/en\/wp-json\/wp\/v2\/types\/product"}],"replies":[{"embeddable":true,"href":"https:\/\/peach-pump.com\/en\/wp-json\/wp\/v2\/comments?post=136040"}],"version-history":[{"count":0,"href":"https:\/\/peach-pump.com\/en\/wp-json\/wp\/v2\/product\/136040\/revisions"}],"wp:featuredmedia":[{"embeddable":true,"href":"https:\/\/peach-pump.com\/en\/wp-json\/wp\/v2\/media\/135505"}],"wp:attachment":[{"href":"https:\/\/peach-pump.com\/en\/wp-json\/wp\/v2\/media?parent=136040"}],"wp:term":[{"taxonomy":"product_brand","embeddable":true,"href":"https:\/\/peach-pump.com\/en\/wp-json\/wp\/v2\/product_brand?post=136040"},{"taxonomy":"product_cat","embeddable":true,"href":"https:\/\/peach-pump.com\/en\/wp-json\/wp\/v2\/product_cat?post=136040"},{"taxonomy":"product_tag","embeddable":true,"href":"https:\/\/peach-pump.com\/en\/wp-json\/wp\/v2\/product_tag?post=136040"}],"curies":[{"name":"wp","href":"https:\/\/api.w.org\/{rel}","templated":true}]}}