{"id":136017,"date":"2025-11-22T22:57:03","date_gmt":"2025-11-22T20:57:03","guid":{"rendered":"https:\/\/peach-pump.com\/products\/leginy-se-stredne-vysokym-pasem-hnede\/"},"modified":"2026-04-05T21:34:43","modified_gmt":"2026-04-05T19:34:43","slug":"leginy-se-stredne-vysokym-pasem-hnede","status":"publish","type":"product","link":"https:\/\/peach-pump.com\/cs\/products\/leginy-se-stredne-vysokym-pasem-hnede\/","title":{"rendered":"Hn\u011bd\u00e9 sportovn\u00ed leg\u00edny kakaov\u00e9 barvy se st\u0159edn\u011b vysok\u00fdm pasem a uvnit\u0159 zateplen\u00e9"},"content":{"rendered":"<p>Hn\u011bd\u00e9 sportovn\u00ed leg\u00edny barvy Cacao se st\u0159edn\u011b vysok\u00fdm pasem a uvnit\u0159 zateplen\u00e9. Pocit opravdov\u00e9ho pohodl\u00ed navr\u017een\u00fd tak, aby poskytoval maxim\u00e1ln\u00ed m\u011bkkost na vnit\u0159n\u00ed stran\u011b a dokonal\u00e9 p\u0159izp\u016fsoben\u00ed na vn\u011bj\u0161\u00ed stran\u011b. Vyroben\u00e9 z elastick\u00e9 tkaniny, bez tvaruj\u00edc\u00edho efektu, se st\u0159edn\u011b vysok\u00fdm pasem. Leg\u00edny t\u011blo obep\u00ednaj\u00ed a zv\u00fdraz\u0148uj\u00ed p\u0159irozen\u00e9 tvary, ani\u017e by tla\u010dily. Zevnit\u0159 jsou m\u011bkk\u00e9 a jemn\u00e9 k poko\u017ece, tak\u017ee jsou ide\u00e1ln\u00ed jak na tr\u00e9nink, tak na ka\u017edodenn\u00ed no\u0161en\u00ed, ch\u016fzi v chladn\u011bj\u0161\u00edm po\u010das\u00ed. Tkanina je pevn\u00e1 a nem\u00e1 \u017e\u00e1dnou pr\u016fsvitnost. Nab\u00edzej\u00ed se v n\u011bkolika barv\u00e1ch trendov\u00fdch pro zimn\u00ed sez\u00f3nu, kter\u00e9 lze snadno kombinovat.      <\/p>\n<ul>\n<li>Pr\u016fm\u011brn\u00e1 velikost pasu<\/li>\n<li>Elastick\u00e1 tkanina (model na obr\u00e1zc\u00edch m\u011b\u0159\u00ed 178 cm a v\u00e1\u017e\u00ed 56 kg).<\/li>\n<li>uvnit\u0159 zateplen\u00e9<\/li>\n<li>Logo a n\u00e1pis Peach Pump<\/li>\n<li>Pevn\u00e1 tkanina bez pr\u016fhlednosti<\/li>\n<li>Prody\u0161n\u00e1 tkanina<\/li>\n<li>Vhodn\u00e9 pro sport, ch\u016fzi i ka\u017edodenn\u00ed no\u0161en\u00ed<\/li>\n<\/ul>\n<p>Slo\u017een\u00ed: 80 % polyester, 20 % elastan<\/p>\n<p>Leg\u00edny lze pr\u00e1t na 30 stup\u0148\u016f, neb\u011blit a ne\u010distit chemicky.<\/p>\n<p>Modelka na obr\u00e1zku je vysok\u00e1 178 cm, v\u00e1\u017e\u00ed 56 kg a m\u00e1 na sob\u011b velikost S.<\/p>\n<p>Pro v\u00fdb\u011br p\u0159esn\u00e9 velikosti pros\u00edm pou\u017eijte tabulek.<\/p>\n","protected":false},"excerpt":{"rendered":"<p>Hn\u011bd\u00e9 sportovn\u00ed leg\u00edny barvy Cacao se st\u0159edn\u011b vysok\u00fdm pasem a uvnit\u0159 zateplen\u00e9. Pocit opravdov\u00e9ho pohodl\u00ed navr\u017een\u00fd tak, aby poskytoval maxim\u00e1ln\u00ed m\u011bkkost na vnit\u0159n\u00ed stran\u011b a dokonal\u00e9 p\u0159izp\u016fsoben\u00ed na vn\u011bj\u0161\u00ed stran\u011b. Vyroben\u00e9 z elastick\u00e9 tkaniny, bez tvaruj\u00edc\u00edho efektu, se st\u0159edn\u011b vysok\u00fdm pasem. Leg\u00edny t\u011blo obep\u00ednaj\u00ed a zv\u00fdraz\u0148uj\u00ed p\u0159irozen\u00e9 tvary, ani\u017e by tla\u010dily. Zevnit\u0159 jsou m\u011bkk\u00e9 a [&hellip;]<\/p>\n","protected":false},"featured_media":135772,"comment_status":"open","ping_status":"closed","template":"","meta":[],"product_brand":[],"product_cat":[137,296],"product_tag":[],"class_list":{"0":"post-136017","1":"product","2":"type-product","3":"status-publish","4":"has-post-thumbnail","6":"product_cat-damske-sportovni-leginy","7":"product_cat-damske-leginy-dlouhe","8":"pa_cviat-hneda","9":"pa_razmer-l-cs","10":"pa_razmer-m-cs","11":"pa_razmer-s-cs-2","12":"inventories-world","13":"inventories-pl","15":"first","16":"instock","17":"taxable","18":"shipping-taxable","19":"purchasable","20":"product-type-variable"},"_links":{"self":[{"href":"https:\/\/peach-pump.com\/cs\/wp-json\/wp\/v2\/product\/136017","targetHints":{"allow":["GET"]}}],"collection":[{"href":"https:\/\/peach-pump.com\/cs\/wp-json\/wp\/v2\/product"}],"about":[{"href":"https:\/\/peach-pump.com\/cs\/wp-json\/wp\/v2\/types\/product"}],"replies":[{"embeddable":true,"href":"https:\/\/peach-pump.com\/cs\/wp-json\/wp\/v2\/comments?post=136017"}],"version-history":[{"count":0,"href":"https:\/\/peach-pump.com\/cs\/wp-json\/wp\/v2\/product\/136017\/revisions"}],"wp:featuredmedia":[{"embeddable":true,"href":"https:\/\/peach-pump.com\/cs\/wp-json\/wp\/v2\/media\/135772"}],"wp:attachment":[{"href":"https:\/\/peach-pump.com\/cs\/wp-json\/wp\/v2\/media?parent=136017"}],"wp:term":[{"taxonomy":"product_brand","embeddable":true,"href":"https:\/\/peach-pump.com\/cs\/wp-json\/wp\/v2\/product_brand?post=136017"},{"taxonomy":"product_cat","embeddable":true,"href":"https:\/\/peach-pump.com\/cs\/wp-json\/wp\/v2\/product_cat?post=136017"},{"taxonomy":"product_tag","embeddable":true,"href":"https:\/\/peach-pump.com\/cs\/wp-json\/wp\/v2\/product_tag?post=136017"}],"curies":[{"name":"wp","href":"https:\/\/api.w.org\/{rel}","templated":true}]}}