{"id":134608,"date":"2025-11-05T14:47:03","date_gmt":"2025-11-05T12:47:03","guid":{"rendered":"https:\/\/peach-pump.com\/products\/cerne-sportovni-leginy-siroke-nohavice\/"},"modified":"2026-04-05T10:41:25","modified_gmt":"2026-04-05T08:41:25","slug":"cerne-sportovni-leginy-siroke-nohavice","status":"publish","type":"product","link":"https:\/\/peach-pump.com\/cs\/products\/cerne-sportovni-leginy-siroke-nohavice\/","title":{"rendered":"\u010cern\u00e9 sportovn\u00ed leg\u00edny se \u0161irok\u00fdmi nohavicemi"},"content":{"rendered":"<p>Tyto \u010dern\u00e9 sportovn\u00ed leg\u00edny s \u0161irok\u00fdmi nohavicemi rovn\u00e9ho st\u0159ihu jsou ide\u00e1ln\u00ed volbou na tr\u00e9nink i ka\u017edodenn\u00ed aktivity. Jsou vyrobeny z m\u011bkk\u00e9, pru\u017en\u00e9 a prody\u0161n\u00e9 tkaniny, kter\u00e1 zaji\u0161\u0165uje volnost pohybu a d\u00edky sv\u00e9mu st\u0159ihu, kter\u00fd siluetu prodlu\u017euje, dokonale k t\u011blu p\u0159il\u00e9haj\u00ed. Tkanina je \u0161etrn\u00e1 k poko\u017ece a neprosv\u00edt\u00e1 ani p\u0159i intenzivn\u011bj\u0161\u00edm cvi\u010den\u00ed. Vhodn\u00e9 na j\u00f3gu, pilates, do posilovny nebo na proch\u00e1zku &#8211; leg\u00edny budou va\u0161\u00ed novou obl\u00edbenou volbou pro ka\u017edodenn\u00ed pohodl\u00ed a sebev\u011bdom\u00ed.   <\/p>\n<ul>\n<li>Rovn\u00fd st\u0159ih, kter\u00fd prodlu\u017euje postavu<\/li>\n<li>M\u011bkk\u00e1, pru\u017en\u00e1 a prody\u0161n\u00e1 tkanina<\/li>\n<li>Ploch\u00e9 \u0161vy<\/li>\n<li>Beze \u0161vu vp\u0159edu<\/li>\n<li>Tepeln\u00fd potisk 3D loga Peach Pump v pase a na lev\u00e9 p\u0159edn\u00ed stran\u011b leg\u00edn<\/li>\n<li>Tkanina, kter\u00e1 odv\u00e1d\u00ed pot od t\u011bla<\/li>\n<\/ul>\n<p>Slo\u017een\u00ed: spandex a polyester<\/p>\n<p>Leg\u00edny lze pr\u00e1t na 30 stup\u0148\u016f, neb\u011blit, nesu\u0161it v su\u0161i\u010dce, ne\u010distit chemicky.<\/p>\n<p>Modelka na fotografii m\u011b\u0159\u00ed 165 cm, v\u00e1\u017e\u00ed 54 kg a m\u00e1 na sob\u011b velikost S.<\/p>\n<p>Pro v\u00fdb\u011br p\u0159esn\u00e9 velikosti pros\u00edm pou\u017eijte tabulek.<\/p>\n","protected":false},"excerpt":{"rendered":"<p>Tyto \u010dern\u00e9 sportovn\u00ed leg\u00edny s \u0161irok\u00fdmi nohavicemi rovn\u00e9ho st\u0159ihu jsou ide\u00e1ln\u00ed volbou na tr\u00e9nink i ka\u017edodenn\u00ed aktivity. Jsou vyrobeny z m\u011bkk\u00e9, pru\u017en\u00e9 a prody\u0161n\u00e9 tkaniny, kter\u00e1 zaji\u0161\u0165uje volnost pohybu a d\u00edky sv\u00e9mu st\u0159ihu, kter\u00fd siluetu prodlu\u017euje, dokonale k t\u011blu p\u0159il\u00e9haj\u00ed. Tkanina je \u0161etrn\u00e1 k poko\u017ece a neprosv\u00edt\u00e1 ani p\u0159i intenzivn\u011bj\u0161\u00edm cvi\u010den\u00ed. Vhodn\u00e9 na j\u00f3gu, pilates, [&hellip;]<\/p>\n","protected":false},"featured_media":134410,"comment_status":"open","ping_status":"closed","template":"","meta":[],"product_brand":[],"product_cat":[137,296],"product_tag":[],"class_list":{"0":"post-134608","1":"product","2":"type-product","3":"status-publish","4":"has-post-thumbnail","6":"product_cat-damske-sportovni-leginy","7":"product_cat-damske-leginy-dlouhe","8":"pa_cviat-cerna","9":"pa_razmer-l-cs","10":"pa_razmer-m-cs","11":"pa_razmer-s-cs-2","12":"inventories-world","13":"inventories-pl","15":"first","16":"instock","17":"taxable","18":"shipping-taxable","19":"purchasable","20":"product-type-variable"},"_links":{"self":[{"href":"https:\/\/peach-pump.com\/en\/wp-json\/wp\/v2\/product\/134608","targetHints":{"allow":["GET"]}}],"collection":[{"href":"https:\/\/peach-pump.com\/en\/wp-json\/wp\/v2\/product"}],"about":[{"href":"https:\/\/peach-pump.com\/en\/wp-json\/wp\/v2\/types\/product"}],"replies":[{"embeddable":true,"href":"https:\/\/peach-pump.com\/en\/wp-json\/wp\/v2\/comments?post=134608"}],"version-history":[{"count":0,"href":"https:\/\/peach-pump.com\/en\/wp-json\/wp\/v2\/product\/134608\/revisions"}],"wp:featuredmedia":[{"embeddable":true,"href":"https:\/\/peach-pump.com\/en\/wp-json\/wp\/v2\/media\/134410"}],"wp:attachment":[{"href":"https:\/\/peach-pump.com\/en\/wp-json\/wp\/v2\/media?parent=134608"}],"wp:term":[{"taxonomy":"product_brand","embeddable":true,"href":"https:\/\/peach-pump.com\/en\/wp-json\/wp\/v2\/product_brand?post=134608"},{"taxonomy":"product_cat","embeddable":true,"href":"https:\/\/peach-pump.com\/en\/wp-json\/wp\/v2\/product_cat?post=134608"},{"taxonomy":"product_tag","embeddable":true,"href":"https:\/\/peach-pump.com\/en\/wp-json\/wp\/v2\/product_tag?post=134608"}],"curies":[{"name":"wp","href":"https:\/\/api.w.org\/{rel}","templated":true}]}}