{"id":121549,"date":"2025-06-18T18:43:58","date_gmt":"2025-06-18T16:43:58","guid":{"rendered":"https:\/\/peach-pump.com\/products\/cerna-podprsenka-vystrih-do-v-2\/"},"modified":"2026-03-29T09:51:48","modified_gmt":"2026-03-29T07:51:48","slug":"cerna-podprsenka-vystrih-do-v-2","status":"publish","type":"product","link":"https:\/\/peach-pump.com\/cs\/products\/cerna-podprsenka-vystrih-do-v-2\/","title":{"rendered":"Sexy \u010dern\u00e1 podprsenka s hlubok\u00fdm v\u00fdst\u0159ihem do V"},"content":{"rendered":"<p>Sportovn\u00ed \u010dern\u00e1 podprsenka s hlubok\u00fdm v\u00fdst\u0159ihem do V a vyj\u00edmateln\u00fdmi vycp\u00e1vkami. Model je vyroben z m\u011bkk\u00e9, velmi pru\u017en\u00e9 a prody\u0161n\u00e9 tkaniny, kter\u00e1 odv\u00e1d\u00ed vlhkost od t\u011bla. Podprsenka je sexy v\u00e9\u010dkov\u00e9ho designu ide\u00e1ln\u00ed pro hork\u00e9 letn\u00ed dny, lze ji nosit pod oble\u010den\u00edm, z\u016fstane nen\u00e1padn\u00fd a vy budete m\u00edt pocit pohodl\u00ed a volnosti pohybu. K dispozici tak\u00e9 v \u010dern\u00e9 barv\u011b. <\/p>\n<ul>\n<li> Vycp\u00e1vky, vyj\u00edmateln\u00e9<\/li>\n<li> Push-Up efekt<\/li>\n<li> Velk\u00e1 pru\u017enost<\/li>\n<li> Tepeln\u00fd potisk loga Peach Pump na boku podprsenky<\/li>\n<li> Technologie odv\u00e1d\u011bn\u00ed vlhkosti z t\u011bla<\/li>\n<\/ul>\n<p>Slo\u017een\u00ed: 80 % polyester, 20 % elastan<\/p>\n<p>Podprsenku lze pr\u00e1t na 30 stup\u0148\u016f, nepou\u017e\u00edvat b\u011blidla a ne\u010distit chemicky.<\/p>\n<p>Modelka na fotografii m\u011b\u0159\u00ed 166 cm, v\u00e1\u017e\u00ed 52 kg a m\u00e1 na sob\u011b velikost S.<\/p>\n<p>Pro v\u00fdb\u011br p\u0159esn\u00e9 velikosti pros\u00edm pou\u017eijte tabulek.<\/p>\n","protected":false},"excerpt":{"rendered":"<p>Sportovn\u00ed \u010dern\u00e1 podprsenka s hlubok\u00fdm v\u00fdst\u0159ihem do V a vyj\u00edmateln\u00fdmi vycp\u00e1vkami. Model je vyroben z m\u011bkk\u00e9, velmi pru\u017en\u00e9 a prody\u0161n\u00e9 tkaniny, kter\u00e1 odv\u00e1d\u00ed vlhkost od t\u011bla. Podprsenka je sexy v\u00e9\u010dkov\u00e9ho designu ide\u00e1ln\u00ed pro hork\u00e9 letn\u00ed dny, lze ji nosit pod oble\u010den\u00edm, z\u016fstane nen\u00e1padn\u00fd a vy budete m\u00edt pocit pohodl\u00ed a volnosti pohybu. K dispozici tak\u00e9 [&hellip;]<\/p>\n","protected":false},"featured_media":120152,"comment_status":"open","ping_status":"closed","template":"","meta":[],"product_brand":[],"product_cat":[346],"product_tag":[],"class_list":{"0":"post-121549","1":"product","2":"type-product","3":"status-publish","4":"has-post-thumbnail","6":"product_cat-damske-podprsenky-sportovni-fitness","7":"pa_cviat-cerna","8":"pa_razmer-l-cs","9":"pa_razmer-m-cs","10":"pa_razmer-s-cs-2","11":"inventories-world","13":"first","14":"instock","15":"sale","16":"taxable","17":"shipping-taxable","18":"purchasable","19":"product-type-variable"},"_links":{"self":[{"href":"https:\/\/peach-pump.com\/cs\/wp-json\/wp\/v2\/product\/121549","targetHints":{"allow":["GET"]}}],"collection":[{"href":"https:\/\/peach-pump.com\/cs\/wp-json\/wp\/v2\/product"}],"about":[{"href":"https:\/\/peach-pump.com\/cs\/wp-json\/wp\/v2\/types\/product"}],"replies":[{"embeddable":true,"href":"https:\/\/peach-pump.com\/cs\/wp-json\/wp\/v2\/comments?post=121549"}],"version-history":[{"count":0,"href":"https:\/\/peach-pump.com\/cs\/wp-json\/wp\/v2\/product\/121549\/revisions"}],"wp:featuredmedia":[{"embeddable":true,"href":"https:\/\/peach-pump.com\/cs\/wp-json\/wp\/v2\/media\/120152"}],"wp:attachment":[{"href":"https:\/\/peach-pump.com\/cs\/wp-json\/wp\/v2\/media?parent=121549"}],"wp:term":[{"taxonomy":"product_brand","embeddable":true,"href":"https:\/\/peach-pump.com\/cs\/wp-json\/wp\/v2\/product_brand?post=121549"},{"taxonomy":"product_cat","embeddable":true,"href":"https:\/\/peach-pump.com\/cs\/wp-json\/wp\/v2\/product_cat?post=121549"},{"taxonomy":"product_tag","embeddable":true,"href":"https:\/\/peach-pump.com\/cs\/wp-json\/wp\/v2\/product_tag?post=121549"}],"curies":[{"name":"wp","href":"https:\/\/api.w.org\/{rel}","templated":true}]}}