{"id":121126,"date":"2025-06-16T19:55:15","date_gmt":"2025-06-16T17:55:15","guid":{"rendered":"https:\/\/peach-pump.com\/products\/sportovni-souprava-kratky-rukav-cerna\/"},"modified":"2025-11-01T15:56:34","modified_gmt":"2025-11-01T13:56:34","slug":"sportovni-souprava-kratky-rukav-cerna","status":"publish","type":"product","link":"https:\/\/peach-pump.com\/cs\/products\/sportovni-souprava-kratky-rukav-cerna\/","title":{"rendered":"\u010cern\u00e1 sportovn\u00ed souprava s kr\u00e1tk\u00fdmi ruk\u00e1vy"},"content":{"rendered":"<p>D\u00e1msk\u00e1 \u010dern\u00e1 sportovn\u00ed souprava &#8211; leg\u00edny jednobarevn\u00e9ho designu , bez tvaruj\u00edc\u00edho efektu a top s kr\u00e1tk\u00fdm ruk\u00e1vem. Top je vybaven vycp\u00e1vkami , kter\u00e9 lze vyjmout, vhodn\u00e9 na fitness, b\u011bh, aerobn\u00ed cvi\u010den\u00ed nebo proch\u00e1zku v parku, m\u00e1 elastickou spodn\u00ed \u010d\u00e1st, l\u00e1tka nezadr\u017euje vlhkost v t\u011ble. Leg\u00edny jsou vp\u0159edu beze\u0161v\u00e9, co\u017e v\u011bt\u0161ina dam preferuje, je \u0161ev v zadn\u00ed \u010d\u00e1sti leg\u00edn. Elastick\u00e1 letn\u00ed tkanina, kter\u00e1 postavu tvaruje, a \u0161irok\u00fd d\u00edl v pase, kter\u00fd k\u0159ivky zv\u00fdraz\u0148uje. V p\u0159edn\u00ed i zadn\u00ed \u010d\u00e1sti leg\u00edn je 3D logo. \u0160vy tohoto modelu jsou ploch\u00e9 a nedr\u00e1\u017ed\u00ed. Je vhodn\u00fd na silov\u00fd nebo aerobn\u00ed tr\u00e9nink, nezadr\u017euje vlhkost v t\u011ble. Souprava je k dispozici v n\u011bkolika barv\u00e1ch.       <\/p>\n<p>Top:<\/p>\n<ul>\n<li>Vyj\u00edmateln\u00e9 vycp\u00e1vky<\/li>\n<li>Skryt\u00e1 guma ve spodn\u00ed \u010d\u00e1sti<\/li>\n<li>Perfektn\u011b sed\u00ed na t\u011ble<\/li>\n<li>Tepeln\u00fd potisk loga Peach Pump na rameni<\/li>\n<li>Tkanina, kter\u00e1 nezadr\u017euje vlhkost v t\u011ble<\/li>\n<\/ul>\n<p>Leg\u00edny:<\/p>\n<ul>\n<li>Elastick\u00e1 lehk\u00e1 letn\u00ed tkanina<\/li>\n<li>Ploch\u00e9 \u0161vy<\/li>\n<li>Beze\u0161v\u00e9 vp\u0159edu<\/li>\n<li>\u0160ev na zadn\u00ed stran\u011b leg\u00edn<\/li>\n<li>\u0160irok\u00fd d\u00edl v pase, kter\u00fd pas zv\u00fdraz\u0148uje<\/li>\n<li>3D logo Peach Pump na zadn\u00ed a na p\u0159edn\u00ed lev\u00e9 stran\u011b leg\u00edn<\/li>\n<li>Tkanina, kter\u00e1 nezadr\u017euje vlhkost v t\u011ble<\/li>\n<\/ul>\n<p>Slo\u017een\u00ed: spandex a polyester<\/p>\n<p>Soupravu lze pr\u00e1t na 30 stup\u0148\u016f, neb\u011blit, nesu\u0161it v su\u0161i\u010dce, ne\u010distit chemicky.<\/p>\n<p>Modelka na obr\u00e1zku m\u011b\u0159\u00ed 178 cm, v\u00e1\u017e\u00ed 57 kg a m\u00e1 na sob\u011b top i leg\u00edny velikosti M.<\/p>\n<p>Pro v\u00fdb\u011br p\u0159esn\u00e9 velikosti pros\u00edm pou\u017eijte tabulek<\/p>\n","protected":false},"excerpt":{"rendered":"<p>D\u00e1msk\u00e1 \u010dern\u00e1 sportovn\u00ed souprava &#8211; leg\u00edny jednobarevn\u00e9ho designu , bez tvaruj\u00edc\u00edho efektu a top s kr\u00e1tk\u00fdm ruk\u00e1vem. Top je vybaven vycp\u00e1vkami , kter\u00e9 lze vyjmout, vhodn\u00e9 na fitness, b\u011bh, aerobn\u00ed cvi\u010den\u00ed nebo proch\u00e1zku v parku, m\u00e1 elastickou spodn\u00ed \u010d\u00e1st, l\u00e1tka nezadr\u017euje vlhkost v t\u011ble. Leg\u00edny jsou vp\u0159edu beze\u0161v\u00e9, co\u017e v\u011bt\u0161ina dam preferuje, je \u0161ev v [&hellip;]<\/p>\n","protected":false},"featured_media":119117,"comment_status":"open","ping_status":"closed","template":"","meta":[],"product_brand":[],"product_cat":[347,349],"product_tag":[],"class_list":{"0":"post-121126","1":"product","2":"type-product","3":"status-publish","4":"has-post-thumbnail","6":"product_cat-damske-sportovni-outfity","7":"product_cat-sportovni-outfity-s-leginami","8":"pa_cviat-cerna","9":"inventories-world","11":"first","12":"instock","13":"taxable","14":"shipping-taxable","15":"purchasable","16":"product-type-yith_bundle"},"_links":{"self":[{"href":"https:\/\/peach-pump.com\/cs\/wp-json\/wp\/v2\/product\/121126","targetHints":{"allow":["GET"]}}],"collection":[{"href":"https:\/\/peach-pump.com\/cs\/wp-json\/wp\/v2\/product"}],"about":[{"href":"https:\/\/peach-pump.com\/cs\/wp-json\/wp\/v2\/types\/product"}],"replies":[{"embeddable":true,"href":"https:\/\/peach-pump.com\/cs\/wp-json\/wp\/v2\/comments?post=121126"}],"version-history":[{"count":1,"href":"https:\/\/peach-pump.com\/cs\/wp-json\/wp\/v2\/product\/121126\/revisions"}],"predecessor-version":[{"id":133571,"href":"https:\/\/peach-pump.com\/cs\/wp-json\/wp\/v2\/product\/121126\/revisions\/133571"}],"wp:featuredmedia":[{"embeddable":true,"href":"https:\/\/peach-pump.com\/cs\/wp-json\/wp\/v2\/media\/119117"}],"wp:attachment":[{"href":"https:\/\/peach-pump.com\/cs\/wp-json\/wp\/v2\/media?parent=121126"}],"wp:term":[{"taxonomy":"product_brand","embeddable":true,"href":"https:\/\/peach-pump.com\/cs\/wp-json\/wp\/v2\/product_brand?post=121126"},{"taxonomy":"product_cat","embeddable":true,"href":"https:\/\/peach-pump.com\/cs\/wp-json\/wp\/v2\/product_cat?post=121126"},{"taxonomy":"product_tag","embeddable":true,"href":"https:\/\/peach-pump.com\/cs\/wp-json\/wp\/v2\/product_tag?post=121126"}],"curies":[{"name":"wp","href":"https:\/\/api.w.org\/{rel}","templated":true}]}}