{"id":121122,"date":"2025-06-15T22:34:43","date_gmt":"2025-06-15T20:34:43","guid":{"rendered":"https:\/\/peach-pump.com\/products\/svetle-modre-damske-leginy-2\/"},"modified":"2025-11-09T16:08:47","modified_gmt":"2025-11-09T14:08:47","slug":"svetle-modre-damske-leginy-2","status":"publish","type":"product","link":"https:\/\/peach-pump.com\/cs\/products\/svetle-modre-damske-leginy-2\/","title":{"rendered":"Sv\u011btle modr\u00e9 d\u00e1msk\u00e9 leg\u00edny jednobarevn\u00e9ho designu"},"content":{"rendered":"<p>Sv\u011btle modr\u00e9 d\u00e1msk\u00e9 sportovn\u00ed leg\u00edny jednobarevn\u00e9ho designu , bez tvaruj\u00edc\u00edho efektu. Model je beze \u0161vu v p\u0159edn\u00ed \u010d\u00e1sti, co\u017ev\u011bt\u0161ina dam preferuje, je \u0161ev v zadn\u00ed \u010d\u00e1sti leg\u00edn. Elastick\u00e1 letn\u00ed l\u00e1tka, kter\u00e1 postavu tvaruje, a \u0161irok\u00fd p\u00e1s, kter\u00fd k\u0159ivky zv\u00fdraz\u0148uje. V p\u0159edn\u00ed i zadn\u00ed \u010d\u00e1sti leg\u00edn je 3D logo. \u0160vy vzoru jsou ploch\u00e9 a nedr\u00e1\u017ed\u00ed. Je vhodn\u00fd na silov\u00fd nebo aerobn\u00ed tr\u00e9nink, nezadr\u017euje vlhkost v t\u011ble. Lze kombinovat s kr\u00e1tk\u00fdm topem do soupravy , vyroben\u00fdm ze stejn\u00e9ho materi\u00e1lu.      <\/p>\n<p>Elastick\u00e1 lehk\u00e1 letn\u00ed tkanina<br \/>\nPloch\u00e9 \u0161vy<br \/>\nBeze\u0161v\u00e9 vp\u0159edu<br \/>\n\u0160ev v zadn\u00ed \u010d\u00e1sti leg\u00edn<br \/>\n\u0160irok\u00fd p\u00e1s zv\u00fdraz\u0148uj\u00edc\u00ed pas<br \/>\n3D logo Peach Pump na zadn\u00ed a p\u0159edn\u00ed stran\u011b leg\u00edn<br \/>\nTkanina, kter\u00e1 nezadr\u017euje vlhkost na t\u011ble.<\/p>\n<p>Slo\u017een\u00ed: spandex a polyester<\/p>\n<p>Leg\u00edny lze pr\u00e1t na 30 stup\u0148\u016f, neb\u011blit, nesu\u0161it v su\u0161i\u010dce, ne\u010distit chemicky.<\/p>\n<p>Modelka na obr\u00e1zku m\u011b\u0159\u00ed 178 cm, v\u00e1\u017e\u00ed 57 kg a m\u00e1 na sob\u011b velikost M.<\/p>\n<p>Pro v\u00fdb\u011br p\u0159esn\u00e9 velikosti pros\u00edm pou\u017eijte tabulek<\/p>\n","protected":false},"excerpt":{"rendered":"<p>Sv\u011btle modr\u00e9 d\u00e1msk\u00e9 sportovn\u00ed leg\u00edny jednobarevn\u00e9ho designu , bez tvaruj\u00edc\u00edho efektu. Model je beze \u0161vu v p\u0159edn\u00ed \u010d\u00e1sti, co\u017ev\u011bt\u0161ina dam preferuje, je \u0161ev v zadn\u00ed \u010d\u00e1sti leg\u00edn. Elastick\u00e1 letn\u00ed l\u00e1tka, kter\u00e1 postavu tvaruje, a \u0161irok\u00fd p\u00e1s, kter\u00fd k\u0159ivky zv\u00fdraz\u0148uje. V p\u0159edn\u00ed i zadn\u00ed \u010d\u00e1sti leg\u00edn je 3D logo. \u0160vy vzoru jsou ploch\u00e9 a nedr\u00e1\u017ed\u00ed. Je [&hellip;]<\/p>\n","protected":false},"featured_media":119004,"comment_status":"open","ping_status":"closed","template":"","meta":[],"product_brand":[],"product_cat":[296,137],"product_tag":[],"class_list":{"0":"post-121122","1":"product","2":"type-product","3":"status-publish","4":"has-post-thumbnail","6":"product_cat-damske-leginy-dlouhe","7":"product_cat-damske-sportovni-leginy","8":"pa_cviat-svetle-modra","9":"pa_razmer-l-cs","10":"pa_razmer-m-cs","11":"pa_razmer-s-cs-2","12":"inventories-world","14":"first","15":"instock","16":"taxable","17":"shipping-taxable","18":"purchasable","19":"product-type-variable"},"_links":{"self":[{"href":"https:\/\/peach-pump.com\/cs\/wp-json\/wp\/v2\/product\/121122","targetHints":{"allow":["GET"]}}],"collection":[{"href":"https:\/\/peach-pump.com\/cs\/wp-json\/wp\/v2\/product"}],"about":[{"href":"https:\/\/peach-pump.com\/cs\/wp-json\/wp\/v2\/types\/product"}],"replies":[{"embeddable":true,"href":"https:\/\/peach-pump.com\/cs\/wp-json\/wp\/v2\/comments?post=121122"}],"version-history":[{"count":0,"href":"https:\/\/peach-pump.com\/cs\/wp-json\/wp\/v2\/product\/121122\/revisions"}],"wp:featuredmedia":[{"embeddable":true,"href":"https:\/\/peach-pump.com\/cs\/wp-json\/wp\/v2\/media\/119004"}],"wp:attachment":[{"href":"https:\/\/peach-pump.com\/cs\/wp-json\/wp\/v2\/media?parent=121122"}],"wp:term":[{"taxonomy":"product_brand","embeddable":true,"href":"https:\/\/peach-pump.com\/cs\/wp-json\/wp\/v2\/product_brand?post=121122"},{"taxonomy":"product_cat","embeddable":true,"href":"https:\/\/peach-pump.com\/cs\/wp-json\/wp\/v2\/product_cat?post=121122"},{"taxonomy":"product_tag","embeddable":true,"href":"https:\/\/peach-pump.com\/cs\/wp-json\/wp\/v2\/product_tag?post=121122"}],"curies":[{"name":"wp","href":"https:\/\/api.w.org\/{rel}","templated":true}]}}