{"id":119105,"date":"2025-06-11T11:07:35","date_gmt":"2025-06-11T09:07:35","guid":{"rendered":"https:\/\/peach-pump.com\/products\/kratky-sportovni-overal-zeleny\/"},"modified":"2026-04-06T05:13:24","modified_gmt":"2026-04-06T03:13:24","slug":"kratky-sportovni-overal-zeleny","status":"publish","type":"product","link":"https:\/\/peach-pump.com\/cs\/products\/kratky-sportovni-overal-zeleny\/","title":{"rendered":"Beze\u0161v\u00fd kr\u00e1tk\u00fd zelen\u00fd sportovn\u00ed overal"},"content":{"rendered":"<p>Zelen\u00fd kr\u00e1tk\u00fd sportovn\u00ed overal z beze\u0161v\u00e9, elastick\u00e9 tkaniny, kter\u00e1 dokonale k t\u011blu p\u0159il\u00e9h\u00e1. Model je vybaven ram\u00ednky, kter\u00e9 lze nastavit na z\u00e1dech, vysok\u00fdm pasem vzadu, co\u017e poskytuje pohodl\u00ed p\u0159i cvi\u010den\u00ed. Jsou vycp\u00e1vky s push-up efektem poskytuj\u00edc\u00ed poprs\u00ed oporu a t\u00edm poprs\u00ed kr\u00e1sn\u011b vynikne i bez podprsenky. V pase je \u017eebrovan\u00fd d\u00edl , kter\u00fd pas stahuje a vytvaruje, je vy\u0161it\u00fd n\u00e1pis Peach Pump. Spodn\u00ed \u010d\u00e1st overalu se vyzna\u010duje broskvov\u00fdm efektem a dokonale tvaruje. Je k dispozici ve v\u00edce barv\u00e1ch trendov\u00fdch pro tuto sez\u00f3nu.     <\/p>\n<ul>\n<li>Beze\u0161v\u00e1 tkanina<\/li>\n<li>Vy\u0161it\u00fd n\u00e1pis Peach Pump v pase<\/li>\n<li>Nastaviteln\u00e1 ram\u00ednka<\/li>\n<li>Vycp\u00e1vky typu push-up<\/li>\n<li>\u017debrovan\u00fd pas, stahuje a vytvaruje.<\/li>\n<li>Broskvov\u00fd efekt<\/li>\n<li>Tepeln\u00fd potisk loga Peach Pump na boku overalu a vzadu<\/li>\n<\/ul>\n<p>Slo\u017een\u00ed: 80 % polyester, 20 % elastan.<\/p>\n<p>Modelka na obr\u00e1zku m\u011b\u0159\u00ed 164 cm, v\u00e1\u017e\u00ed 52 kg a p\u00f3zuje ve velikosti S.<\/p>\n<p>Kombin\u00e9zu lze pr\u00e1t p\u0159i teplot\u011b do 30 stup\u0148\u016f , pros\u00edm, neb\u011blit ani ne\u010distit chemicky.<\/p>\n<p>Pro v\u00fdb\u011br p\u0159esn\u00e9 velikosti pros\u00edm pou\u017eijte tabulek.<\/p>\n","protected":false},"excerpt":{"rendered":"<p>Zelen\u00fd kr\u00e1tk\u00fd sportovn\u00ed overal z beze\u0161v\u00e9, elastick\u00e9 tkaniny, kter\u00e1 dokonale k t\u011blu p\u0159il\u00e9h\u00e1. Model je vybaven ram\u00ednky, kter\u00e9 lze nastavit na z\u00e1dech, vysok\u00fdm pasem vzadu, co\u017e poskytuje pohodl\u00ed p\u0159i cvi\u010den\u00ed. Jsou vycp\u00e1vky s push-up efektem poskytuj\u00edc\u00ed poprs\u00ed oporu a t\u00edm poprs\u00ed kr\u00e1sn\u011b vynikne i bez podprsenky. V pase je \u017eebrovan\u00fd d\u00edl , kter\u00fd pas stahuje [&hellip;]<\/p>\n","protected":false},"featured_media":118248,"comment_status":"open","ping_status":"closed","template":"","meta":[],"product_brand":[],"product_cat":[1125,348],"product_tag":[],"class_list":{"0":"post-119105","1":"product","2":"type-product","3":"status-publish","4":"has-post-thumbnail","6":"product_cat-sportovni-damske-overaly","7":"product_cat-kratke-sportovni-outfity-leginy","8":"pa_cviat-zelena-cs","9":"pa_razmer-m-cs","10":"pa_razmer-s-cs-2","11":"inventories-world","12":"inventories-pl","14":"first","15":"instock","16":"taxable","17":"shipping-taxable","18":"purchasable","19":"product-type-variable"},"_links":{"self":[{"href":"https:\/\/peach-pump.com\/en\/wp-json\/wp\/v2\/product\/119105","targetHints":{"allow":["GET"]}}],"collection":[{"href":"https:\/\/peach-pump.com\/en\/wp-json\/wp\/v2\/product"}],"about":[{"href":"https:\/\/peach-pump.com\/en\/wp-json\/wp\/v2\/types\/product"}],"replies":[{"embeddable":true,"href":"https:\/\/peach-pump.com\/en\/wp-json\/wp\/v2\/comments?post=119105"}],"version-history":[{"count":0,"href":"https:\/\/peach-pump.com\/en\/wp-json\/wp\/v2\/product\/119105\/revisions"}],"wp:featuredmedia":[{"embeddable":true,"href":"https:\/\/peach-pump.com\/en\/wp-json\/wp\/v2\/media\/118248"}],"wp:attachment":[{"href":"https:\/\/peach-pump.com\/en\/wp-json\/wp\/v2\/media?parent=119105"}],"wp:term":[{"taxonomy":"product_brand","embeddable":true,"href":"https:\/\/peach-pump.com\/en\/wp-json\/wp\/v2\/product_brand?post=119105"},{"taxonomy":"product_cat","embeddable":true,"href":"https:\/\/peach-pump.com\/en\/wp-json\/wp\/v2\/product_cat?post=119105"},{"taxonomy":"product_tag","embeddable":true,"href":"https:\/\/peach-pump.com\/en\/wp-json\/wp\/v2\/product_tag?post=119105"}],"curies":[{"name":"wp","href":"https:\/\/api.w.org\/{rel}","templated":true}]}}