{"id":117111,"date":"2025-05-29T12:17:57","date_gmt":"2025-05-29T10:17:57","guid":{"rendered":"https:\/\/peach-pump.com\/products\/kratky-cerny-sportovni-top-2\/"},"modified":"2026-04-03T12:31:12","modified_gmt":"2026-04-03T10:31:12","slug":"kratky-cerny-sportovni-top-2","status":"publish","type":"product","link":"https:\/\/peach-pump.com\/cs\/products\/kratky-cerny-sportovni-top-2\/","title":{"rendered":"Kr\u00e1tk\u00fd \u010dern\u00fd sportovn\u00ed top p\u0159il\u00e9hav\u00fd s vycp\u00e1vkami"},"content":{"rendered":"<p>Kr\u00e1tk\u00fd \u010dern\u00fd sportovn\u00ed p\u0159il\u00e9hav\u00fd top s vycp\u00e1vkami. Skv\u011ble padne a jeho st\u0159ih z n\u011bj d\u011bl\u00e1 nepostradateln\u00fd kousek p\u0159i sportovn\u00edm i b\u011b\u017en\u00e9m no\u0161en\u00ed. Hod\u00ed se do posilovny, na b\u011bh, aerobn\u00ed cvi\u010den\u00ed nebo na proch\u00e1zku v parku, m\u00e1 skrytou gumu ve spodn\u00ed \u010d\u00e1sti, vyj\u00edmateln\u00e9 vycp\u00e1vky, l\u00e1tka nezadr\u017euje vlhkost na t\u011ble. Top m\u00e1 na rameni tepeln\u00fd potisk loga Peach Pump, logo je minimalistick\u00e9 a decentn\u011b vynik\u00e1. Zamilujete si tento model a zp\u016fsob, jak\u00fdm sed\u00ed na t\u011ble. Skv\u011ble se kombinuje se v\u0161emi druhy kr\u00e1tk\u00fdch i dlouh\u00fdch leg\u00edn na\u0161\u00ed zna\u010dky.     <\/p>\n<ul>\n<li>Vyj\u00edmateln\u00e9 vycp\u00e1vky<\/li>\n<li>Skryt\u00e1 guma ve spodn\u00ed \u010d\u00e1sti<\/li>\n<li>Perfektn\u011b sed\u00ed na t\u011ble<\/li>\n<li>Tepeln\u00fd potisk loga Peach Pump na rameni<\/li>\n<li>Tkanina, kter\u00e1 nezadr\u017euje vlhkost v t\u011ble<\/li>\n<\/ul>\n<p>Slo\u017een\u00ed: spandex a polyester<\/p>\n<p>Top lze pr\u00e1t na 30 stup\u0148\u016f, neb\u011blit, nesu\u0161it v su\u0161i\u010dce, ne\u010distit chemicky.<\/p>\n<p>Modelka na obr\u00e1zku m\u011b\u0159\u00ed 178 cm, v\u00e1\u017e\u00ed 55 kg , m\u00e1 obvod hrudn\u00edku 90 cm a m\u00e1 na sob\u011b velikost M.<\/p>\n<p>Pro v\u00fdb\u011br p\u0159esn\u00e9 velikosti pros\u00edm pou\u017eijte tabulek.<\/p>\n","protected":false},"excerpt":{"rendered":"<p>Kr\u00e1tk\u00fd \u010dern\u00fd sportovn\u00ed p\u0159il\u00e9hav\u00fd top s vycp\u00e1vkami. Skv\u011ble padne a jeho st\u0159ih z n\u011bj d\u011bl\u00e1 nepostradateln\u00fd kousek p\u0159i sportovn\u00edm i b\u011b\u017en\u00e9m no\u0161en\u00ed. Hod\u00ed se do posilovny, na b\u011bh, aerobn\u00ed cvi\u010den\u00ed nebo na proch\u00e1zku v parku, m\u00e1 skrytou gumu ve spodn\u00ed \u010d\u00e1sti, vyj\u00edmateln\u00e9 vycp\u00e1vky, l\u00e1tka nezadr\u017euje vlhkost na t\u011ble. Top m\u00e1 na rameni tepeln\u00fd potisk loga [&hellip;]<\/p>\n","protected":false},"featured_media":117006,"comment_status":"open","ping_status":"closed","template":"","meta":[],"product_brand":[],"product_cat":[345],"product_tag":[],"class_list":{"0":"post-117111","1":"product","2":"type-product","3":"status-publish","4":"has-post-thumbnail","6":"product_cat-damske-sportovni-topy-tilko","7":"pa_cviat-cerna","8":"pa_razmer-l-cs","9":"pa_razmer-m-cs","10":"pa_razmer-s-cs-2","11":"inventories-world","13":"first","14":"instock","15":"sale","16":"taxable","17":"shipping-taxable","18":"purchasable","19":"product-type-variable"},"_links":{"self":[{"href":"https:\/\/peach-pump.com\/en\/wp-json\/wp\/v2\/product\/117111","targetHints":{"allow":["GET"]}}],"collection":[{"href":"https:\/\/peach-pump.com\/en\/wp-json\/wp\/v2\/product"}],"about":[{"href":"https:\/\/peach-pump.com\/en\/wp-json\/wp\/v2\/types\/product"}],"replies":[{"embeddable":true,"href":"https:\/\/peach-pump.com\/en\/wp-json\/wp\/v2\/comments?post=117111"}],"version-history":[{"count":0,"href":"https:\/\/peach-pump.com\/en\/wp-json\/wp\/v2\/product\/117111\/revisions"}],"wp:featuredmedia":[{"embeddable":true,"href":"https:\/\/peach-pump.com\/en\/wp-json\/wp\/v2\/media\/117006"}],"wp:attachment":[{"href":"https:\/\/peach-pump.com\/en\/wp-json\/wp\/v2\/media?parent=117111"}],"wp:term":[{"taxonomy":"product_brand","embeddable":true,"href":"https:\/\/peach-pump.com\/en\/wp-json\/wp\/v2\/product_brand?post=117111"},{"taxonomy":"product_cat","embeddable":true,"href":"https:\/\/peach-pump.com\/en\/wp-json\/wp\/v2\/product_cat?post=117111"},{"taxonomy":"product_tag","embeddable":true,"href":"https:\/\/peach-pump.com\/en\/wp-json\/wp\/v2\/product_tag?post=117111"}],"curies":[{"name":"wp","href":"https:\/\/api.w.org\/{rel}","templated":true}]}}