{"id":115373,"date":"2025-05-09T14:14:04","date_gmt":"2025-05-09T12:14:04","guid":{"rendered":"https:\/\/peach-pump.com\/products\/bile-kratke-sportovni-saty-cerne-lemovani\/"},"modified":"2026-04-03T14:04:52","modified_gmt":"2026-04-03T12:04:52","slug":"bile-kratke-sportovni-saty-cerne-lemovani","status":"publish","type":"product","link":"https:\/\/peach-pump.com\/cs\/products\/bile-kratke-sportovni-saty-cerne-lemovani\/","title":{"rendered":"B\u00edl\u00e9 kr\u00e1tk\u00e9 sportovn\u00ed \u0161aty s leg\u00ednami, s \u010dern\u00fdm lemov\u00e1n\u00edm"},"content":{"rendered":"<p>B\u00edl\u00e9 kr\u00e1tk\u00e9 sportovn\u00ed \u0161aty s leg\u00ednami a \u010dern\u00fdm lemov\u00e1n\u00edm na okraj\u00edch. Model je vybaven vyj\u00edmateln\u00fdmi vycp\u00e1vkami se zvedac\u00edm efektem. Vyzna\u010duj\u00ed se vykrojen\u00fdmi detaily v pase, kter\u00e9 pas opticky zmen\u0161uj\u00ed a vytvaruj\u00ed siluetu p\u0159es\u00fdpac\u00edch hodin. \u0160aty jsou krat\u0161\u00edho modelu, ale jsou vybaveny integrovan\u00fdmi leg\u00ednami, kter\u00e9 poskytuj\u00ed naprostou volnost pohybu. Model je vhodn\u00fd na tenis, do posilovny nebo na proch\u00e1zku do parku, v n\u011bm nez\u016fstanete bez pov\u0161imnut\u00ed.    <\/p>\n<ul>\n<li>Kr\u00e1tk\u00fd st\u0159ih<\/li>\n<li>Integrovan\u00e9 leg\u00edny<\/li>\n<li>Vycp\u00e1vky s push-up efektem<\/li>\n<li>\u010cern\u00e9 lemov\u00e1n\u00ed<\/li>\n<li>Pru\u017en\u00e1 tkanina<\/li>\n<li>Tepeln\u00fd potisk loga Peach Pump na zadn\u00ed stran\u011b<\/li>\n<li>Tepeln\u00fd potisk loga Peach Pump v p\u0159edn\u00ed \u010d\u00e1sti \u0161at\u016f pod poprs\u00edm.<\/li>\n<li>Otvory v pase<\/li>\n<li>Tkanina, kter\u00e1 odv\u00e1d\u00ed vlhkost od t\u011bla<\/li>\n<\/ul>\n<p>Slo\u017een\u00ed: 92 % nylon ; 8 % spandex<\/p>\n<p>\u0160aty lze pr\u00e1t na 30 stup\u0148\u016f, neb\u011blit a ne\u010distit chemicky.<\/p>\n<p>Modelka na obr\u00e1zku m\u011b\u0159\u00ed 168 cm, v\u00e1\u017e\u00ed 51 kg a m\u00e1 na sob\u011b velikost S.<\/p>\n<p>Pro v\u00fdb\u011br p\u0159esn\u00e9 velikosti pros\u00edm pou\u017eijte tabulek<\/p>\n","protected":false},"excerpt":{"rendered":"<p>B\u00edl\u00e9 kr\u00e1tk\u00e9 sportovn\u00ed \u0161aty s leg\u00ednami a \u010dern\u00fdm lemov\u00e1n\u00edm na okraj\u00edch. Model je vybaven vyj\u00edmateln\u00fdmi vycp\u00e1vkami se zvedac\u00edm efektem. Vyzna\u010duj\u00ed se vykrojen\u00fdmi detaily v pase, kter\u00e9 pas opticky zmen\u0161uj\u00ed a vytvaruj\u00ed siluetu p\u0159es\u00fdpac\u00edch hodin. \u0160aty jsou krat\u0161\u00edho modelu, ale jsou vybaveny integrovan\u00fdmi leg\u00ednami, kter\u00e9 poskytuj\u00ed naprostou volnost pohybu. Model je vhodn\u00fd na tenis, do posilovny [&hellip;]<\/p>\n","protected":false},"featured_media":114762,"comment_status":"open","ping_status":"closed","template":"","meta":[],"product_brand":[],"product_cat":[347,348,1125,1175],"product_tag":[],"class_list":{"0":"post-115373","1":"product","2":"type-product","3":"status-publish","4":"has-post-thumbnail","6":"product_cat-damske-sportovni-outfity","7":"product_cat-kratke-sportovni-outfity-leginy","8":"product_cat-sportovni-damske-overaly","9":"product_cat-sportovni-saty-a-sukne","10":"pa_cviat-bila-cerna","11":"pa_razmer-m-cs","12":"pa_razmer-s-cs-2","13":"inventories-world","14":"inventories-pl","16":"first","17":"instock","18":"taxable","19":"shipping-taxable","20":"purchasable","21":"product-type-variable"},"_links":{"self":[{"href":"https:\/\/peach-pump.com\/en\/wp-json\/wp\/v2\/product\/115373","targetHints":{"allow":["GET"]}}],"collection":[{"href":"https:\/\/peach-pump.com\/en\/wp-json\/wp\/v2\/product"}],"about":[{"href":"https:\/\/peach-pump.com\/en\/wp-json\/wp\/v2\/types\/product"}],"replies":[{"embeddable":true,"href":"https:\/\/peach-pump.com\/en\/wp-json\/wp\/v2\/comments?post=115373"}],"version-history":[{"count":3,"href":"https:\/\/peach-pump.com\/en\/wp-json\/wp\/v2\/product\/115373\/revisions"}],"predecessor-version":[{"id":133498,"href":"https:\/\/peach-pump.com\/en\/wp-json\/wp\/v2\/product\/115373\/revisions\/133498"}],"wp:featuredmedia":[{"embeddable":true,"href":"https:\/\/peach-pump.com\/en\/wp-json\/wp\/v2\/media\/114762"}],"wp:attachment":[{"href":"https:\/\/peach-pump.com\/en\/wp-json\/wp\/v2\/media?parent=115373"}],"wp:term":[{"taxonomy":"product_brand","embeddable":true,"href":"https:\/\/peach-pump.com\/en\/wp-json\/wp\/v2\/product_brand?post=115373"},{"taxonomy":"product_cat","embeddable":true,"href":"https:\/\/peach-pump.com\/en\/wp-json\/wp\/v2\/product_cat?post=115373"},{"taxonomy":"product_tag","embeddable":true,"href":"https:\/\/peach-pump.com\/en\/wp-json\/wp\/v2\/product_tag?post=115373"}],"curies":[{"name":"wp","href":"https:\/\/api.w.org\/{rel}","templated":true}]}}