{"id":113795,"date":"2025-04-21T12:13:49","date_gmt":"2025-04-21T10:13:49","guid":{"rendered":"https:\/\/peach-pump.com\/products\/modre-sortky-s-leginami-kapsy\/"},"modified":"2026-04-05T20:17:47","modified_gmt":"2026-04-05T18:17:47","slug":"modre-sortky-s-leginami-kapsy","status":"publish","type":"product","link":"https:\/\/peach-pump.com\/cs\/products\/modre-sortky-s-leginami-kapsy\/","title":{"rendered":"Modr\u00e9 \u0161ortky s leg\u00ednami a kapsami"},"content":{"rendered":"<p>D\u00e1msk\u00e9 modr\u00e9 \u0161ortky s leg\u00ednami a bo\u010dn\u00edmi kapsami. Model je vyroben z m\u011bkk\u00e9 tkaniny, m\u00e1 voln\u00fd st\u0159ih se \u0161irok\u00fdm pasem a integrovan\u00fdmi leg\u00ednami , v nich\u017e budete m\u00edt pocit pohodl\u00ed a naprost\u00e9 volnosti pohybu. \u0160ortky jsou ide\u00e1ln\u00ed na hork\u00e9 letn\u00ed dny , b\u011bh\u00e1n\u00ed , posilovnu nebo proch\u00e1zku v parku . St\u0159edn\u011b vysok\u00fd pas , na \u00farovni pup\u00edku , bo\u010dn\u00ed rozparky dod\u00e1vaj\u00edc\u00ed sexy vzhled . K dispozici v n\u011bkolika barv\u00e1ch aktu\u00e1ln\u00edch pro tuto sez\u00f3nu .    <\/p>\n<ul>\n<li>M\u011bkk\u00e1 tkanina<\/li>\n<li>\u0160irok\u00e1 guma<\/li>\n<li>Integrovan\u00e9 leg\u00edny<\/li>\n<li>Dv\u011b bo\u010dn\u00ed kapsy<\/li>\n<li>Tepln\u00fd potisk loga Peach Pump na \u0161ortk\u00e1ch<\/li>\n<li>Tepeln\u00fd potisk n\u00e1pisu Peach Pump na leg\u00edn\u00e1ch<\/li>\n<\/ul>\n<p>Slo\u017een\u00ed: 80 % polyester, 20 % elastan<\/p>\n<p>\u0160ortky lze pr\u00e1t na 30 stup\u0148\u016f, nepou\u017e\u00edvat b\u011blidla a ne\u010distit chemicky.<\/p>\n<p>Modelka na obr\u00e1zku je vysok\u00e1 169 cm, v\u00e1\u017e\u00ed 50 kg a m\u00e1 na sob\u011b velikost S.<\/p>\n<p>Pro v\u00fdb\u011br p\u0159esn\u00e9 velikosti pros\u00edm pou\u017eijte tabulek.<\/p>\n","protected":false},"excerpt":{"rendered":"<p>D\u00e1msk\u00e9 modr\u00e9 \u0161ortky s leg\u00ednami a bo\u010dn\u00edmi kapsami. Model je vyroben z m\u011bkk\u00e9 tkaniny, m\u00e1 voln\u00fd st\u0159ih se \u0161irok\u00fdm pasem a integrovan\u00fdmi leg\u00ednami , v nich\u017e budete m\u00edt pocit pohodl\u00ed a naprost\u00e9 volnosti pohybu. \u0160ortky jsou ide\u00e1ln\u00ed na hork\u00e9 letn\u00ed dny , b\u011bh\u00e1n\u00ed , posilovnu nebo proch\u00e1zku v parku . St\u0159edn\u011b vysok\u00fd pas , na [&hellip;]<\/p>\n","protected":false},"featured_media":112903,"comment_status":"open","ping_status":"closed","template":"","meta":[],"product_brand":[],"product_cat":[137,197],"product_tag":[],"class_list":{"0":"post-113795","1":"product","2":"type-product","3":"status-publish","4":"has-post-thumbnail","6":"product_cat-damske-sportovni-leginy","7":"product_cat-kratke-leginy","8":"pa_cviat-modra","9":"pa_razmer-l-cs","10":"pa_razmer-m-cs","11":"pa_razmer-s-cs-2","12":"inventories-world","14":"first","15":"instock","16":"taxable","17":"shipping-taxable","18":"purchasable","19":"product-type-variable"},"_links":{"self":[{"href":"https:\/\/peach-pump.com\/cs\/wp-json\/wp\/v2\/product\/113795","targetHints":{"allow":["GET"]}}],"collection":[{"href":"https:\/\/peach-pump.com\/cs\/wp-json\/wp\/v2\/product"}],"about":[{"href":"https:\/\/peach-pump.com\/cs\/wp-json\/wp\/v2\/types\/product"}],"replies":[{"embeddable":true,"href":"https:\/\/peach-pump.com\/cs\/wp-json\/wp\/v2\/comments?post=113795"}],"version-history":[{"count":0,"href":"https:\/\/peach-pump.com\/cs\/wp-json\/wp\/v2\/product\/113795\/revisions"}],"wp:featuredmedia":[{"embeddable":true,"href":"https:\/\/peach-pump.com\/cs\/wp-json\/wp\/v2\/media\/112903"}],"wp:attachment":[{"href":"https:\/\/peach-pump.com\/cs\/wp-json\/wp\/v2\/media?parent=113795"}],"wp:term":[{"taxonomy":"product_brand","embeddable":true,"href":"https:\/\/peach-pump.com\/cs\/wp-json\/wp\/v2\/product_brand?post=113795"},{"taxonomy":"product_cat","embeddable":true,"href":"https:\/\/peach-pump.com\/cs\/wp-json\/wp\/v2\/product_cat?post=113795"},{"taxonomy":"product_tag","embeddable":true,"href":"https:\/\/peach-pump.com\/cs\/wp-json\/wp\/v2\/product_tag?post=113795"}],"curies":[{"name":"wp","href":"https:\/\/api.w.org\/{rel}","templated":true}]}}