{"id":111919,"date":"2025-03-29T11:25:34","date_gmt":"2025-03-29T09:25:34","guid":{"rendered":"https:\/\/peach-pump.com\/products\/%d0%b1%d1%8f%d0%bb%d0%be-%d1%81%d0%bf%d0%be%d1%80%d1%82%d0%bd%d0%be-%d1%8f%d0%ba%d0%b5-%d0%bf%d0%be-%d1%82%d1%8f%d0%bb%d0%be%d1%82%d0%be-%d1%81-%d0%ba%d0%b0%d1%87%d1%83%d0%bb%d0%ba%d0%b0\/"},"modified":"2026-03-24T23:50:10","modified_gmt":"2026-03-24T21:50:10","slug":"bila-sportovni-bunda-na-telo","status":"publish","type":"product","link":"https:\/\/peach-pump.com\/cs\/products\/bila-sportovni-bunda-na-telo\/","title":{"rendered":"B\u00edl\u00e1 sportovn\u00ed p\u0159il\u00e9hav\u00e1 bunda s kapuc\u00ed"},"content":{"rendered":"<p>B\u00edl\u00e1 sportovn\u00ed p\u0159il\u00e9hav\u00e1 bunda s kapuc\u00ed, vybaven\u00e1 dv\u011bma nen\u00e1padn\u00fdmi bo\u010dn\u00edmi kapsami na zip. Jej\u00ed st\u0159ih pas zv\u00fdraz\u0148uje, zap\u00edn\u00e1n\u00ed je na zip, n\u00e1pis Peach Pump po cel\u00e9 d\u00e9lce, bo\u010dn\u00ed kapsy , kter\u00e9 se zap\u00ednaj\u00ed na zip a jsou dostate\u010dn\u011b hlubok\u00e9 na ulo\u017een\u00ed telefonu nebo pen\u011b\u017eenky. Bunda je vybavena kapuc\u00ed, kterou lze vep\u0159edu st\u00e1hnout pomoc\u00ed \u0161\u0148\u016frek. Model m\u00e1 ruk\u00e1vy s otvory na palce a vy\u0161i\u00edvan\u00e9 3D logo Peach Pump na rameni. Tkanina je p\u0159\u00edjemn\u00e1 na dotek, nezadr\u017euje vlhkost v t\u011ble , tak\u017ee bunda je ide\u00e1ln\u00ed na b\u011bh, silov\u00fd nebo anaerobn\u00ed tr\u00e9nink a na proch\u00e1zku v parku.    <\/p>\n<ul>\n<li>P\u0159il\u00e9hav\u00fd st\u0159ih<\/li>\n<li>Kapuce s v\u00e1z\u00e1n\u00edm<\/li>\n<li>Ruk\u00e1vy s otvory na palec<\/li>\n<li>P\u0159edn\u00ed zip s n\u00e1pisem Peach Pump po cel\u00e9 d\u00e9lce<\/li>\n<li>Dv\u011b bo\u010dn\u00ed kapsy se zap\u00edn\u00e1n\u00edm na zip<\/li>\n<li>Vy\u0161\u00edvan\u00e9 3D logo Peach Pump na rameni<\/li>\n<li>Tkanina nezadr\u017euje vlhkost v t\u011ble<\/li>\n<\/ul>\n<p>Slo\u017een\u00ed: 85% polyester \/ 25% spandex<\/p>\n<p>Bundu lze pr\u00e1t na 30 stup\u0148\u016f, nepou\u017e\u00edvat b\u011blidla a ne\u010distit chemicky<\/p>\n<p>Modelka na fotografii m\u011b\u0159\u00ed 170 cm, v\u00e1\u017e\u00ed 49 kg a m\u00e1 na sob\u011b velikost S.<\/p>\n","protected":false},"excerpt":{"rendered":"<p>B\u00edl\u00e1 sportovn\u00ed p\u0159il\u00e9hav\u00e1 bunda s kapuc\u00ed, vybaven\u00e1 dv\u011bma nen\u00e1padn\u00fdmi bo\u010dn\u00edmi kapsami na zip. Jej\u00ed st\u0159ih pas zv\u00fdraz\u0148uje, zap\u00edn\u00e1n\u00ed je na zip, n\u00e1pis Peach Pump po cel\u00e9 d\u00e9lce, bo\u010dn\u00ed kapsy , kter\u00e9 se zap\u00ednaj\u00ed na zip a jsou dostate\u010dn\u011b hlubok\u00e9 na ulo\u017een\u00ed telefonu nebo pen\u011b\u017eenky. Bunda je vybavena kapuc\u00ed, kterou lze vep\u0159edu st\u00e1hnout pomoc\u00ed \u0161\u0148\u016frek. Model [&hellip;]<\/p>\n","protected":false},"featured_media":110129,"comment_status":"open","ping_status":"closed","template":"","meta":[],"product_brand":[],"product_cat":[920,1118],"product_tag":[],"class_list":{"0":"post-111919","1":"product","2":"type-product","3":"status-publish","4":"has-post-thumbnail","6":"product_cat-damske-bundy","7":"product_cat-damske-mikiny-s-kapuci","8":"pa_cviat-bily-cs","9":"pa_razmer-l-cs","10":"pa_razmer-m-cs","11":"pa_razmer-s-cs-2","12":"inventories-world","13":"inventories-pl","14":"inventories-uk","16":"first","17":"instock","18":"taxable","19":"shipping-taxable","20":"purchasable","21":"product-type-variable"},"_links":{"self":[{"href":"https:\/\/peach-pump.com\/en\/wp-json\/wp\/v2\/product\/111919","targetHints":{"allow":["GET"]}}],"collection":[{"href":"https:\/\/peach-pump.com\/en\/wp-json\/wp\/v2\/product"}],"about":[{"href":"https:\/\/peach-pump.com\/en\/wp-json\/wp\/v2\/types\/product"}],"replies":[{"embeddable":true,"href":"https:\/\/peach-pump.com\/en\/wp-json\/wp\/v2\/comments?post=111919"}],"version-history":[{"count":1,"href":"https:\/\/peach-pump.com\/en\/wp-json\/wp\/v2\/product\/111919\/revisions"}],"predecessor-version":[{"id":134616,"href":"https:\/\/peach-pump.com\/en\/wp-json\/wp\/v2\/product\/111919\/revisions\/134616"}],"wp:featuredmedia":[{"embeddable":true,"href":"https:\/\/peach-pump.com\/en\/wp-json\/wp\/v2\/media\/110129"}],"wp:attachment":[{"href":"https:\/\/peach-pump.com\/en\/wp-json\/wp\/v2\/media?parent=111919"}],"wp:term":[{"taxonomy":"product_brand","embeddable":true,"href":"https:\/\/peach-pump.com\/en\/wp-json\/wp\/v2\/product_brand?post=111919"},{"taxonomy":"product_cat","embeddable":true,"href":"https:\/\/peach-pump.com\/en\/wp-json\/wp\/v2\/product_cat?post=111919"},{"taxonomy":"product_tag","embeddable":true,"href":"https:\/\/peach-pump.com\/en\/wp-json\/wp\/v2\/product_tag?post=111919"}],"curies":[{"name":"wp","href":"https:\/\/api.w.org\/{rel}","templated":true}]}}