{"id":111893,"date":"2025-03-29T12:00:54","date_gmt":"2025-03-29T10:00:54","guid":{"rendered":"https:\/\/peach-pump.com\/products\/%d1%87%d0%b5%d1%80%d0%b5%d0%bd-%d1%81%d1%83%d0%b8%d1%82%d1%87%d1%8a%d1%80-%d1%81-%d1%86%d0%b8%d0%bf-%d1%81-%d0%bd%d0%b0%d0%b4%d0%bf%d0%b8%d1%81%d0%b8-peach-pump\/"},"modified":"2026-04-04T23:51:00","modified_gmt":"2026-04-04T21:51:00","slug":"cerna-mikina-zip-s-napisy","status":"publish","type":"product","link":"https:\/\/peach-pump.com\/cs\/products\/cerna-mikina-zip-s-napisy\/","title":{"rendered":"\u010cern\u00e1 mikina na zip s n\u00e1pisem Peach Pump"},"content":{"rendered":"<p>\u010cern\u00e1 mikina na zip s n\u00e1pisem Peach Pump po cel\u00e9 d\u00e9lce. Je vybavena vysok\u00fdm l\u00edmcem , ruk\u00e1vy s otvory na palce , klokan\u00ed kapsou vp\u0159edu a 3D vy\u0161\u00edvan\u00fdm logem Peach Pump na rameni. St\u0159ih je voln\u00fd , v pase je elastick\u00fd p\u00e1sek. Mikina je vyrobena z prody\u0161n\u00e9 tkaniny , kter\u00e1 nezadr\u017euje vlhkost v t\u011ble , vhodn\u00e1 na b\u011bh , silov\u00fd a anaerobn\u00ed tr\u00e9nink, na proch\u00e1zku nebo do parku . Lze ji kombinovat s leg\u00ednami a k\u0161iltovkou pro dokonal\u00fd Peach Pump outfit.    <\/p>\n<ul>\n<li>Vysok\u00fd l\u00edmec na zip s n\u00e1pisem Peach Pump po cel\u00e9 d\u00e9lce<\/li>\n<li>Voln\u00fd st\u0159ih<\/li>\n<li>Guma se stahov\u00e1n\u00edm v pase<\/li>\n<li>P\u0159edn\u00ed kapsa<\/li>\n<li>Ruk\u00e1vy s otvory na palec<\/li>\n<li>3D vy\u0161\u00edvan\u00e9 logo Peach Pump na rameni<\/li>\n<li>Tkanina, kter\u00e1 nezadr\u017euje vlhkost v t\u011ble<\/li>\n<\/ul>\n<p>Slo\u017een\u00ed: 74 % bavlna \/ 20 % polyester \/ 6 % spandex.<\/p>\n<p>&nbsp;<\/p>\n<p>Mikinu lze pr\u00e1t p\u0159i teplot\u011b do 30 stup\u0148\u016f, neb\u011blit a ne\u010distit chemicky.<\/p>\n<p>Modelka na fotografii m\u011b\u0159\u00ed 170 cm, v\u00e1\u017e\u00ed 49 kg a m\u00e1 na sob\u011b velikost S.<\/p>\n","protected":false},"excerpt":{"rendered":"<p>\u010cern\u00e1 mikina na zip s n\u00e1pisem Peach Pump po cel\u00e9 d\u00e9lce. Je vybavena vysok\u00fdm l\u00edmcem , ruk\u00e1vy s otvory na palce , klokan\u00ed kapsou vp\u0159edu a 3D vy\u0161\u00edvan\u00fdm logem Peach Pump na rameni. St\u0159ih je voln\u00fd , v pase je elastick\u00fd p\u00e1sek. Mikina je vyrobena z prody\u0161n\u00e9 tkaniny , kter\u00e1 nezadr\u017euje vlhkost v t\u011ble , [&hellip;]<\/p>\n","protected":false},"featured_media":110428,"comment_status":"open","ping_status":"closed","template":"","meta":[],"product_brand":[],"product_cat":[1118,345],"product_tag":[],"class_list":{"0":"post-111893","1":"product","2":"type-product","3":"status-publish","4":"has-post-thumbnail","6":"product_cat-damske-mikiny-s-kapuci","7":"product_cat-damske-sportovni-topy-tilko","8":"pa_cviat-cerna","9":"pa_razmer-l-cs","10":"pa_razmer-m-cs","11":"pa_razmer-s-cs-2","12":"inventories-world","13":"inventories-pl","14":"inventories-uk","16":"first","17":"instock","18":"taxable","19":"shipping-taxable","20":"purchasable","21":"product-type-variable"},"_links":{"self":[{"href":"https:\/\/peach-pump.com\/en\/wp-json\/wp\/v2\/product\/111893","targetHints":{"allow":["GET"]}}],"collection":[{"href":"https:\/\/peach-pump.com\/en\/wp-json\/wp\/v2\/product"}],"about":[{"href":"https:\/\/peach-pump.com\/en\/wp-json\/wp\/v2\/types\/product"}],"replies":[{"embeddable":true,"href":"https:\/\/peach-pump.com\/en\/wp-json\/wp\/v2\/comments?post=111893"}],"version-history":[{"count":1,"href":"https:\/\/peach-pump.com\/en\/wp-json\/wp\/v2\/product\/111893\/revisions"}],"predecessor-version":[{"id":134598,"href":"https:\/\/peach-pump.com\/en\/wp-json\/wp\/v2\/product\/111893\/revisions\/134598"}],"wp:featuredmedia":[{"embeddable":true,"href":"https:\/\/peach-pump.com\/en\/wp-json\/wp\/v2\/media\/110428"}],"wp:attachment":[{"href":"https:\/\/peach-pump.com\/en\/wp-json\/wp\/v2\/media?parent=111893"}],"wp:term":[{"taxonomy":"product_brand","embeddable":true,"href":"https:\/\/peach-pump.com\/en\/wp-json\/wp\/v2\/product_brand?post=111893"},{"taxonomy":"product_cat","embeddable":true,"href":"https:\/\/peach-pump.com\/en\/wp-json\/wp\/v2\/product_cat?post=111893"},{"taxonomy":"product_tag","embeddable":true,"href":"https:\/\/peach-pump.com\/en\/wp-json\/wp\/v2\/product_tag?post=111893"}],"curies":[{"name":"wp","href":"https:\/\/api.w.org\/{rel}","templated":true}]}}