{"id":100354,"date":"2024-12-02T22:29:23","date_gmt":"2024-12-02T20:29:23","guid":{"rendered":"https:\/\/peach-pump.com\/?post_type=product&#038;p=100354"},"modified":"2026-01-23T15:57:47","modified_gmt":"2026-01-23T13:57:47","slug":"kratke-leginy-a-podprsenka-souprava-modra-barva","status":"publish","type":"product","link":"https:\/\/peach-pump.com\/cs\/products\/kratke-leginy-a-podprsenka-souprava-modra-barva\/","title":{"rendered":"Sv\u011btle modr\u00fd set z kr\u00e1tk\u00fdch leg\u00edn a podprsenky"},"content":{"rendered":"<p>Sportovn\u00ed sv\u011btle modr\u00e1 souprava, kr\u00e1tk\u00e9 leg\u00edny a podprsenka, vyroben\u00e1 z pru\u017en\u00e9 a m\u011bkk\u00e9 tkaniny. Skl\u00e1d\u00e1 se z kr\u00e1tk\u00fdch leg\u00edn typu biker shorts z beze\u0161v\u00e9, elastick\u00e9 a m\u011bkk\u00e9 tkaniny. Tento model postavu dokonale tvaruje, je vybaven \u0161irok\u00fdm \u017eebrovan\u00fdm d\u00edlem v pase s n\u00e1pisem Peach Pump, kter\u00fd pas jemn\u011b stahuje. Tkanina leg\u00edn zakr\u00fdv\u00e1 probl\u00e9mov\u00e9 partie, odv\u00e1d\u00ed vlhkost od t\u011bla. Leg\u00edny jsou vybaveny prvky, kter\u00e9 tvaruj\u00ed broskvov\u00fd zade\u010dek pro kr\u00e1snou a p\u016fvabnou siluetu. Podprsenka je vybavena nastaviteln\u00fdmi ram\u00ednky, vycp\u00e1vkami, kter\u00e9 lze vyjmout, m\u016f\u017eete ji nosit pod oble\u010den\u00edm, jej\u00ed design je nen\u00e1padn\u00fd a v n\u00ed budete m\u00edt pocit pohodl\u00ed a volnosti pohybu. Sportovn\u00ed soupravu lze kombinovat s dopl\u0148kem &#8211; kloboukem a bundou stejn\u00e9 zna\u010dky, kter\u00fd dokonale dopln\u00ed v\u00e1\u0161 Peach Pump vzhled.<\/p>\n<p>Podprsenka:<\/p>\n<ul>\n<li> Vycp\u00e1vky, vyj\u00edmateln\u00e9<\/li>\n<li> Push-Up efekt<\/li>\n<li> Nastaviteln\u00e1 ram\u00ednka<\/li>\n<li> Velk\u00e1 pru\u017enost<\/li>\n<li> Tepeln\u00fd potisk loga Peach Pump na boku podprsenky<\/li>\n<li> Tkanina, kter\u00e1 odv\u00e1d\u00ed vlhkost od t\u011bla<\/li>\n<\/ul>\n<p>Leg\u00edny:<\/p>\n<ul>\n<li>Vysok\u00fd pas<\/li>\n<li>Beze\u0161v\u00e1 tkanina<\/li>\n<li>Zvedaj\u00ed, vytvaruj\u00ed, zakr\u00fdvaj\u00ed probl\u00e9mov\u00e9 oblasti<\/li>\n<li>\u017debrovan\u00fd d\u00edl v pase, kter\u00fd pas obep\u00edn\u00e1<\/li>\n<li>Tvaruj\u00edc\u00ed Peach Pump efekt<\/li>\n<li>Tepeln\u00fd potisk loga Peach Pump vp\u0159edu<\/li>\n<li>Bez \u0161vu v p\u0159edn\u00ed \u010d\u00e1sti<\/li>\n<li>Tepeln\u00fd potisk loga Peach Pump na zadn\u00ed stran\u011b leg\u00edn<\/li>\n<li>N\u00e1pis Peach Pump na p\u00e1sku<\/li>\n<li>Tkanina, kter\u00e1 odv\u00e1d\u00ed vlhkost od t\u011bla<\/li>\n<\/ul>\n<p>Slo\u017een\u00ed: 80 % polyester, 20 % elastan<\/p>\n<p>Soupravu lze pr\u00e1t na 30 stup\u0148\u016f, nepou\u017e\u00edvat b\u011blidla a ne\u010distit chemicky.<\/p>\n<p>Modelka na obr\u00e1zku m\u011b\u0159\u00ed 168 cm, v\u00e1\u017e\u00ed 51 kg a m\u00e1 na sob\u011b leg\u00edny velikosti S a podprsenku velikosti S.<\/p>\n<p>Pro v\u00fdb\u011br p\u0159esn\u00e9 velikosti pros\u00edm pou\u017eijte tabulek.<\/p>\n","protected":false},"excerpt":{"rendered":"<p>Sportovn\u00ed sv\u011btle modr\u00e1 souprava, kr\u00e1tk\u00e9 leg\u00edny a podprsenka, vyroben\u00e1 z pru\u017en\u00e9 a m\u011bkk\u00e9 tkaniny. Skl\u00e1d\u00e1 se z kr\u00e1tk\u00fdch leg\u00edn typu biker shorts z beze\u0161v\u00e9, elastick\u00e9 a m\u011bkk\u00e9 tkaniny. Tento model postavu dokonale tvaruje, je vybaven \u0161irok\u00fdm \u017eebrovan\u00fdm d\u00edlem v pase s n\u00e1pisem Peach Pump, kter\u00fd pas jemn\u011b stahuje. Tkanina leg\u00edn zakr\u00fdv\u00e1 probl\u00e9mov\u00e9 partie, odv\u00e1d\u00ed vlhkost [&hellip;]<\/p>\n","protected":false},"featured_media":98141,"comment_status":"open","ping_status":"closed","template":"","meta":[],"product_brand":[],"product_cat":[347,348],"product_tag":[],"class_list":{"0":"post-100354","1":"product","2":"type-product","3":"status-publish","4":"has-post-thumbnail","6":"product_cat-damske-sportovni-outfity","7":"product_cat-kratke-sportovni-outfity-leginy","9":"first","10":"outofstock","11":"taxable","12":"shipping-taxable","13":"purchasable","14":"product-type-yith_bundle"},"_links":{"self":[{"href":"https:\/\/peach-pump.com\/en\/wp-json\/wp\/v2\/product\/100354","targetHints":{"allow":["GET"]}}],"collection":[{"href":"https:\/\/peach-pump.com\/en\/wp-json\/wp\/v2\/product"}],"about":[{"href":"https:\/\/peach-pump.com\/en\/wp-json\/wp\/v2\/types\/product"}],"replies":[{"embeddable":true,"href":"https:\/\/peach-pump.com\/en\/wp-json\/wp\/v2\/comments?post=100354"}],"version-history":[{"count":1,"href":"https:\/\/peach-pump.com\/en\/wp-json\/wp\/v2\/product\/100354\/revisions"}],"predecessor-version":[{"id":105100,"href":"https:\/\/peach-pump.com\/en\/wp-json\/wp\/v2\/product\/100354\/revisions\/105100"}],"wp:featuredmedia":[{"embeddable":true,"href":"https:\/\/peach-pump.com\/en\/wp-json\/wp\/v2\/media\/98141"}],"wp:attachment":[{"href":"https:\/\/peach-pump.com\/en\/wp-json\/wp\/v2\/media?parent=100354"}],"wp:term":[{"taxonomy":"product_brand","embeddable":true,"href":"https:\/\/peach-pump.com\/en\/wp-json\/wp\/v2\/product_brand?post=100354"},{"taxonomy":"product_cat","embeddable":true,"href":"https:\/\/peach-pump.com\/en\/wp-json\/wp\/v2\/product_cat?post=100354"},{"taxonomy":"product_tag","embeddable":true,"href":"https:\/\/peach-pump.com\/en\/wp-json\/wp\/v2\/product_tag?post=100354"}],"curies":[{"name":"wp","href":"https:\/\/api.w.org\/{rel}","templated":true}]}}