{"id":100347,"date":"2024-12-10T18:06:25","date_gmt":"2024-12-10T16:06:25","guid":{"rendered":"https:\/\/peach-pump.com\/products\/cerna-zimni-cepice-2\/"},"modified":"2026-03-15T12:47:24","modified_gmt":"2026-03-15T10:47:24","slug":"cerna-zimni-cepice-2","status":"publish","type":"product","link":"https:\/\/peach-pump.com\/cs\/products\/cerna-zimni-cepice-2\/","title":{"rendered":"\u010cern\u00e1 zimn\u00ed \u010depice typu beanie s vy\u0161it\u00fdm logem"},"content":{"rendered":"<p>\u010cern\u00e1 zimn\u00ed \u010depice z kolekce Peach Pump s vy\u0161it\u00fdm 3D logem vp\u0159edu. \u010cepice m\u00e1 elastick\u00e9 proveden\u00ed z mimo\u0159\u00e1dn\u011b m\u011bkk\u00e9 a na dotek p\u0159\u00edjemn\u00e9 tkaniny. P\u0159ehyb ve spodn\u00ed \u010d\u00e1sti d\u00e1le chr\u00e1n\u00ed p\u0159ed prochladnut\u00edm. \u010cepice je k dispozici v r\u016fzn\u00fdch barv\u00e1ch aktu\u00e1ln\u00ed na tuto sez\u00f3nu. Tento model bude dokonalo\u00fdm dopl\u0148kem va\u0161eho outfitu v chladn\u00fdch dnech.    <\/p>\n<ul>\n<li>Pru\u017en\u00e1, m\u011bkk\u00e1 tkanina<\/li>\n<li>Vy\u0161\u00edvan\u00e9 3D logo vp\u0159edu<\/li>\n<li>Modern\u00ed design<\/li>\n<li>St\u0159edn\u011b siln\u00fd oplet<\/li>\n<\/ul>\n","protected":false},"excerpt":{"rendered":"<p>\u010cern\u00e1 zimn\u00ed \u010depice z kolekce Peach Pump s vy\u0161it\u00fdm 3D logem vp\u0159edu. \u010cepice m\u00e1 elastick\u00e9 proveden\u00ed z mimo\u0159\u00e1dn\u011b m\u011bkk\u00e9 a na dotek p\u0159\u00edjemn\u00e9 tkaniny. P\u0159ehyb ve spodn\u00ed \u010d\u00e1sti d\u00e1le chr\u00e1n\u00ed p\u0159ed prochladnut\u00edm. \u010cepice je k dispozici v r\u016fzn\u00fdch barv\u00e1ch aktu\u00e1ln\u00ed na tuto sez\u00f3nu. Tento model bude dokonalo\u00fdm dopl\u0148kem va\u0161eho outfitu v chladn\u00fdch dnech. Pru\u017en\u00e1, m\u011bkk\u00e1 [&hellip;]<\/p>\n","protected":false},"featured_media":98788,"comment_status":"open","ping_status":"closed","template":"","meta":[],"product_brand":[],"product_cat":[791],"product_tag":[],"class_list":{"0":"post-100347","1":"product","2":"type-product","3":"status-publish","4":"has-post-thumbnail","6":"product_cat-doplnky","7":"pa_cviat-cerna","8":"pa_razmer-jedna-velikost","9":"inventories-world","10":"inventories-pl","11":"inventories-uk","13":"first","14":"instock","15":"taxable","16":"shipping-taxable","17":"purchasable","18":"product-type-variable"},"_links":{"self":[{"href":"https:\/\/peach-pump.com\/cs\/wp-json\/wp\/v2\/product\/100347","targetHints":{"allow":["GET"]}}],"collection":[{"href":"https:\/\/peach-pump.com\/cs\/wp-json\/wp\/v2\/product"}],"about":[{"href":"https:\/\/peach-pump.com\/cs\/wp-json\/wp\/v2\/types\/product"}],"replies":[{"embeddable":true,"href":"https:\/\/peach-pump.com\/cs\/wp-json\/wp\/v2\/comments?post=100347"}],"version-history":[{"count":1,"href":"https:\/\/peach-pump.com\/cs\/wp-json\/wp\/v2\/product\/100347\/revisions"}],"predecessor-version":[{"id":133636,"href":"https:\/\/peach-pump.com\/cs\/wp-json\/wp\/v2\/product\/100347\/revisions\/133636"}],"wp:featuredmedia":[{"embeddable":true,"href":"https:\/\/peach-pump.com\/cs\/wp-json\/wp\/v2\/media\/98788"}],"wp:attachment":[{"href":"https:\/\/peach-pump.com\/cs\/wp-json\/wp\/v2\/media?parent=100347"}],"wp:term":[{"taxonomy":"product_brand","embeddable":true,"href":"https:\/\/peach-pump.com\/cs\/wp-json\/wp\/v2\/product_brand?post=100347"},{"taxonomy":"product_cat","embeddable":true,"href":"https:\/\/peach-pump.com\/cs\/wp-json\/wp\/v2\/product_cat?post=100347"},{"taxonomy":"product_tag","embeddable":true,"href":"https:\/\/peach-pump.com\/cs\/wp-json\/wp\/v2\/product_tag?post=100347"}],"curies":[{"name":"wp","href":"https:\/\/api.w.org\/{rel}","templated":true}]}}