{"id":41675,"date":"2022-09-21T07:39:42","date_gmt":"2022-09-21T05:39:42","guid":{"rendered":"https:\/\/peach-pump.com\/vymena-a-vraceni-zbozi\/"},"modified":"2025-09-02T16:51:42","modified_gmt":"2025-09-02T14:51:42","slug":"vymena-a-vraceni-zbozi","status":"publish","type":"page","link":"https:\/\/peach-pump.com\/cs\/vymena-a-vraceni-zbozi\/","title":{"rendered":"V\u00ddM\u011aNA A VR\u00c1CEN\u00cd ZBO\u017d\u00cd"},"content":{"rendered":"\t\t<div data-elementor-type=\"wp-page\" data-elementor-id=\"41675\" class=\"elementor elementor-41675 elementor-20392\" data-elementor-post-type=\"page\">\n\t\t\t\t<div class=\"elementor-element elementor-element-0bdd6ac e-con-full e-flex e-con e-parent\" data-id=\"0bdd6ac\" data-element_type=\"container\">\n\t\t\t\t<div class=\"elementor-element elementor-element-3551429 elementor-widget elementor-widget-text-editor\" data-id=\"3551429\" data-element_type=\"widget\" data-widget_type=\"text-editor.default\">\n\t\t\t\t<div class=\"elementor-widget-container\">\n\t\t\t\t\t\t\t\t\t<h2 class=\"wp-block-heading\"><strong>V\u00ddM\u011aNA A VR\u00c1CEN\u00cd ZBO\u017d\u00cd<\/strong><\/h2>\t\t\t\t\t\t\t\t<\/div>\n\t\t\t\t<\/div>\n\t\t\t\t<div class=\"elementor-element elementor-element-d330f9d elementor-widget__width-initial elementor-widget elementor-widget-shortcode\" data-id=\"d330f9d\" data-element_type=\"widget\" data-widget_type=\"shortcode.default\">\n\t\t\t\t<div class=\"elementor-widget-container\">\n\t\t\t\t\t\t\t<div class=\"elementor-shortcode\"><p class=\"wpcf7-contact-form-not-found\"><strong>Error:<\/strong> Contact form not found.<\/p><\/div>\n\t\t\t\t\t\t<\/div>\n\t\t\t\t<\/div>\n\t\t\t\t<\/div>\n\t\t<div class=\"elementor-element elementor-element-734bd85 e-con-full e-flex e-con e-parent\" data-id=\"734bd85\" data-element_type=\"container\">\n\t\t\t\t<div class=\"elementor-element elementor-element-0402aea elementor-widget__width-initial elementor-widget elementor-widget-text-editor\" data-id=\"0402aea\" data-element_type=\"widget\" data-widget_type=\"text-editor.default\">\n\t\t\t\t<div class=\"elementor-widget-container\">\n\t\t\t\t\t\t\t\t\t<h2 data-start=\"87\" data-end=\"120\">Z\u00e1sady vr\u00e1cen\u00ed a v\u00fdm\u011bny<\/h2><p data-start=\"122\" data-end=\"294\">Na\u0161\u00ed prioritou je, aby byli na\u0161i z\u00e1kazn\u00edci s n\u00e1kupem zcela spokojeni.<br data-start=\"202\" data-end=\"205\">M\u00e1te pr\u00e1vo vr\u00e1tit nebo vym\u011bnit zbo\u017e\u00ed do <strong data-start=\"262\" data-end=\"272\">30 dn\u016f <\/strong>od jeho p\u0159evzet\u00ed.<\/p><h3 data-start=\"296\" data-end=\"338\">Jak vr\u00e1tit nebo vym\u011bnit produkt:<\/h3><ul data-start=\"339\" data-end=\"705\"><li data-start=\"339\" data-end=\"437\"><p data-start=\"341\" data-end=\"437\">Kontaktujte n\u00e1s pros\u00edm prost\u0159ednictv\u00edm platformy a n\u00e1\u0161 kolega v\u00e1m poskytne podrobn\u00e9 informace o jednotliv\u00fdch kroc\u00edch.<\/p><\/li><li data-start=\"438\" data-end=\"550\"><p data-start=\"440\" data-end=\"550\">Je pot\u0159eba uv\u00e9st<strong data-start=\"452\" data-end=\"476\"> \u010d\u00edslo objedn\u00e1vky <\/strong>\u2013 6m\u00edstn\u00fd k\u00f3d zaslan\u00fd na v\u00e1\u0161 e-mail (zkontrolujte i slo\u017eku \u201eSpam\u201c).<br>Podle konkr\u00e9tn\u00ed situace v\u00e1m za\u0161leme kur\u00fdra, kter\u00fd z\u00e1silku vyzvedne, nebo obdr\u017e\u00edte zp\u011btn\u00fd \u0161t\u00edtek, kter\u00fd pou\u017eijete p\u0159i odesl\u00e1n\u00ed.<\/p><\/li><li data-start=\"551\" data-end=\"705\"><p data-start=\"553\" data-end=\"705\"><span style=\"color: #222222; font-size: 24px; font-weight: 600; letter-spacing: 0px; text-wrap-mode: initial;\">Podm\u00ednky vr\u00e1cen\u00ed:<\/span><\/p><\/li><\/ul><ul data-start=\"733\" data-end=\"1105\"><li data-start=\"733\" data-end=\"820\"><p data-start=\"735\" data-end=\"820\">Produkt mus\u00ed b\u00fdt v p\u016fvodn\u00edm stavu, bez zn\u00e1mek no\u0161en\u00ed, pran\u00ed nebo pou\u017eit\u00ed.<\/p><\/li><li data-start=\"821\" data-end=\"904\"><p data-start=\"823\" data-end=\"904\">V\u0161echny visa\u010dky a obaly mus\u00ed b\u00fdt zachov\u00e1ny a vr\u00e1ceny spole\u010dn\u011b s produktem.<\/p><\/li><li data-start=\"905\" data-end=\"995\"><p data-start=\"907\" data-end=\"995\">Nep\u0159ij\u00edm\u00e1me zbo\u017e\u00ed, kter\u00e9 bylo \u00famysln\u011b po\u0161kozeno nebo nese zn\u00e1mky nespr\u00e1vn\u00e9ho pou\u017e\u00edv\u00e1n\u00ed.<\/p><\/li><li data-start=\"996\" data-end=\"1105\"><p data-start=\"998\" data-end=\"1105\">P\u0159ij\u00edm\u00e1me vr\u00e1cen\u00ed jak vadn\u00e9ho, tak i bezvadn\u00e9ho zbo\u017e\u00ed, pokud jsou spln\u011bny podm\u00ednky vr\u00e1cen\u00ed.<\/p><\/li><\/ul><h3 data-start=\"1107\" data-end=\"1120\">V\u00fdm\u011bna:<\/h3><ul data-start=\"1121\" data-end=\"1307\"><li data-start=\"1121\" data-end=\"1206\"><p data-start=\"1123\" data-end=\"1206\">Produkt m\u016f\u017eete vym\u011bnit za stejn\u00fd model v jin\u00e9 velikosti nebo barv\u011b, pokud je dostupn\u00fd.<\/p><\/li><li data-start=\"1207\" data-end=\"1307\"><p data-start=\"1209\" data-end=\"1307\">Pokud si p\u0159ejete v\u00fdm\u011bnu za jin\u00fd produkt \u2013 v p\u0159\u00edpad\u011b rozd\u00edlu v cen\u011b se \u010d\u00e1stka doplat\u00ed nebo vr\u00e1t\u00ed.<\/p><\/li><\/ul><h3 data-start=\"1309\" data-end=\"1338\">Vr\u00e1cen\u00ed pen\u011bz:<\/h3><ul data-start=\"1339\" data-end=\"1529\"><li data-start=\"1339\" data-end=\"1463\"><p data-start=\"1341\" data-end=\"1463\">Po obdr\u017een\u00ed a schv\u00e1len\u00ed vr\u00e1cen\u00e9ho produktu budou pen\u00edze vr\u00e1ceny do <strong data-start=\"1428\" data-end=\"1460\">14 pracovn\u00edch dn\u016f bankovn\u00edm p\u0159evodem.<br> <\/strong><\/p><\/li><li data-start=\"1464\" data-end=\"1529\"><p data-start=\"1466\" data-end=\"1529\">Ve v\u011bt\u0161in\u011b p\u0159\u00edpad\u016f prob\u011bhne vr\u00e1cen\u00ed pen\u011bz v\u00fdrazn\u011b rychleji.<\/p><\/li><\/ul><p> <\/p><p data-start=\"1531\" data-end=\"1628\">N\u00e1\u0161 t\u00fdm je v\u00e1m v\u017edy k dispozici pro va\u0161e dotazy a s radost\u00ed v\u00e1m pom\u016f\u017ee. \u2764\ufe0f<\/p>\t\t\t\t\t\t\t\t<\/div>\n\t\t\t\t<\/div>\n\t\t\t\t<\/div>\n\t\t\t\t<\/div>\n\t\t","protected":false},"excerpt":{"rendered":"<p>V\u00ddM\u011aNA A VR\u00c1CEN\u00cd ZBO\u017d\u00cd Z\u00e1sady vr\u00e1cen\u00ed a v\u00fdm\u011bny Na\u0161\u00ed prioritou je, aby byli na\u0161i z\u00e1kazn\u00edci s n\u00e1kupem zcela spokojeni.M\u00e1te pr\u00e1vo vr\u00e1tit nebo vym\u011bnit zbo\u017e\u00ed do 30 dn\u016f od jeho p\u0159evzet\u00ed. Jak vr\u00e1tit nebo vym\u011bnit produkt: Kontaktujte n\u00e1s pros\u00edm prost\u0159ednictv\u00edm platformy a n\u00e1\u0161 kolega v\u00e1m poskytne podrobn\u00e9 informace o jednotliv\u00fdch kroc\u00edch. Je pot\u0159eba uv\u00e9st \u010d\u00edslo objedn\u00e1vky [&hellip;]<\/p>\n","protected":false},"author":1,"featured_media":0,"parent":0,"menu_order":0,"comment_status":"closed","ping_status":"closed","template":"","meta":{"footnotes":""},"class_list":["post-41675","page","type-page","status-publish","hentry"],"_links":{"self":[{"href":"https:\/\/peach-pump.com\/en\/wp-json\/wp\/v2\/pages\/41675","targetHints":{"allow":["GET"]}}],"collection":[{"href":"https:\/\/peach-pump.com\/en\/wp-json\/wp\/v2\/pages"}],"about":[{"href":"https:\/\/peach-pump.com\/en\/wp-json\/wp\/v2\/types\/page"}],"author":[{"embeddable":true,"href":"https:\/\/peach-pump.com\/en\/wp-json\/wp\/v2\/users\/1"}],"replies":[{"embeddable":true,"href":"https:\/\/peach-pump.com\/en\/wp-json\/wp\/v2\/comments?post=41675"}],"version-history":[{"count":16,"href":"https:\/\/peach-pump.com\/en\/wp-json\/wp\/v2\/pages\/41675\/revisions"}],"predecessor-version":[{"id":128296,"href":"https:\/\/peach-pump.com\/en\/wp-json\/wp\/v2\/pages\/41675\/revisions\/128296"}],"wp:attachment":[{"href":"https:\/\/peach-pump.com\/en\/wp-json\/wp\/v2\/media?parent=41675"}],"curies":[{"name":"wp","href":"https:\/\/api.w.org\/{rel}","templated":true}]}}