{"id":36407,"date":"2022-05-17T21:44:58","date_gmt":"2022-05-17T19:44:58","guid":{"rendered":"https:\/\/peach-pump.com\/zasady-ochrany-osobnich-udaju\/"},"modified":"2025-02-10T17:16:37","modified_gmt":"2025-02-10T15:16:37","slug":"zasady-ochrany-osobnich-udaju","status":"publish","type":"page","link":"https:\/\/peach-pump.com\/cs\/zasady-ochrany-osobnich-udaju\/","title":{"rendered":"Z\u00c1SADY OCHRANY OSOBN\u00cdCH \u00daDAJ\u016e"},"content":{"rendered":"\t\t<div data-elementor-type=\"wp-page\" data-elementor-id=\"36407\" class=\"elementor elementor-36407 elementor-3\" data-elementor-post-type=\"page\">\n\t\t\t\t<div class=\"elementor-element elementor-element-cf3d95c e-flex e-con-boxed e-con e-parent\" data-id=\"cf3d95c\" data-element_type=\"container\">\n\t\t\t\t\t<div class=\"e-con-inner\">\n\t\t\t\t<div class=\"elementor-element elementor-element-1dca528d elementor-widget elementor-widget-text-editor\" data-id=\"1dca528d\" data-element_type=\"widget\" data-widget_type=\"text-editor.default\">\n\t\t\t\t<div class=\"elementor-widget-container\">\n\t\t\t\t\t\t\t\t\t<p><strong>Informace o spr\u00e1vci \u00fadaj\u016f:<\/strong><\/p>\n<p>&#8220;Peach Pump&#8221; Ltd. je spole\u010dnost zapsan\u00e1 podle obchodn\u00edho pr\u00e1va Bulharsk\u00e9 republiky s UIC 206826362, adresa ve m\u011bst\u011b. Varna, ul. &#8220;Graf Ignatiev&#8221; 32, e-mailov\u00e1 adresa: office@peach-pump.com,<\/p>\n<p>&nbsp;Peach Pump pracuje v souladu se z\u00e1konem o ochran\u011b osobn\u00edch \u00fadaj\u016f a na\u0159\u00edzen\u00edm Evropsk\u00e9ho parlamentu a Rady (EU) 2016\/679 ze dne 27. dubna 2016 (&#8220;obecn\u00e9 na\u0159\u00edzen\u00ed EU o ochran\u011b osobn\u00edch \u00fadaj\u016f&#8221; nebo &#8220;GDPR&#8221;).<\/p>\n<p>\u00da\u010dely, pro kter\u00e9 spole\u010dnost Peach Pump shroma\u017e\u010fuje a zpracov\u00e1v\u00e1 va\u0161e osobn\u00ed \u00fadaje:<\/p>\n<ul>\n<li>za \u00fa\u010delem pln\u011bn\u00ed z\u00e1vazk\u016f vypl\u00fdvaj\u00edc\u00edch ze smlouvy.<\/li>\n<li>\u00fa\u010detn\u00ed a obchodn\u00ed \u00fa\u010dely<\/li>\n<li>Marketing<\/li>\n<li>zjistit va\u0161i identitu;<\/li>\n<li>odhalovat protipr\u00e1vn\u00ed jedn\u00e1n\u00ed nebo jedn\u00e1n\u00ed v rozporu s na\u0161imi podm\u00ednkami a\/nebo mu p\u0159edch\u00e1zet.<\/li>\n<li>ochrana bezpe\u010dnosti informac\u00ed<\/li>\n<li>zaji\u0161t\u011bn\u00ed funk\u010dnosti na\u0161ich webov\u00fdch str\u00e1nek;<\/li>\n<li>vytvo\u0159en\u00ed profilu pro pou\u017e\u00edv\u00e1n\u00ed slu\u017eby &#8211; za \u00fa\u010delem identifikace a poskytov\u00e1n\u00ed slu\u017eby;<\/li>\n<li>nab\u00edz\u00edme registraci va\u0161eho \u00fa\u010dtu Peach Pump prost\u0159ednictv\u00edm va\u0161eho profilu na Facebooku. Z\u00e1sady ochrany osobn\u00edch \u00fadaj\u016f spole\u010dnosti Facebook si m\u016f\u017eete prohl\u00e9dnout na t\u011bchto odkazech:<\/li>\n<\/ul>\n<p><a href=\"https:\/\/www.facebook.com\/about\/privacy\" target=\"_blank\" rel=\"noopener\">https:\/\/www.facebook.com\/about\/privacy<\/a><\/p>\n<p>Spole\u010dnost Peach Pump shroma\u017e\u010fuje a zpracov\u00e1v\u00e1 n\u00e1sleduj\u00edc\u00ed osobn\u00ed \u00fadaje: jm\u00e9no, adresu, e-mail, telefonn\u00ed \u010d\u00edslo, IP adresu atd., kter\u00e9 jsou shroma\u017e\u010fov\u00e1ny za \u00fa\u010delem identifikace.<\/p>\n<p>Sv\u00e9 osobn\u00ed \u00fadaje m\u016f\u017eete vymazat zde: <a href=\"https:\/\/peach-pump.com\/cs\/odstraneni-osobnich-udaju\/\">Vymaz\u00e1n\u00ed osobn\u00edch \u00fadaj\u016f &#8211; Peach Pump (peach-pump.com)<\/a>&nbsp; &nbsp;<\/p>\t\t\t\t\t\t\t\t<\/div>\n\t\t\t\t<\/div>\n\t\t\t\t\t<\/div>\n\t\t\t\t<\/div>\n\t\t\t\t<\/div>\n\t\t","protected":false},"excerpt":{"rendered":"<p>Informace o spr\u00e1vci \u00fadaj\u016f: &#8220;Peach Pump&#8221; Ltd. je spole\u010dnost zapsan\u00e1 podle obchodn\u00edho pr\u00e1va Bulharsk\u00e9 republiky s UIC 206826362, adresa ve m\u011bst\u011b. Varna, ul. &#8220;Graf Ignatiev&#8221; 32, e-mailov\u00e1 adresa: office@peach-pump.com, &nbsp;Peach Pump pracuje v souladu se z\u00e1konem o ochran\u011b osobn\u00edch \u00fadaj\u016f a na\u0159\u00edzen\u00edm Evropsk\u00e9ho parlamentu a Rady (EU) 2016\/679 ze dne 27. dubna 2016 (&#8220;obecn\u00e9 na\u0159\u00edzen\u00ed [&hellip;]<\/p>\n","protected":false},"author":1,"featured_media":0,"parent":0,"menu_order":0,"comment_status":"closed","ping_status":"closed","template":"","meta":{"footnotes":""},"class_list":["post-36407","page","type-page","status-publish","hentry"],"_links":{"self":[{"href":"https:\/\/peach-pump.com\/en\/wp-json\/wp\/v2\/pages\/36407","targetHints":{"allow":["GET"]}}],"collection":[{"href":"https:\/\/peach-pump.com\/en\/wp-json\/wp\/v2\/pages"}],"about":[{"href":"https:\/\/peach-pump.com\/en\/wp-json\/wp\/v2\/types\/page"}],"author":[{"embeddable":true,"href":"https:\/\/peach-pump.com\/en\/wp-json\/wp\/v2\/users\/1"}],"replies":[{"embeddable":true,"href":"https:\/\/peach-pump.com\/en\/wp-json\/wp\/v2\/comments?post=36407"}],"version-history":[{"count":5,"href":"https:\/\/peach-pump.com\/en\/wp-json\/wp\/v2\/pages\/36407\/revisions"}],"predecessor-version":[{"id":105764,"href":"https:\/\/peach-pump.com\/en\/wp-json\/wp\/v2\/pages\/36407\/revisions\/105764"}],"wp:attachment":[{"href":"https:\/\/peach-pump.com\/en\/wp-json\/wp\/v2\/media?parent=36407"}],"curies":[{"name":"wp","href":"https:\/\/api.w.org\/{rel}","templated":true}]}}